{"id":770368,"date":"2025-08-28T14:27:17","date_gmt":"2025-08-28T11:27:17","guid":{"rendered":"https:\/\/roveyayinevi.com.tr\/index.php\/urun\/bir-dusunce-yolculugu\/"},"modified":"2026-04-15T03:36:39","modified_gmt":"2026-04-15T00:36:39","slug":"bir-dusunce-yolculugu","status":"publish","type":"product","link":"https:\/\/roveyayinevi.com.tr\/index.php\/urun\/bir-dusunce-yolculugu\/","title":{"rendered":"Bir D\u00fc\u015f\u00fcnce Yolculu\u011fu"},"content":{"rendered":"<p>Modernizmden sonra ya\u015fan\u0131lan son y\u00fczy\u0131l\u0131 \u201cdijital modernizm\u201d olarak adland\u0131r\u0131rsak, her t\u00fcrl\u00fc ger\u00e7ekliklerin yeniden tan\u0131mlanmas\u0131 gerekecektir. Baz\u0131 sosyal kavramlar\u0131n, alg\u0131lar\u0131n, de\u011ferlerin, istek ve ideallerin de\u011fi\u015fimi g\u00f6z ard\u0131 edilemez. Ancak her t\u00fcrl\u00fc de\u011fi\u015fime uyum sa\u011flamada zorlanmayan insano\u011flu bu de\u011fi\u015fime de uyum sa\u011flam\u0131\u015f ve halinden ho\u015fnut g\u00f6r\u00fcnmektedir. Dijitalle\u015fme ile daha kolay ve daha mutlu ya\u015fad\u0131\u011f\u0131n\u0131 zanneden \u00e7a\u011f insan\u0131n\u0131n ger\u00e7ekte ne kadar mutlu oldu\u011fu \u00fczerinde d\u00fc\u015f\u00fcn\u00fclmelidir. \u201cMutlulu\u011fun maddi geli\u015fme ve refahla b\u00fcy\u00fck \u00f6l\u00e7\u00fcde ba\u011flant\u0131l\u0131 oldu\u011fu \u015f\u00fcphesizdir. Ancak aralar\u0131nda bire bir denklemsel ili\u015fkinin olmad\u0131\u011f\u0131n\u0131 \u00e7o\u011fumuz biliriz\u2026\u201d Sosyal ve psikolojik olarak ya\u015fanan \u00e7a\u011f\u0131n gereklerine uygun hareket etmek \u201csanal mutluluk\u201d \u015femsiyesi alt\u0131na s\u0131\u011f\u0131nmakt\u0131r. Yukar\u0131dan ne ya\u011fd\u0131\u011f\u0131na bak\u0131lmaks\u0131z\u0131n s\u0131\u011f\u0131n\u0131lan bu d\u00fcnya, fiziksel varl\u0131\u011f\u0131 olmayan ancak fiziksel varolma alg\u0131s\u0131 yaratan yaln\u0131zl\u0131k ger\u00e7e\u011finin d\u00fcnyas\u0131 gibidir. Bu kitap insan, e\u011fitim ve teknoloji konular\u0131nda ele al\u0131nan yaz\u0131larla sizleri bir d\u00fc\u015f\u00fcnce yolculu\u011funa \u00e7\u0131karacak ve yeni d\u00fc\u015f\u00fcncelerin kap\u0131lar\u0131n\u0131 a\u00e7acakt\u0131r. <\/p>\n","protected":false},"excerpt":{"rendered":"<p>Modernizmden sonra ya\u015fan\u0131lan son y\u00fczy\u0131l\u0131 \u201cdijital modernizm\u201d olarak adland\u0131r\u0131rsak, her t\u00fcrl\u00fc ger\u00e7ekliklerin yeniden tan\u0131mlanmas\u0131 gerekecektir. Baz\u0131 sosyal kavramlar\u0131n, alg\u0131lar\u0131n, de\u011ferlerin, istek ve ideallerin de\u011fi\u015fimi g\u00f6z ard\u0131<span class=\"excerpt-hellip\"> [\u2026]<\/span><\/p>\n","protected":false},"featured_media":0,"template":"","meta":{"_monsterinsights_skip_tracking":false,"_monsterinsights_sitenote_active":false,"_monsterinsights_sitenote_note":"","_monsterinsights_sitenote_category":0},"product_brand":[],"product_cat":[12777,12291],"product_tag":[],"class_list":{"0":"post-770368","1":"product","2":"type-product","3":"status-publish","5":"product_cat-deneme","6":"product_cat-edebiyat","7":"pa_cilt-ciltsiz","8":"pa_tur-kitap","9":"pa_yayinevi-kamutay-yayinlari","10":"pa_yazar-ayse-parmaksiz","12":"first","13":"instock","14":"sale","15":"shipping-taxable","16":"purchasable","17":"product-type-simple"},"_links":{"self":[{"href":"https:\/\/roveyayinevi.com.tr\/index.php\/wp-json\/wp\/v2\/product\/770368","targetHints":{"allow":["GET"]}}],"collection":[{"href":"https:\/\/roveyayinevi.com.tr\/index.php\/wp-json\/wp\/v2\/product"}],"about":[{"href":"https:\/\/roveyayinevi.com.tr\/index.php\/wp-json\/wp\/v2\/types\/product"}],"wp:attachment":[{"href":"https:\/\/roveyayinevi.com.tr\/index.php\/wp-json\/wp\/v2\/media?parent=770368"}],"wp:term":[{"taxonomy":"product_brand","embeddable":true,"href":"https:\/\/roveyayinevi.com.tr\/index.php\/wp-json\/wp\/v2\/product_brand?post=770368"},{"taxonomy":"product_cat","embeddable":true,"href":"https:\/\/roveyayinevi.com.tr\/index.php\/wp-json\/wp\/v2\/product_cat?post=770368"},{"taxonomy":"product_tag","embeddable":true,"href":"https:\/\/roveyayinevi.com.tr\/index.php\/wp-json\/wp\/v2\/product_tag?post=770368"}],"curies":[{"name":"wp","href":"https:\/\/api.w.org\/{rel}","templated":true}]}}