{"id":770366,"date":"2025-08-28T14:27:14","date_gmt":"2025-08-28T11:27:14","guid":{"rendered":"https:\/\/roveyayinevi.com.tr\/index.php\/urun\/yitip-giden-kulturel-miras\/"},"modified":"2026-04-15T03:36:39","modified_gmt":"2026-04-15T00:36:39","slug":"yitip-giden-kulturel-miras","status":"publish","type":"product","link":"https:\/\/roveyayinevi.com.tr\/index.php\/urun\/yitip-giden-kulturel-miras\/","title":{"rendered":"Yitip Giden K\u00fclt\u00fcrel Miras"},"content":{"rendered":"<p>Akdeniz\u2019in incisi K\u0131br\u0131s, \u00fc\u00e7 k\u0131tan\u0131n bulu\u015fma noktas\u0131, binlerce y\u0131ll\u0131k medeniyetlerin kutsal be\u015fi\u011fi\u2026 Bu kadim ada, t\u0131pk\u0131 Anadolu ve di\u011fer b\u00fcy\u00fck medeniyetler gibi, insanl\u0131k tarihinin en temel kayg\u0131lar\u0131ndan birini ta\u015f\u0131yor: K\u00fclt\u00fcrel miras\u0131n\u0131 korumak, insanl\u0131\u011f\u0131n e\u015fsiz zenginliklerini s\u00fcrd\u00fcr\u00fclebilir bir \u015fekilde koruman\u0131n, insanl\u0131\u011f\u0131n en \u00f6nemli sorumluluklar\u0131ndan biri oldu\u011funu t\u00fcm insanl\u0131\u011fa kabul ettirebilmek. Tarihin i\u00e7erisinde k\u00fclt\u00fcrel miras\u0131n korunmas\u0131 u\u011fruna at\u0131lan ad\u0131mlar, yaln\u0131zca ulusal \u00e7er\u00e7evede de\u011fil, uluslararas\u0131 arenada da k\u00f6kl\u00fc bir d\u00f6n\u00fc\u015f\u00fcme sahne olmu\u015ftur. Yitip Giden K\u00fclt\u00fcrel Miras isimli bu eser, k\u00fclt\u00fcrel miras\u0131n korunmas\u0131 ve restorasyonu alan\u0131nda zaman i\u00e7inde filizlenen \u00e7abalar\u0131 tarihsel bir perspektifle ele almakla kalm\u0131yor; bilimsel yakla\u015f\u0131mlar\u0131n nas\u0131l evrildi\u011fini, insano\u011flunun bu kutsal g\u00f6reve nas\u0131l daha bilin\u00e7le e\u011fildi\u011fini g\u00f6zler \u00f6n\u00fcne seriyor. Ge\u00e7mi\u015fin yitip gitmesine izin vermemek, bu u\u011furda harcanan \u00e7abalar\u0131n kutsall\u0131\u011f\u0131n\u0131 bir kez daha bizlere hat\u0131rlat\u0131yor. Bu kitap, yaln\u0131zca ge\u00e7mi\u015fin yank\u0131lar\u0131na dikkat \u00e7ekmekle yetinmiyor; ayn\u0131 zamanda k\u00fclt\u00fcrel mirasa dair yeni sorular sormaya, yenilik\u00e7i y\u00f6ntemler geli\u015ftirmeye, bu miras\u0131 koruma ad\u0131na yeni bir heyecan yaratma ve ilham kayna\u011f\u0131 olmay\u0131 hedefliyor. Yitip Giden K\u00fclt\u00fcrel Miras, insan\u0131n varolu\u015funa anlam kazand\u0131ran medeniyetlerin ortak kayg\u0131s\u0131n\u0131 sahiplenmek ve k\u00fclt\u00fcrel miras\u0131n sonsuzlu\u011fa uzanan k\u00f6pr\u00fcs\u00fcn\u00fc kurmak ad\u0131na verilen \u00e7abalar\u0131n ortak \u00fcr\u00fcn\u00fc olarak okuyucu ile bulu\u015fuyor.<\/p>\n","protected":false},"excerpt":{"rendered":"<p>Akdeniz\u2019in incisi K\u0131br\u0131s, \u00fc\u00e7 k\u0131tan\u0131n bulu\u015fma noktas\u0131, binlerce y\u0131ll\u0131k medeniyetlerin kutsal be\u015fi\u011fi\u2026 Bu kadim ada, t\u0131pk\u0131 Anadolu ve di\u011fer b\u00fcy\u00fck medeniyetler gibi, insanl\u0131k tarihinin en temel<span class=\"excerpt-hellip\"> [\u2026]<\/span><\/p>\n","protected":false},"featured_media":0,"template":"","meta":{"_monsterinsights_skip_tracking":false,"_monsterinsights_sitenote_active":false,"_monsterinsights_sitenote_note":"","_monsterinsights_sitenote_category":0},"product_brand":[],"product_cat":[52477,52478],"product_tag":[],"class_list":{"0":"post-770366","1":"product","2":"type-product","3":"status-publish","5":"product_cat-arastirma","6":"product_cat-arkeoloji","7":"pa_cilt-ciltsiz","8":"pa_tur-kitap","9":"pa_yayinevi-ideal-kultur-akademik","10":"pa_yazar-kolektif","12":"first","13":"instock","14":"sale","15":"shipping-taxable","16":"purchasable","17":"product-type-simple"},"_links":{"self":[{"href":"https:\/\/roveyayinevi.com.tr\/index.php\/wp-json\/wp\/v2\/product\/770366","targetHints":{"allow":["GET"]}}],"collection":[{"href":"https:\/\/roveyayinevi.com.tr\/index.php\/wp-json\/wp\/v2\/product"}],"about":[{"href":"https:\/\/roveyayinevi.com.tr\/index.php\/wp-json\/wp\/v2\/types\/product"}],"wp:attachment":[{"href":"https:\/\/roveyayinevi.com.tr\/index.php\/wp-json\/wp\/v2\/media?parent=770366"}],"wp:term":[{"taxonomy":"product_brand","embeddable":true,"href":"https:\/\/roveyayinevi.com.tr\/index.php\/wp-json\/wp\/v2\/product_brand?post=770366"},{"taxonomy":"product_cat","embeddable":true,"href":"https:\/\/roveyayinevi.com.tr\/index.php\/wp-json\/wp\/v2\/product_cat?post=770366"},{"taxonomy":"product_tag","embeddable":true,"href":"https:\/\/roveyayinevi.com.tr\/index.php\/wp-json\/wp\/v2\/product_tag?post=770366"}],"curies":[{"name":"wp","href":"https:\/\/api.w.org\/{rel}","templated":true}]}}