{"id":770364,"date":"2025-08-28T14:27:11","date_gmt":"2025-08-28T11:27:11","guid":{"rendered":"https:\/\/roveyayinevi.com.tr\/index.php\/urun\/dunyanin-sonundan-cok-da-bir-sey-beklemeyin\/"},"modified":"2026-04-15T03:36:39","modified_gmt":"2026-04-15T00:36:39","slug":"dunyanin-sonundan-cok-da-bir-sey-beklemeyin","status":"publish","type":"product","link":"https:\/\/roveyayinevi.com.tr\/index.php\/urun\/dunyanin-sonundan-cok-da-bir-sey-beklemeyin\/","title":{"rendered":"D\u00fcnyan\u0131n Sonundan \u00c7ok da Bir \u015eey Beklemeyin"},"content":{"rendered":"<p>Her \u015fey biz ya\u015farken ger\u00e7ekle\u015fiyor ve pek \u00e7ok \u015feyi i\u00e7inde ya\u015farken idrak edemiyoruz. Bize anlat\u0131lan hikaye ile hipnotize olduk. O nedenle biraz geriye \u00e7ekilip ger\u00e7ekli\u011fimizi analiz etmek ve \u00f6nemli baz\u0131 sorular\u0131 sorup cevaplamak icap ediyor. Modern d\u00fcnyada din ne i\u015flev g\u00f6r\u00fcyor; yeni insan\u0131n ihtiya\u00e7lar\u0131na ve sorular\u0131na cevap \u00fcretemeyen kurumsalla\u015fm\u0131\u015f din nas\u0131l bir yap\u0131ya sahip? D\u00fcnyada ya\u015fanan k\u00f6t\u00fcl\u00fcklere kar\u015f\u0131 ilgisiz olmakla su\u00e7lanan Tanr\u0131 ger\u00e7ekten sessiz mi? K\u00f6t\u00fcl\u00fck problemi ve ona kar\u015f\u0131 \u00fcretilen teodiseler hangi yaraya merhem oluyor? Yolunu kaybeden insanl\u0131k ne yana gidiyor? Devletler, \u015firketler, g\u00fcc\u00fc elinde bulunduran karar vericiler nas\u0131l bir d\u00fcnya kurguluyor? Ayakta kalman\u0131n giderek zorla\u015ft\u0131\u011f\u0131 vah\u015fi bir cang\u0131l olan \u00e7al\u0131\u015fma ya\u015fam\u0131 nereye do\u011fru evriliyor? Her \u015fey de\u011fi\u015firken hi\u00e7 umursamadan iki y\u00fcz y\u0131ld\u0131r de\u011fi\u015fmemekte direnen zorunlu-kitlesel okul sistemi yeni y\u00fczy\u0131lda nelere yol a\u00e7\u0131yor, salt varl\u0131\u011f\u0131yla ne t\u00fcrden zararlar veriyor? \u00d6tekine ve farkl\u0131 olana kar\u015f\u0131 \u00f6fke ve tahamm\u00fcls\u00fczl\u00fc\u011f\u00fcn belirgin bi\u00e7imde y\u00fckseldi\u011fi modern toplumlarda sosyal medya nas\u0131l bir misyon g\u00f6r\u00fcyor? Tatminsiz t\u00fcketicili\u011fi ve estetik operasyonlardan ge\u00e7irilmi\u015f bedeniyle \u00f6ne \u00e7\u0131kan, ayakl\u0131 bir \u00fcr\u00fcne d\u00f6n\u00fc\u015fm\u00fc\u015f yeni postmodern insan\u0131 manip\u00fcle eden beden end\u00fcstrisi nedir ve nas\u0131l i\u015fliyor? Toplumsal de\u011fi\u015fimden en a\u011f\u0131r darbeleri alan aile ne yana gidiyor? Distopik ve \u00fctopik kurgular yak\u0131c\u0131 ger\u00e7ekli\u011fimizle ne kadar \u00f6rt\u00fc\u015f\u00fcyor? <\/p>\n","protected":false},"excerpt":{"rendered":"<p>Her \u015fey biz ya\u015farken ger\u00e7ekle\u015fiyor ve pek \u00e7ok \u015feyi i\u00e7inde ya\u015farken idrak edemiyoruz. Bize anlat\u0131lan hikaye ile hipnotize olduk. O nedenle biraz geriye \u00e7ekilip ger\u00e7ekli\u011fimizi analiz<span class=\"excerpt-hellip\"> [\u2026]<\/span><\/p>\n","protected":false},"featured_media":0,"template":"","meta":{"_monsterinsights_skip_tracking":false,"_monsterinsights_sitenote_active":false,"_monsterinsights_sitenote_note":"","_monsterinsights_sitenote_category":0},"product_brand":[],"product_cat":[13489,13488],"product_tag":[],"class_list":{"0":"post-770364","1":"product","2":"type-product","3":"status-publish","5":"product_cat-populer-kultur","6":"product_cat-toplum-ve-insan","7":"pa_cilt-ciltsiz","8":"pa_tur-kitap","9":"pa_yayinevi-soncag","10":"pa_yazar-bekir-birbicer","12":"first","13":"instock","14":"sale","15":"shipping-taxable","16":"purchasable","17":"product-type-simple"},"_links":{"self":[{"href":"https:\/\/roveyayinevi.com.tr\/index.php\/wp-json\/wp\/v2\/product\/770364","targetHints":{"allow":["GET"]}}],"collection":[{"href":"https:\/\/roveyayinevi.com.tr\/index.php\/wp-json\/wp\/v2\/product"}],"about":[{"href":"https:\/\/roveyayinevi.com.tr\/index.php\/wp-json\/wp\/v2\/types\/product"}],"wp:attachment":[{"href":"https:\/\/roveyayinevi.com.tr\/index.php\/wp-json\/wp\/v2\/media?parent=770364"}],"wp:term":[{"taxonomy":"product_brand","embeddable":true,"href":"https:\/\/roveyayinevi.com.tr\/index.php\/wp-json\/wp\/v2\/product_brand?post=770364"},{"taxonomy":"product_cat","embeddable":true,"href":"https:\/\/roveyayinevi.com.tr\/index.php\/wp-json\/wp\/v2\/product_cat?post=770364"},{"taxonomy":"product_tag","embeddable":true,"href":"https:\/\/roveyayinevi.com.tr\/index.php\/wp-json\/wp\/v2\/product_tag?post=770364"}],"curies":[{"name":"wp","href":"https:\/\/api.w.org\/{rel}","templated":true}]}}