{"id":770363,"date":"2025-08-28T14:27:09","date_gmt":"2025-08-28T11:27:09","guid":{"rendered":"https:\/\/roveyayinevi.com.tr\/index.php\/urun\/siir-gibi-bir-sey\/"},"modified":"2026-03-12T03:34:22","modified_gmt":"2026-03-12T00:34:22","slug":"siir-gibi-bir-sey","status":"publish","type":"product","link":"https:\/\/roveyayinevi.com.tr\/index.php\/urun\/siir-gibi-bir-sey\/","title":{"rendered":"\u015eiir Gibi Bir \u015eey"},"content":{"rendered":"<p>B\u0130RTOHUMD\u00dc\u015eT\u00dc TOPRA\u011eATOPRAK \u00d6YLE SEV\u0130ND\u0130\u00d6YLES\u0130NE MUTLU OLDU K\u0130\u00c7\u00dcNK\u00dc B\u0130N CANLININ ANASI OLACAKTIEVRENE KATKI SA\u011eLAMANIN SEV\u0130NC\u0130N\u0130YA\u015eAYACAKTIB\u0130RG\u00dcNVAK\u0130TGELD\u0130\u00c7ATLADITOPRAKDO\u011eDUF\u0130DANGEL\u0130\u015eT\u0130B\u00dcY\u00dcD\u00dcYE\u015e\u0130LED\u00d6NENKOLLARINIA\u00c7IVERD\u0130\u0130NSANLARAH\u00dcKMETT\u0130G\u00d6KY\u00dcZ\u00dcNE<\/p>\n","protected":false},"excerpt":{"rendered":"<p>B\u0130RTOHUMD\u00dc\u015eT\u00dc TOPRA\u011eATOPRAK \u00d6YLE SEV\u0130ND\u0130\u00d6YLES\u0130NE MUTLU OLDU K\u0130\u00c7\u00dcNK\u00dc B\u0130N CANLININ ANASI OLACAKTIEVRENE KATKI SA\u011eLAMANIN SEV\u0130NC\u0130N\u0130YA\u015eAYACAKTIB\u0130RG\u00dcNVAK\u0130TGELD\u0130\u00c7ATLADITOPRAKDO\u011eDUF\u0130DANGEL\u0130\u015eT\u0130B\u00dcY\u00dcD\u00dcYE\u015e\u0130LED\u00d6NENKOLLARINIA\u00c7IVERD\u0130\u0130NSANLARAH\u00dcKMETT\u0130G\u00d6KY\u00dcZ\u00dcNE<\/p>\n","protected":false},"featured_media":0,"template":"","meta":{"_monsterinsights_skip_tracking":false,"_monsterinsights_sitenote_active":false,"_monsterinsights_sitenote_note":"","_monsterinsights_sitenote_category":0},"product_brand":[],"product_cat":[12291,12509],"product_tag":[],"class_list":{"0":"post-770363","1":"product","2":"type-product","3":"status-publish","5":"product_cat-edebiyat","6":"product_cat-siir","7":"pa_cilt-ciltsiz","8":"pa_tur-kitap","9":"pa_yayinevi-kirmizi-cati-yayinlari","10":"pa_yazar-saban-karakaya","12":"first","13":"instock","14":"sale","15":"shipping-taxable","16":"purchasable","17":"product-type-simple"},"_links":{"self":[{"href":"https:\/\/roveyayinevi.com.tr\/index.php\/wp-json\/wp\/v2\/product\/770363","targetHints":{"allow":["GET"]}}],"collection":[{"href":"https:\/\/roveyayinevi.com.tr\/index.php\/wp-json\/wp\/v2\/product"}],"about":[{"href":"https:\/\/roveyayinevi.com.tr\/index.php\/wp-json\/wp\/v2\/types\/product"}],"wp:attachment":[{"href":"https:\/\/roveyayinevi.com.tr\/index.php\/wp-json\/wp\/v2\/media?parent=770363"}],"wp:term":[{"taxonomy":"product_brand","embeddable":true,"href":"https:\/\/roveyayinevi.com.tr\/index.php\/wp-json\/wp\/v2\/product_brand?post=770363"},{"taxonomy":"product_cat","embeddable":true,"href":"https:\/\/roveyayinevi.com.tr\/index.php\/wp-json\/wp\/v2\/product_cat?post=770363"},{"taxonomy":"product_tag","embeddable":true,"href":"https:\/\/roveyayinevi.com.tr\/index.php\/wp-json\/wp\/v2\/product_tag?post=770363"}],"curies":[{"name":"wp","href":"https:\/\/api.w.org\/{rel}","templated":true}]}}