{"id":770361,"date":"2025-08-28T14:27:05","date_gmt":"2025-08-28T11:27:05","guid":{"rendered":"https:\/\/roveyayinevi.com.tr\/index.php\/urun\/evin-nerede\/"},"modified":"2026-04-15T03:36:39","modified_gmt":"2026-04-15T00:36:39","slug":"evin-nerede","status":"publish","type":"product","link":"https:\/\/roveyayinevi.com.tr\/index.php\/urun\/evin-nerede\/","title":{"rendered":"Evin Nerede ?"},"content":{"rendered":"<p>&#8220;Peki, o da m\u0131 su alt\u0131nda kalacak \u015eiyar?&#8221; &#8220;\u00d6yle olacak.&#8221; Hasankeyf\u2019te ya\u015fayan Yusuf,myak\u0131nda yuva bildi\u011fi yerlerden ayr\u0131lacak. Kedilerini, kaplumba\u011falar\u0131n\u0131 yan\u0131nda g\u00f6t\u00fcrebilir. Ama ya t\u00fcrbe? O kollar\u0131na s\u0131\u011fmaz ki&#8230; Yusuf t\u00fcrbeyi kurtarabilecek mi yoksa ona da veda etmek zorunda m\u0131 kalacak? Yusuf\u2019la birlikte bir \u00e7\u00f6z\u00fcm aramaya haz\u0131r m\u0131s\u0131n? <\/p>\n","protected":false},"excerpt":{"rendered":"<p>&#8220;Peki, o da m\u0131 su alt\u0131nda kalacak \u015eiyar?&#8221; &#8220;\u00d6yle olacak.&#8221; Hasankeyf\u2019te ya\u015fayan Yusuf,myak\u0131nda yuva bildi\u011fi yerlerden ayr\u0131lacak. Kedilerini, kaplumba\u011falar\u0131n\u0131 yan\u0131nda g\u00f6t\u00fcrebilir. Ama ya t\u00fcrbe? O kollar\u0131na<span class=\"excerpt-hellip\"> [\u2026]<\/span><\/p>\n","protected":false},"featured_media":0,"template":"","meta":{"_monsterinsights_skip_tracking":false,"_monsterinsights_sitenote_active":false,"_monsterinsights_sitenote_note":"","_monsterinsights_sitenote_category":0},"product_brand":[],"product_cat":[12274,12284],"product_tag":[],"class_list":{"0":"post-770361","1":"product","2":"type-product","3":"status-publish","5":"product_cat-cocuk-ve-genclik-kitaplari","6":"product_cat-hikayeler","7":"pa_cilt-ciltsiz","8":"pa_tur-kitap","9":"pa_yayinevi-vakifbank-kultur-yayinlari","10":"pa_yazar-seher-ozturk","12":"first","13":"instock","14":"sale","15":"shipping-taxable","16":"purchasable","17":"product-type-simple"},"_links":{"self":[{"href":"https:\/\/roveyayinevi.com.tr\/index.php\/wp-json\/wp\/v2\/product\/770361","targetHints":{"allow":["GET"]}}],"collection":[{"href":"https:\/\/roveyayinevi.com.tr\/index.php\/wp-json\/wp\/v2\/product"}],"about":[{"href":"https:\/\/roveyayinevi.com.tr\/index.php\/wp-json\/wp\/v2\/types\/product"}],"wp:attachment":[{"href":"https:\/\/roveyayinevi.com.tr\/index.php\/wp-json\/wp\/v2\/media?parent=770361"}],"wp:term":[{"taxonomy":"product_brand","embeddable":true,"href":"https:\/\/roveyayinevi.com.tr\/index.php\/wp-json\/wp\/v2\/product_brand?post=770361"},{"taxonomy":"product_cat","embeddable":true,"href":"https:\/\/roveyayinevi.com.tr\/index.php\/wp-json\/wp\/v2\/product_cat?post=770361"},{"taxonomy":"product_tag","embeddable":true,"href":"https:\/\/roveyayinevi.com.tr\/index.php\/wp-json\/wp\/v2\/product_tag?post=770361"}],"curies":[{"name":"wp","href":"https:\/\/api.w.org\/{rel}","templated":true}]}}