{"id":770355,"date":"2025-08-28T14:26:53","date_gmt":"2025-08-28T11:26:53","guid":{"rendered":"https:\/\/roveyayinevi.com.tr\/index.php\/urun\/bir-mektup-geldi-ondan\/"},"modified":"2026-04-15T03:36:39","modified_gmt":"2026-04-15T00:36:39","slug":"bir-mektup-geldi-ondan","status":"publish","type":"product","link":"https:\/\/roveyayinevi.com.tr\/index.php\/urun\/bir-mektup-geldi-ondan\/","title":{"rendered":"Bir Mektup Geldi O\u2019ndan"},"content":{"rendered":"<p>\u201cHak\u2019tan bir mektup geldi bana\u2026\u201d S\u00fbf\u00eeler Kur\u2019\u00e2n-\u0131 Ker\u00eem\u2019i bu bak\u0131\u015f a\u00e7\u0131s\u0131yla okumu\u015f, bu bak\u0131\u015f a\u00e7\u0131s\u0131n\u0131n gerektirdi\u011fi zarafet, sayg\u0131 ve nezaketle kitaba yakla\u015fm\u0131\u015ft\u0131r. \u0130lah\u00ee kelam, Allah\u2019tan gelen bir mektup oldu\u011fu gibi O\u2019na giden yoldur da&#8230; \u0130lah\u00ee kelam\u0131 okumak, Allah\u2019\u0131 tan\u0131man\u0131n ve O\u2019na yakla\u015fman\u0131n vesilesidir. Onu anlamak ise, insan\u0131n halinin ve idrakinin durumuna g\u00f6re farkl\u0131l\u0131k arz eder. Her insan bulundu\u011fu idrak d\u00fczeyiyle kitab\u0131 anlar, her insan bu ahlak ve idrak d\u00fczeyine g\u00f6re kelamla irtibat kurar. Bu bak\u0131mdan insanlar\u0131n halleri, ayet-i kerimeyi g\u00f6steren bir ayna haline gelir. S\u00fbf\u00eeler bunu, ilahi kelam\u0131n y\u00fcz\u00fcn\u00fc bir\u00e7ok \u00f6rt\u00fcyle \u00f6rtm\u00fc\u015f bir g\u00fczele benzeterek a\u00e7\u0131klarlar. Y\u00fcz\u00fcnden perdelerin kalkmas\u0131 ise ilahi l\u00fctufla birlikte insan\u0131n ahlaken yetkinle\u015fmesiyle ilgilidir. \u0130nsan merhametli olduk\u00e7a kelam\u0131 anlar, do\u011fru olduk\u00e7a kelama yakla\u015f\u0131r, c\u00f6mert olduk\u00e7a kelam\u0131n bilgilerine eri\u015febilir. Bu ahlak\u0131n kayna\u011f\u0131 ise Allah sevgisi, yani a\u015fkt\u0131r. A\u015fk, a\u015f\u0131k ile ma\u015fuk aras\u0131ndaki ayr\u0131l\u0131k halinde ortaya \u00e7\u0131kan hasret ve i\u015ftiyak haliyle ya\u015fan\u0131r. Daha sonra bir m\u0131knat\u0131s gibi a\u015f\u0131\u011f\u0131 ma\u015fu\u011fa do\u011fru \u00e7eker, en nihayetinde gurbeti a\u015farak ona ula\u015ft\u0131r\u0131r. \u0130lahi kelam ise a\u015f\u0131k insana yolu, yolculu\u011fu, maksad\u0131 ve kendisini tan\u0131tarak onun yolculu\u011funa rehberlik eder.   Elinizdeki kitap Kur\u2019\u00e2n-\u0131 Ker\u00eem\u2019den se\u00e7ilmi\u015f baz\u0131 ayet-i kerimelerin bu perspektifle okundu\u011fu metinlerden olu\u015fuyor. Bu metinler arac\u0131l\u0131\u011f\u0131yla ilahi kelam\u0131n anlam derecelerine do\u011fru bir yolculu\u011fa davet ediyoruz sizleri. Bir mektubu okur gibi\u2026  <\/p>\n","protected":false},"excerpt":{"rendered":"<p>\u201cHak\u2019tan bir mektup geldi bana\u2026\u201d S\u00fbf\u00eeler Kur\u2019\u00e2n-\u0131 Ker\u00eem\u2019i bu bak\u0131\u015f a\u00e7\u0131s\u0131yla okumu\u015f, bu bak\u0131\u015f a\u00e7\u0131s\u0131n\u0131n gerektirdi\u011fi zarafet, sayg\u0131 ve nezaketle kitaba yakla\u015fm\u0131\u015ft\u0131r. \u0130lah\u00ee kelam, Allah\u2019tan gelen<span class=\"excerpt-hellip\"> [\u2026]<\/span><\/p>\n","protected":false},"featured_media":0,"template":"","meta":{"_monsterinsights_skip_tracking":false,"_monsterinsights_sitenote_active":false,"_monsterinsights_sitenote_note":"","_monsterinsights_sitenote_category":0},"product_brand":[],"product_cat":[12718,12719],"product_tag":[],"class_list":{"0":"post-770355","1":"product","2":"type-product","3":"status-publish","5":"product_cat-din","6":"product_cat-islam","7":"pa_cilt-ciltsiz","8":"pa_tur-kitap","9":"pa_yayinevi-fikriyat-yayinlari","10":"pa_yazar-ekrem-demirli","12":"first","13":"instock","14":"sale","15":"shipping-taxable","16":"purchasable","17":"product-type-simple"},"_links":{"self":[{"href":"https:\/\/roveyayinevi.com.tr\/index.php\/wp-json\/wp\/v2\/product\/770355","targetHints":{"allow":["GET"]}}],"collection":[{"href":"https:\/\/roveyayinevi.com.tr\/index.php\/wp-json\/wp\/v2\/product"}],"about":[{"href":"https:\/\/roveyayinevi.com.tr\/index.php\/wp-json\/wp\/v2\/types\/product"}],"wp:attachment":[{"href":"https:\/\/roveyayinevi.com.tr\/index.php\/wp-json\/wp\/v2\/media?parent=770355"}],"wp:term":[{"taxonomy":"product_brand","embeddable":true,"href":"https:\/\/roveyayinevi.com.tr\/index.php\/wp-json\/wp\/v2\/product_brand?post=770355"},{"taxonomy":"product_cat","embeddable":true,"href":"https:\/\/roveyayinevi.com.tr\/index.php\/wp-json\/wp\/v2\/product_cat?post=770355"},{"taxonomy":"product_tag","embeddable":true,"href":"https:\/\/roveyayinevi.com.tr\/index.php\/wp-json\/wp\/v2\/product_tag?post=770355"}],"curies":[{"name":"wp","href":"https:\/\/api.w.org\/{rel}","templated":true}]}}