{"id":770354,"date":"2025-08-28T14:26:50","date_gmt":"2025-08-28T11:26:50","guid":{"rendered":"https:\/\/roveyayinevi.com.tr\/index.php\/urun\/ecinniler-4\/"},"modified":"2026-04-15T03:36:39","modified_gmt":"2026-04-15T00:36:39","slug":"ecinniler-4","status":"publish","type":"product","link":"https:\/\/roveyayinevi.com.tr\/index.php\/urun\/ecinniler-4\/","title":{"rendered":"Ecinniler"},"content":{"rendered":"<p>K\u00fc\u00e7\u00fck bir Rus kasabas\u0131nda alevlenen ideolojiler, \u00e7at\u0131\u015fan nesiller, k\u00f6ktenle\u015fen ya da vazge\u00e7ilen inan\u00e7lar etraf\u0131nda \u015fekillenen hik\u00e2yede Camus varolu\u015f\u00e7u bak\u0131\u015f a\u00e7\u0131s\u0131yla, siyasi a\u015f\u0131r\u0131l\u0131klar\u0131 ve ideolojik ba\u011fl\u0131l\u0131klar\u0131 irdeliyor. Karakterlerin derin ahlaki ikilemleri ve eylemlerinin sonu\u00e7lar\u0131yla bo\u011fu\u015fmas\u0131, bireysel sorumluluklar ile toplumsal de\u011fi\u015fimin \u00e7alkant\u0131l\u0131 g\u00fc\u00e7leri aras\u0131ndaki \u00e7etrefil etkile\u015fim i\u00e7 i\u00e7e ge\u00e7iyor.   Camus, Ecinniler\u2019de, Dostoyevski\u2019nin eserindeki psikolojik derinli\u011fi ayn\u0131 ustal\u0131kla korurken, kendi varolu\u015f\u00e7u d\u00fc\u015f\u00fcnceleriyle besleyerek b\u00fcy\u00fcleyici bir tiyatro eseri yarat\u0131yor. \u0130nsanl\u0131k durumu, ideolojik \u00e7at\u0131\u015fmalar, belirsizlik, nihilizm, devrimcilik ve idealizm gibi \u00e7a\u011fda\u015fl\u0131\u011f\u0131n\u0131 her dem koruyan temalar etraf\u0131nda \u015fekillenen bu trajikomedi, tarihle hesapla\u015fan bir adam\u0131n kalp k\u0131r\u0131kl\u0131\u011f\u0131n\u0131 ele al\u0131yor.   \u201cDostoyevski\u2019nin Ecinniler\u2019i beni bir\u00e7ok y\u00f6nden besledi ve varolu\u015fuma katk\u0131 sa\u011flad\u0131.\u201d Albert Camus <\/p>\n","protected":false},"excerpt":{"rendered":"<p>K\u00fc\u00e7\u00fck bir Rus kasabas\u0131nda alevlenen ideolojiler, \u00e7at\u0131\u015fan nesiller, k\u00f6ktenle\u015fen ya da vazge\u00e7ilen inan\u00e7lar etraf\u0131nda \u015fekillenen hik\u00e2yede Camus varolu\u015f\u00e7u bak\u0131\u015f a\u00e7\u0131s\u0131yla, siyasi a\u015f\u0131r\u0131l\u0131klar\u0131 ve ideolojik ba\u011fl\u0131l\u0131klar\u0131 irdeliyor.<span class=\"excerpt-hellip\"> [\u2026]<\/span><\/p>\n","protected":false},"featured_media":0,"template":"","meta":{"_monsterinsights_skip_tracking":false,"_monsterinsights_sitenote_active":false,"_monsterinsights_sitenote_note":"","_monsterinsights_sitenote_category":0},"product_brand":[],"product_cat":[12291,15566],"product_tag":[],"class_list":{"0":"post-770354","1":"product","2":"type-product","3":"status-publish","5":"product_cat-edebiyat","6":"product_cat-oyun","7":"pa_cilt-ciltsiz","8":"pa_tur-kitap","9":"pa_yayinevi-can-yayinlari","10":"pa_yazar-albert-camus","12":"first","13":"instock","14":"sale","15":"shipping-taxable","16":"purchasable","17":"product-type-simple"},"_links":{"self":[{"href":"https:\/\/roveyayinevi.com.tr\/index.php\/wp-json\/wp\/v2\/product\/770354","targetHints":{"allow":["GET"]}}],"collection":[{"href":"https:\/\/roveyayinevi.com.tr\/index.php\/wp-json\/wp\/v2\/product"}],"about":[{"href":"https:\/\/roveyayinevi.com.tr\/index.php\/wp-json\/wp\/v2\/types\/product"}],"wp:attachment":[{"href":"https:\/\/roveyayinevi.com.tr\/index.php\/wp-json\/wp\/v2\/media?parent=770354"}],"wp:term":[{"taxonomy":"product_brand","embeddable":true,"href":"https:\/\/roveyayinevi.com.tr\/index.php\/wp-json\/wp\/v2\/product_brand?post=770354"},{"taxonomy":"product_cat","embeddable":true,"href":"https:\/\/roveyayinevi.com.tr\/index.php\/wp-json\/wp\/v2\/product_cat?post=770354"},{"taxonomy":"product_tag","embeddable":true,"href":"https:\/\/roveyayinevi.com.tr\/index.php\/wp-json\/wp\/v2\/product_tag?post=770354"}],"curies":[{"name":"wp","href":"https:\/\/api.w.org\/{rel}","templated":true}]}}