{"id":770352,"date":"2025-08-28T14:26:45","date_gmt":"2025-08-28T11:26:45","guid":{"rendered":"https:\/\/roveyayinevi.com.tr\/index.php\/urun\/dedemin-fincani\/"},"modified":"2026-04-08T03:32:22","modified_gmt":"2026-04-08T00:32:22","slug":"dedemin-fincani","status":"publish","type":"product","link":"https:\/\/roveyayinevi.com.tr\/index.php\/urun\/dedemin-fincani\/","title":{"rendered":"Dedemin Fincan\u0131"},"content":{"rendered":"<p>Ge\u00e7mi\u015fin g\u00f6lgesinde at\u0131lan \u00e7\u0131\u011fl\u0131k, gelece\u011fin enkaz\u0131nda yank\u0131lan\u0131r.   Baz\u0131 hayatlar, do\u011fduklar\u0131 co\u011frafyan\u0131n kaderini s\u0131rtlan\u0131r. Ya\u015farken duyurulamayan sesler \u00f6l\u00fcrken birer \u00e7\u0131\u011fl\u0131\u011fa d\u00f6n\u00fc\u015f\u00fcr. Co\u011frafyan\u0131n kader oldu\u011fu yerde kederden ka\u00e7mak m\u00fcmk\u00fcn olmaz, isimler de\u011fi\u015fir ama hik\u00e2yeler asla&#8230;   Kendi hayatlar\u0131n\u0131 ya\u015famak isteyip ona ula\u015famayanlar\u0131n hik\u00e2yesi bu. Ceyda sessizli\u011fe mahk\u00fbm edilmi\u015f bir gen\u00e7 k\u0131zd\u0131r. D\u00fc\u015flerini f\u0131s\u0131ldamaktan bile korkarak b\u00fcy\u00fcm\u00fc\u015f, kendi hayat\u0131na dokunamadan ba\u015fkalar\u0131n\u0131n do\u011frular\u0131na boyun e\u011fmi\u015ftir. Sevdi\u011fini se\u00e7ememi\u015f, se\u00e7ti\u011fiyle mutlu olamam\u0131\u015ft\u0131r. Ayr\u0131lmak \u00f6zg\u00fcrl\u00fc\u011fe a\u00e7\u0131lan tek kap\u0131d\u0131r ve o bir kez daha vazge\u00e7er kendinden. Ama hayat Ceyda\u2019ya ikinci bir \u015fans\u0131 tan\u0131maz. O gece otel odas\u0131nda yer titredi\u011finde, duvarlar \u00e7\u00f6k\u00fcp de karanl\u0131\u011f\u0131 yuttu\u011funda geriye sadece yar\u0131m bir hik\u00e2ye kal\u0131r.   Ceyda\u2019n\u0131n hik\u00e2yesini okurken kahve fincan\u0131n\u0131z\u0131 elinize alacak, kokusuyla ge\u00e7mi\u015fe gidecek, kendi travmalar\u0131n\u0131zdan izler bulacak, kavu\u015famayan \u00e2\u015f\u0131klar\u0131 anacak ve depremde hayatlar\u0131n\u0131 kaybedenleri onurland\u0131racaks\u0131n\u0131z. <\/p>\n","protected":false},"excerpt":{"rendered":"<p>Ge\u00e7mi\u015fin g\u00f6lgesinde at\u0131lan \u00e7\u0131\u011fl\u0131k, gelece\u011fin enkaz\u0131nda yank\u0131lan\u0131r. Baz\u0131 hayatlar, do\u011fduklar\u0131 co\u011frafyan\u0131n kaderini s\u0131rtlan\u0131r. Ya\u015farken duyurulamayan sesler \u00f6l\u00fcrken birer \u00e7\u0131\u011fl\u0131\u011fa d\u00f6n\u00fc\u015f\u00fcr. Co\u011frafyan\u0131n kader oldu\u011fu yerde kederden ka\u00e7mak<span class=\"excerpt-hellip\"> [\u2026]<\/span><\/p>\n","protected":false},"featured_media":0,"template":"","meta":{"_monsterinsights_skip_tracking":false,"_monsterinsights_sitenote_active":false,"_monsterinsights_sitenote_note":"","_monsterinsights_sitenote_category":0},"product_brand":[],"product_cat":[12291,12711],"product_tag":[],"class_list":{"0":"post-770352","1":"product","2":"type-product","3":"status-publish","5":"product_cat-edebiyat","6":"product_cat-roman-oyku","7":"pa_cilt-ciltsiz","8":"pa_tur-kitap","9":"pa_yayinevi-destek-yayinlari","10":"pa_yazar-nesrin-mine-karaca","12":"first","13":"instock","14":"sale","15":"shipping-taxable","16":"purchasable","17":"product-type-simple"},"_links":{"self":[{"href":"https:\/\/roveyayinevi.com.tr\/index.php\/wp-json\/wp\/v2\/product\/770352","targetHints":{"allow":["GET"]}}],"collection":[{"href":"https:\/\/roveyayinevi.com.tr\/index.php\/wp-json\/wp\/v2\/product"}],"about":[{"href":"https:\/\/roveyayinevi.com.tr\/index.php\/wp-json\/wp\/v2\/types\/product"}],"wp:attachment":[{"href":"https:\/\/roveyayinevi.com.tr\/index.php\/wp-json\/wp\/v2\/media?parent=770352"}],"wp:term":[{"taxonomy":"product_brand","embeddable":true,"href":"https:\/\/roveyayinevi.com.tr\/index.php\/wp-json\/wp\/v2\/product_brand?post=770352"},{"taxonomy":"product_cat","embeddable":true,"href":"https:\/\/roveyayinevi.com.tr\/index.php\/wp-json\/wp\/v2\/product_cat?post=770352"},{"taxonomy":"product_tag","embeddable":true,"href":"https:\/\/roveyayinevi.com.tr\/index.php\/wp-json\/wp\/v2\/product_tag?post=770352"}],"curies":[{"name":"wp","href":"https:\/\/api.w.org\/{rel}","templated":true}]}}