{"id":770351,"date":"2025-08-28T14:26:42","date_gmt":"2025-08-28T11:26:42","guid":{"rendered":"https:\/\/roveyayinevi.com.tr\/index.php\/urun\/seninle-ictigim-sgara-3\/"},"modified":"2026-04-15T03:36:38","modified_gmt":"2026-04-15T00:36:38","slug":"seninle-ictigim-sgara-3","status":"publish","type":"product","link":"https:\/\/roveyayinevi.com.tr\/index.php\/urun\/seninle-ictigim-sgara-3\/","title":{"rendered":"Seninle \u0130\u00e7ti\u011fim S*gara 3"},"content":{"rendered":"<p>Sinirleniyorum.   Tayama\u2019n\u0131n ya\u011fmurlu bir gecede ortaya \u00e7\u0131kan \u201chayranl\u0131\u011f\u0131\u201d, Sasaki\u2019yi d\u00fc\u015f\u00fcnd\u00fcr\u00fcr. Bu duygular\u0131 kendisinin Yamada\u2019ya olan hisleriyle ba\u011fda\u015ft\u0131rsa da yapt\u0131klar\u0131n\u0131n s\u0131n\u0131r\u0131 a\u015ft\u0131\u011f\u0131n\u0131 d\u00fc\u015f\u00fcnerek kendini uyar\u0131r. Tayama ve Sasaki, yava\u015f yava\u015f birbirlerinin duygular\u0131n\u0131n fark\u0131na varsalar da as\u0131l \u00f6nemli olan\u0131 g\u00f6rmekte h\u00e2l\u00e2 zorlan\u0131rlar. Sasaki\u2019nin evli oldu\u011funa dair s\u00f6ylentiler ve marketteki yeni bir \u00e7al\u0131\u015fanla ya\u015fanan tuhaf sohbetlerden sonra y\u0131l sonu tela\u015f\u0131 kap\u0131y\u0131 \u00e7alar. Sasaki\u2019nin y\u0131lba\u015f\u0131nda ald\u0131\u011f\u0131 bir haberse ikilinin ili\u015fkisi i\u00e7in yeni bir d\u00f6n\u00fcm noktas\u0131 olacakt\u0131r&#8230; <\/p>\n","protected":false},"excerpt":{"rendered":"<p>Sinirleniyorum. Tayama\u2019n\u0131n ya\u011fmurlu bir gecede ortaya \u00e7\u0131kan \u201chayranl\u0131\u011f\u0131\u201d, Sasaki\u2019yi d\u00fc\u015f\u00fcnd\u00fcr\u00fcr. Bu duygular\u0131 kendisinin Yamada\u2019ya olan hisleriyle ba\u011fda\u015ft\u0131rsa da yapt\u0131klar\u0131n\u0131n s\u0131n\u0131r\u0131 a\u015ft\u0131\u011f\u0131n\u0131 d\u00fc\u015f\u00fcnerek kendini uyar\u0131r. Tayama ve<span class=\"excerpt-hellip\"> [\u2026]<\/span><\/p>\n","protected":false},"featured_media":0,"template":"","meta":{"_monsterinsights_skip_tracking":false,"_monsterinsights_sitenote_active":false,"_monsterinsights_sitenote_note":"","_monsterinsights_sitenote_category":0},"product_brand":[],"product_cat":[12416,12291],"product_tag":[],"class_list":{"0":"post-770351","1":"product","2":"type-product","3":"status-publish","5":"product_cat-cizgi-roman","6":"product_cat-edebiyat","7":"pa_cilt-ciltsiz","8":"pa_tur-kitap","9":"pa_yayinevi-athica-yayinlari","10":"pa_yazar-jinushi","12":"first","13":"instock","14":"sale","15":"shipping-taxable","16":"purchasable","17":"product-type-simple"},"_links":{"self":[{"href":"https:\/\/roveyayinevi.com.tr\/index.php\/wp-json\/wp\/v2\/product\/770351","targetHints":{"allow":["GET"]}}],"collection":[{"href":"https:\/\/roveyayinevi.com.tr\/index.php\/wp-json\/wp\/v2\/product"}],"about":[{"href":"https:\/\/roveyayinevi.com.tr\/index.php\/wp-json\/wp\/v2\/types\/product"}],"wp:attachment":[{"href":"https:\/\/roveyayinevi.com.tr\/index.php\/wp-json\/wp\/v2\/media?parent=770351"}],"wp:term":[{"taxonomy":"product_brand","embeddable":true,"href":"https:\/\/roveyayinevi.com.tr\/index.php\/wp-json\/wp\/v2\/product_brand?post=770351"},{"taxonomy":"product_cat","embeddable":true,"href":"https:\/\/roveyayinevi.com.tr\/index.php\/wp-json\/wp\/v2\/product_cat?post=770351"},{"taxonomy":"product_tag","embeddable":true,"href":"https:\/\/roveyayinevi.com.tr\/index.php\/wp-json\/wp\/v2\/product_tag?post=770351"}],"curies":[{"name":"wp","href":"https:\/\/api.w.org\/{rel}","templated":true}]}}