{"id":770339,"date":"2025-08-28T14:26:13","date_gmt":"2025-08-28T11:26:13","guid":{"rendered":"https:\/\/roveyayinevi.com.tr\/index.php\/urun\/gazeteci-2\/"},"modified":"2026-04-15T03:36:38","modified_gmt":"2026-04-15T00:36:38","slug":"gazeteci-2","status":"publish","type":"product","link":"https:\/\/roveyayinevi.com.tr\/index.php\/urun\/gazeteci-2\/","title":{"rendered":"Gazeteci"},"content":{"rendered":"<p>Kaynaklarda hayat\u0131 hakk\u0131nda \u00e7ok fazla bilgiye yer verilmeyen Ahmet Mazhar&#8217;\u0131n \u201cGazeteci\u201d adl\u0131 oyunu tek perdelik komedi t\u00fcr\u00fcnde bir eserdir. Oyun altm\u0131\u015f dokuz sayfadan olu\u015fmakta olup \u0130stanbul&#8217;da As\u0131r Matbaas\u0131\u2019nda 1907 y\u0131l\u0131nda bas\u0131l\u0131r. Bu tarih baz\u0131 kaynaklarda 1909 olarak ge\u00e7er. &#8220;Gazeteci&#8221; oyununda olay \u00f6rg\u00fcs\u00fc, Ed\u00eeb Bey&#8217;in bir makalesine y\u00f6nelik ele\u015ftirilerle ba\u015flayan ve bu ele\u015ftirilerin yaratt\u0131\u011f\u0131 gerilimle geli\u015fen olaylar etraf\u0131nda \u015fekillenir. Eserin \u015fah\u0131s kadrosu s\u0131n\u0131rl\u0131d\u0131r. Matbuat hayat\u0131 hakk\u0131nda bilgi veren \u201cGazeteci\u201d oyunu, ayn\u0131 zamanda s\u00f6z konusu mesle\u011fin zor yanlar\u0131n\u0131 da g\u00f6zler \u00f6n\u00fcne serer. Bu g\u00fc\u00e7l\u00fckleri mizahi bir dille ele\u015ftirir. Oyunda yer alan temalar da bu ele\u015ftiriler \u00fczerinden \u00e7e\u015fitlenir. Yazar, bu eser vas\u0131tas\u0131yla okuyucuya, seyirciye ders verme ama g\u00fcder. <\/p>\n","protected":false},"excerpt":{"rendered":"<p>Kaynaklarda hayat\u0131 hakk\u0131nda \u00e7ok fazla bilgiye yer verilmeyen Ahmet Mazhar&#8217;\u0131n \u201cGazeteci\u201d adl\u0131 oyunu tek perdelik komedi t\u00fcr\u00fcnde bir eserdir. Oyun altm\u0131\u015f dokuz sayfadan olu\u015fmakta olup \u0130stanbul&#8217;da<span class=\"excerpt-hellip\"> [\u2026]<\/span><\/p>\n","protected":false},"featured_media":0,"template":"","meta":{"_monsterinsights_skip_tracking":false,"_monsterinsights_sitenote_active":false,"_monsterinsights_sitenote_note":"","_monsterinsights_sitenote_category":0},"product_brand":[],"product_cat":[13072,12291],"product_tag":[],"class_list":{"0":"post-770339","1":"product","2":"type-product","3":"status-publish","5":"product_cat-arastirma-inceleme-referans","6":"product_cat-edebiyat","7":"pa_cilt-ciltsiz","8":"pa_tur-kitap","9":"pa_yayinevi-telve-kitap","10":"pa_yazar-ahmed-mazhar","12":"first","13":"instock","14":"sale","15":"shipping-taxable","16":"purchasable","17":"product-type-simple"},"_links":{"self":[{"href":"https:\/\/roveyayinevi.com.tr\/index.php\/wp-json\/wp\/v2\/product\/770339","targetHints":{"allow":["GET"]}}],"collection":[{"href":"https:\/\/roveyayinevi.com.tr\/index.php\/wp-json\/wp\/v2\/product"}],"about":[{"href":"https:\/\/roveyayinevi.com.tr\/index.php\/wp-json\/wp\/v2\/types\/product"}],"wp:attachment":[{"href":"https:\/\/roveyayinevi.com.tr\/index.php\/wp-json\/wp\/v2\/media?parent=770339"}],"wp:term":[{"taxonomy":"product_brand","embeddable":true,"href":"https:\/\/roveyayinevi.com.tr\/index.php\/wp-json\/wp\/v2\/product_brand?post=770339"},{"taxonomy":"product_cat","embeddable":true,"href":"https:\/\/roveyayinevi.com.tr\/index.php\/wp-json\/wp\/v2\/product_cat?post=770339"},{"taxonomy":"product_tag","embeddable":true,"href":"https:\/\/roveyayinevi.com.tr\/index.php\/wp-json\/wp\/v2\/product_tag?post=770339"}],"curies":[{"name":"wp","href":"https:\/\/api.w.org\/{rel}","templated":true}]}}