{"id":770338,"date":"2025-08-28T14:26:11","date_gmt":"2025-08-28T11:26:11","guid":{"rendered":"https:\/\/roveyayinevi.com.tr\/index.php\/urun\/melahat\/"},"modified":"2026-04-15T03:36:38","modified_gmt":"2026-04-15T00:36:38","slug":"melahat","status":"publish","type":"product","link":"https:\/\/roveyayinevi.com.tr\/index.php\/urun\/melahat\/","title":{"rendered":"Melahat"},"content":{"rendered":"<p>\u0130kinci Me\u015frutiyet d\u00f6neminin tan\u0131nan yazarlar\u0131ndan Ahmed Re\u015fad\u2019\u0131n 1911 y\u0131l\u0131nda Ar\u015fak Garoyan Matbaas\u0131nda bas\u0131lan bu \u201cunutulmu\u015f\u201d roman\u0131, ilk kez Latin harfleriyle okuyucuyla bulu\u015fuyor. Ahmed Re\u015fad, bu eserinde, e\u015fini kaybedip dul kalan Mel\u00e2hat\u2019\u0131n trajik hik\u00e2yesini realist bir \u00fcslupla kaleme al\u0131r. Romanda Beyo\u011flu\u2019ndaki sefahat d\u00fcnyas\u0131n\u0131n, aile yap\u0131s\u0131 \u00fczerinde yaratt\u0131\u011f\u0131 zararl\u0131 etkileri, iffetli bir Osmanl\u0131 kad\u0131n\u0131 olan Mel\u00e2hat\u2019\u0131n sefaya d\u00fc\u015fk\u00fcn ve ahlaks\u0131z bir erkek taraf\u0131ndan nas\u0131l kand\u0131r\u0131ld\u0131\u011f\u0131n\u0131 ve aldat\u0131lma sonucu nas\u0131l felakete s\u00fcr\u00fcklendi\u011fi anlat\u0131l\u0131r. D\u00f6nemin \u0130stanbul ya\u015fam\u0131ndan moda e\u011filimlerine, d\u00fc\u015f\u00fcnce d\u00fcnyas\u0131ndan d\u00fcnya g\u00f6r\u00fc\u015f\u00fcne kadar pek \u00e7ok konuda ilgin\u00e7 bilgiler sunan bu roman, \u0130kinci Me\u015frutiyet d\u00f6nemi T\u00fcrk roman\u0131 ara\u015ft\u0131rmac\u0131lar\u0131 i\u00e7in \u00e7arp\u0131c\u0131 bilgiler sunmaktad\u0131r. <\/p>\n","protected":false},"excerpt":{"rendered":"<p>\u0130kinci Me\u015frutiyet d\u00f6neminin tan\u0131nan yazarlar\u0131ndan Ahmed Re\u015fad\u2019\u0131n 1911 y\u0131l\u0131nda Ar\u015fak Garoyan Matbaas\u0131nda bas\u0131lan bu \u201cunutulmu\u015f\u201d roman\u0131, ilk kez Latin harfleriyle okuyucuyla bulu\u015fuyor. Ahmed Re\u015fad, bu eserinde,<span class=\"excerpt-hellip\"> [\u2026]<\/span><\/p>\n","protected":false},"featured_media":0,"template":"","meta":{"_monsterinsights_skip_tracking":false,"_monsterinsights_sitenote_active":false,"_monsterinsights_sitenote_note":"","_monsterinsights_sitenote_category":0},"product_brand":[],"product_cat":[12291,12745],"product_tag":[],"class_list":{"0":"post-770338","1":"product","2":"type-product","3":"status-publish","5":"product_cat-edebiyat","6":"product_cat-tarihi-roman","7":"pa_cilt-ciltsiz","8":"pa_tur-kitap","9":"pa_yayinevi-telve-kitap","10":"pa_yazar-ahmed-resad","12":"first","13":"instock","14":"sale","15":"shipping-taxable","16":"purchasable","17":"product-type-simple"},"_links":{"self":[{"href":"https:\/\/roveyayinevi.com.tr\/index.php\/wp-json\/wp\/v2\/product\/770338","targetHints":{"allow":["GET"]}}],"collection":[{"href":"https:\/\/roveyayinevi.com.tr\/index.php\/wp-json\/wp\/v2\/product"}],"about":[{"href":"https:\/\/roveyayinevi.com.tr\/index.php\/wp-json\/wp\/v2\/types\/product"}],"wp:attachment":[{"href":"https:\/\/roveyayinevi.com.tr\/index.php\/wp-json\/wp\/v2\/media?parent=770338"}],"wp:term":[{"taxonomy":"product_brand","embeddable":true,"href":"https:\/\/roveyayinevi.com.tr\/index.php\/wp-json\/wp\/v2\/product_brand?post=770338"},{"taxonomy":"product_cat","embeddable":true,"href":"https:\/\/roveyayinevi.com.tr\/index.php\/wp-json\/wp\/v2\/product_cat?post=770338"},{"taxonomy":"product_tag","embeddable":true,"href":"https:\/\/roveyayinevi.com.tr\/index.php\/wp-json\/wp\/v2\/product_tag?post=770338"}],"curies":[{"name":"wp","href":"https:\/\/api.w.org\/{rel}","templated":true}]}}