{"id":770337,"date":"2025-08-28T14:26:09","date_gmt":"2025-08-28T11:26:09","guid":{"rendered":"https:\/\/roveyayinevi.com.tr\/index.php\/urun\/halleyde-yedi-kadin\/"},"modified":"2026-04-15T03:36:38","modified_gmt":"2026-04-15T00:36:38","slug":"halleyde-yedi-kadin","status":"publish","type":"product","link":"https:\/\/roveyayinevi.com.tr\/index.php\/urun\/halleyde-yedi-kadin\/","title":{"rendered":"Halley\u2019de Yedi Kad\u0131n"},"content":{"rendered":"<p>\u201c\u0130lkiyle sonuncusu aras\u0131nda neredeyse b\u00fcy\u00fckkanne-torun fark\u0131 bulunan birka\u00e7 ku\u015fak aras\u0131nda yay\u0131lm\u0131\u015f yedi kad\u0131n\u2026 Hepimiz birbirimizin hayat\u0131ndan \u00f6d\u00fcn\u00e7ler al\u0131yoruz. Birbirimizin hayat\u0131na da bor\u00e7lu kal\u0131yoruz hesap\u00e7a. Bu y\u00fczden bir b\u00fcy\u00fck ansiklopedi hayat\u0131 s\u00fcrd\u00fcr\u00fcl\u00fcyor Halley\u2019de\u2026\u201d Halley\u2019de Yedi Kad\u0131n, ya\u015fam\u0131ndaki yabanc\u0131la\u015fmalardan ka\u00e7arak s\u0131\u011f\u0131nacak yer arayan yaln\u0131z bir erke\u011fin, \u201ddevlet dersinden\u201d kalan kad\u0131nlar taraf\u0131ndan g\u00f6zden uzakta kurulmu\u015f, \u201cpetek\u201d halinde kullanabildikleri adalar\u0131n\u0131 ke\u015ffetmesiyle de\u011fi\u015fen ya\u015fam\u0131n\u0131 getiriyor. Kad\u0131nlardan kimilerinin lokomotiflik yap\u0131p topluma insanl\u0131k dersi verme ere\u011fiyle kurdu\u011fu, deniz k\u0131y\u0131s\u0131ndaki bu pansiyona, adam\u0131n yerle\u015fmesiyle ya\u015fanan olaylar\u0131 oda\u011f\u0131na al\u0131yor roman. Derinlerdeki s\u0131rlar, \u00f6zg\u00fcrl\u00fc\u011f\u00fcn\u00fc korumaya \u00e7al\u0131\u015fan bu kad\u0131nlar\u0131n eril erkle, devletin kurumsalla\u015ft\u0131rd\u0131\u011f\u0131 bask\u0131yla ya\u015famak zorunda b\u0131rak\u0131lmas\u0131, kad\u0131n olman\u0131n zorlu\u011fu\u2026 Halley\u2019de olu\u015fan ebru, T\u00fcrkiye i\u00e7in de bir ayna tutuyor. M. Sad\u0131k Aslankara, yal\u0131n dili ve duru anlat\u0131m\u0131yla kimi kez g\u00fcl\u00fcmseten, yer yer h\u00fcz\u00fcn y\u00fckl\u00fc bu \u00e7a\u011fda\u015f zaman \u00f6yk\u00fcs\u00fcyle bulu\u015fturuyor okurlar\u0131n\u0131. \u201cYeni bir \u00fclke, ba\u015fka bir deniz\u201d bulmaya \u00e7al\u0131\u015fan roman ki\u015filerinin \u00e7abalar\u0131n\u0131 ustal\u0131kla aktar\u0131yor. <\/p>\n","protected":false},"excerpt":{"rendered":"<p>\u201c\u0130lkiyle sonuncusu aras\u0131nda neredeyse b\u00fcy\u00fckkanne-torun fark\u0131 bulunan birka\u00e7 ku\u015fak aras\u0131nda yay\u0131lm\u0131\u015f yedi kad\u0131n\u2026 Hepimiz birbirimizin hayat\u0131ndan \u00f6d\u00fcn\u00e7ler al\u0131yoruz. Birbirimizin hayat\u0131na da bor\u00e7lu kal\u0131yoruz hesap\u00e7a. Bu y\u00fczden<span class=\"excerpt-hellip\"> [\u2026]<\/span><\/p>\n","protected":false},"featured_media":0,"template":"","meta":{"_monsterinsights_skip_tracking":false,"_monsterinsights_sitenote_active":false,"_monsterinsights_sitenote_note":"","_monsterinsights_sitenote_category":0},"product_brand":[],"product_cat":[12291,12711],"product_tag":[],"class_list":{"0":"post-770337","1":"product","2":"type-product","3":"status-publish","5":"product_cat-edebiyat","6":"product_cat-roman-oyku","7":"pa_cilt-ciltsiz","8":"pa_tur-kitap","9":"pa_yayinevi-cumhuriyet-kitaplari","10":"pa_yazar-m-sadik-aslankara","12":"first","13":"instock","14":"sale","15":"shipping-taxable","16":"purchasable","17":"product-type-simple"},"_links":{"self":[{"href":"https:\/\/roveyayinevi.com.tr\/index.php\/wp-json\/wp\/v2\/product\/770337","targetHints":{"allow":["GET"]}}],"collection":[{"href":"https:\/\/roveyayinevi.com.tr\/index.php\/wp-json\/wp\/v2\/product"}],"about":[{"href":"https:\/\/roveyayinevi.com.tr\/index.php\/wp-json\/wp\/v2\/types\/product"}],"wp:attachment":[{"href":"https:\/\/roveyayinevi.com.tr\/index.php\/wp-json\/wp\/v2\/media?parent=770337"}],"wp:term":[{"taxonomy":"product_brand","embeddable":true,"href":"https:\/\/roveyayinevi.com.tr\/index.php\/wp-json\/wp\/v2\/product_brand?post=770337"},{"taxonomy":"product_cat","embeddable":true,"href":"https:\/\/roveyayinevi.com.tr\/index.php\/wp-json\/wp\/v2\/product_cat?post=770337"},{"taxonomy":"product_tag","embeddable":true,"href":"https:\/\/roveyayinevi.com.tr\/index.php\/wp-json\/wp\/v2\/product_tag?post=770337"}],"curies":[{"name":"wp","href":"https:\/\/api.w.org\/{rel}","templated":true}]}}