{"id":770335,"date":"2025-08-28T14:26:05","date_gmt":"2025-08-28T11:26:05","guid":{"rendered":"https:\/\/roveyayinevi.com.tr\/index.php\/urun\/koprubasindan-cumhuriyete\/"},"modified":"2026-04-15T03:36:38","modified_gmt":"2026-04-15T00:36:38","slug":"koprubasindan-cumhuriyete","status":"publish","type":"product","link":"https:\/\/roveyayinevi.com.tr\/index.php\/urun\/koprubasindan-cumhuriyete\/","title":{"rendered":"K\u00f6pr\u00fcba\u015f\u0131\u2019ndan Cumhuriyet\u2019e"},"content":{"rendered":"<p>K\u00f6pr\u00fcba\u015f\u0131\u2019ndan Cumhuriyet\u2019e, \u015eaduman Hal\u0131c\u0131\u2019n\u0131n, Cumhuriyet Pazar ekinde yer alan yaz\u0131lar\u0131 ile okuyucular\u0131n\u0131 tarih alan\u0131nda ayd\u0131nlatan yaz\u0131lar\u0131ndan olu\u015fuyor. Hal\u0131c\u0131 okurlara, \u201cErmeni tehciri\u201d konusunda farkl\u0131 bak\u0131\u015f a\u00e7\u0131lar\u0131 sunarken postmodern tarih anlat\u0131s\u0131n\u0131n \u00e7\u0131kmazlar\u0131n\u0131 ortaya koyuyor. Birbirinden farkl\u0131 \u00e7arp\u0131tmalar\u0131n yan\u0131tlar\u0131n\u0131 verirken Ermenilerin ayr\u0131l\u0131k\u00e7\u0131 tutumlar\u0131, sevk ve isk\u00e2n kanunu ve \u00e7ok tart\u0131\u015f\u0131lan Ermeni n\u00fcfusu sorununa belgelere \u0131\u015f\u0131k tutuyor. Hal\u0131c\u0131, \u00e7al\u0131\u015fma konular\u0131 aras\u0131nda yer alan ba\u015fl\u0131klarda; Cumhuriyet Devrimlerine, Mahmut Esat Bozkurt\u2019tan alt\u0131 oka, saltanat\u0131n kald\u0131r\u0131lmas\u0131ndan devrim yasalar\u0131na, \u201cLozan hezimettir\u201d masal\u0131ndan \u201cSevr ihaneti\u201dne kadar bir\u00e7ok alanda \u201cCumhuriyete neden sahip \u00e7\u0131kmal\u0131y\u0131z?\u201d sorusuna yan\u0131t veriyor. <\/p>\n","protected":false},"excerpt":{"rendered":"<p>K\u00f6pr\u00fcba\u015f\u0131\u2019ndan Cumhuriyet\u2019e, \u015eaduman Hal\u0131c\u0131\u2019n\u0131n, Cumhuriyet Pazar ekinde yer alan yaz\u0131lar\u0131 ile okuyucular\u0131n\u0131 tarih alan\u0131nda ayd\u0131nlatan yaz\u0131lar\u0131ndan olu\u015fuyor. Hal\u0131c\u0131 okurlara, \u201cErmeni tehciri\u201d konusunda farkl\u0131 bak\u0131\u015f a\u00e7\u0131lar\u0131 sunarken<span class=\"excerpt-hellip\"> [\u2026]<\/span><\/p>\n","protected":false},"featured_media":0,"template":"","meta":{"_monsterinsights_skip_tracking":false,"_monsterinsights_sitenote_active":false,"_monsterinsights_sitenote_note":"","_monsterinsights_sitenote_category":0},"product_brand":[],"product_cat":[12370,12304],"product_tag":[],"class_list":{"0":"post-770335","1":"product","2":"type-product","3":"status-publish","5":"product_cat-arastirma-inceleme","6":"product_cat-tarih","7":"pa_cilt-ciltsiz","8":"pa_tur-kitap","9":"pa_yayinevi-cumhuriyet-kitaplari","10":"pa_yazar-saduman-halici","12":"first","13":"instock","14":"sale","15":"shipping-taxable","16":"purchasable","17":"product-type-simple"},"_links":{"self":[{"href":"https:\/\/roveyayinevi.com.tr\/index.php\/wp-json\/wp\/v2\/product\/770335","targetHints":{"allow":["GET"]}}],"collection":[{"href":"https:\/\/roveyayinevi.com.tr\/index.php\/wp-json\/wp\/v2\/product"}],"about":[{"href":"https:\/\/roveyayinevi.com.tr\/index.php\/wp-json\/wp\/v2\/types\/product"}],"wp:attachment":[{"href":"https:\/\/roveyayinevi.com.tr\/index.php\/wp-json\/wp\/v2\/media?parent=770335"}],"wp:term":[{"taxonomy":"product_brand","embeddable":true,"href":"https:\/\/roveyayinevi.com.tr\/index.php\/wp-json\/wp\/v2\/product_brand?post=770335"},{"taxonomy":"product_cat","embeddable":true,"href":"https:\/\/roveyayinevi.com.tr\/index.php\/wp-json\/wp\/v2\/product_cat?post=770335"},{"taxonomy":"product_tag","embeddable":true,"href":"https:\/\/roveyayinevi.com.tr\/index.php\/wp-json\/wp\/v2\/product_tag?post=770335"}],"curies":[{"name":"wp","href":"https:\/\/api.w.org\/{rel}","templated":true}]}}