{"id":770333,"date":"2025-08-28T14:26:02","date_gmt":"2025-08-28T11:26:02","guid":{"rendered":"https:\/\/roveyayinevi.com.tr\/index.php\/urun\/dervisin-not-defteri\/"},"modified":"2026-04-15T03:36:38","modified_gmt":"2026-04-15T00:36:38","slug":"dervisin-not-defteri","status":"publish","type":"product","link":"https:\/\/roveyayinevi.com.tr\/index.php\/urun\/dervisin-not-defteri\/","title":{"rendered":"Dervi\u015fin Not Defteri"},"content":{"rendered":"<p>Manevi Yolculu\u011funuzun Kilidini A\u00e7\u0131p \u015eeyh Abd\u00fclkadir Geylani Hazretlerinin &#8220;Dervi\u015fin Not Defteri&#8221; \u0130le Kalbinizin Derinliklerine Yolculu\u011fa ba\u015flay\u0131n! E\u011fer hayat\u0131n\u0131z\u0131n anlam\u0131n\u0131 ar\u0131yorsan\u0131z, i\u00e7sel huzuru ve ger\u00e7ek mutlulu\u011fu bulmak istiyorsan\u0131z, bu kitap tam size g\u00f6re! B\u00fcy\u00fck \u0130slam alimi ve evliya \u015eeyh Abd\u00fclkadir Geylani&#8217;nin kalemiyle hayat bulan &#8220;Dervi\u015fin Not Defteri,&#8221;y\u00fczy\u0131llard\u0131r manevi aray\u0131\u015f i\u00e7inde olanlara \u0131\u015f\u0131k tutmu\u015ftur. \u015eimdi, bu derin bilgelik T\u00fcrk\u00e7ede, anla\u015f\u0131l\u0131r dille ve g\u00fcn\u00fcm\u00fcz insan\u0131n\u0131n anlay\u0131\u015f\u0131na uygun bir \u015fekilde sizlerle. &#8220;Dervi\u015fin Not Defteri&#8221; sadece bir kitap de\u011fil, bir d\u00f6n\u00fc\u015f\u00fcm yolculu\u011fudur. Bu kitap, sizi kalbinizin derinliklerine do\u011fru bir yolculu\u011fa \u00e7\u0131karacak. Kendi i\u00e7 d\u00fcnyan\u0131z\u0131 ke\u015ffedecek, maneviyat\u0131n\u0131z\u0131 g\u00fc\u00e7lendirecek ve Allah&#8217;a daha da yak\u0131nla\u015facaks\u0131n\u0131z. Unutmay\u0131n: &#8220;Bu d\u00fcnya, ahiretin tarlas\u0131d\u0131r.&#8221; Bu d\u00fcnyada ekti\u011finiz tohumlar, ahirette meyve verecektir. Bu kitab\u0131 okuyarak ahiret hayat\u0131n\u0131z i\u00e7in en g\u00fczel tohumlar\u0131 ekmeye ba\u015flay\u0131n. &#8220;Dervi\u015fin Not Defteri&#8221; ile maneviyat\u0131n\u0131z\u0131 ke\u015ffedin, kalbinizi ar\u0131nd\u0131r\u0131n ve Allah&#8217;a yak\u0131nla\u015f\u0131n! <\/p>\n","protected":false},"excerpt":{"rendered":"<p>Manevi Yolculu\u011funuzun Kilidini A\u00e7\u0131p \u015eeyh Abd\u00fclkadir Geylani Hazretlerinin &#8220;Dervi\u015fin Not Defteri&#8221; \u0130le Kalbinizin Derinliklerine Yolculu\u011fa ba\u015flay\u0131n! E\u011fer hayat\u0131n\u0131z\u0131n anlam\u0131n\u0131 ar\u0131yorsan\u0131z, i\u00e7sel huzuru ve ger\u00e7ek mutlulu\u011fu bulmak<span class=\"excerpt-hellip\"> [\u2026]<\/span><\/p>\n","protected":false},"featured_media":0,"template":"","meta":{"_monsterinsights_skip_tracking":false,"_monsterinsights_sitenote_active":false,"_monsterinsights_sitenote_note":"","_monsterinsights_sitenote_category":0},"product_brand":[],"product_cat":[12388],"product_tag":[],"class_list":{"0":"post-770333","1":"product","2":"type-product","3":"status-publish","5":"product_cat-felsefe","6":"pa_cilt-ciltsiz","7":"pa_tur-kitap","8":"pa_yayinevi-fa-yayinlari","9":"pa_yazar-abdulkadir-geylani","11":"first","12":"instock","13":"sale","14":"shipping-taxable","15":"purchasable","16":"product-type-simple"},"_links":{"self":[{"href":"https:\/\/roveyayinevi.com.tr\/index.php\/wp-json\/wp\/v2\/product\/770333","targetHints":{"allow":["GET"]}}],"collection":[{"href":"https:\/\/roveyayinevi.com.tr\/index.php\/wp-json\/wp\/v2\/product"}],"about":[{"href":"https:\/\/roveyayinevi.com.tr\/index.php\/wp-json\/wp\/v2\/types\/product"}],"wp:attachment":[{"href":"https:\/\/roveyayinevi.com.tr\/index.php\/wp-json\/wp\/v2\/media?parent=770333"}],"wp:term":[{"taxonomy":"product_brand","embeddable":true,"href":"https:\/\/roveyayinevi.com.tr\/index.php\/wp-json\/wp\/v2\/product_brand?post=770333"},{"taxonomy":"product_cat","embeddable":true,"href":"https:\/\/roveyayinevi.com.tr\/index.php\/wp-json\/wp\/v2\/product_cat?post=770333"},{"taxonomy":"product_tag","embeddable":true,"href":"https:\/\/roveyayinevi.com.tr\/index.php\/wp-json\/wp\/v2\/product_tag?post=770333"}],"curies":[{"name":"wp","href":"https:\/\/api.w.org\/{rel}","templated":true}]}}