{"id":770332,"date":"2025-08-28T14:26:00","date_gmt":"2025-08-28T11:26:00","guid":{"rendered":"https:\/\/roveyayinevi.com.tr\/index.php\/urun\/kayip-kita-mu-3\/"},"modified":"2026-04-15T03:36:38","modified_gmt":"2026-04-15T00:36:38","slug":"kayip-kita-mu-3","status":"publish","type":"product","link":"https:\/\/roveyayinevi.com.tr\/index.php\/urun\/kayip-kita-mu-3\/","title":{"rendered":"Kay\u0131p K\u0131ta Mu"},"content":{"rendered":"<p>Tarih, bazen bir f\u0131s\u0131lt\u0131 gibi kula\u011f\u0131m\u0131za \u00e7al\u0131nan efsanelerle doludur. Kay\u0131p K\u0131ta Mu da bu f\u0131s\u0131lt\u0131lardan biridir. Pasifik Okyanusu&#8217;nun derin sular\u0131nda, binlerce y\u0131l \u00f6nce batm\u0131\u015f oldu\u011funa inan\u0131lan bu efsanevi k\u0131ta, sadece bir mit de\u011fil, belki de insanl\u0131k tarihinin en b\u00fcy\u00fck s\u0131rr\u0131n\u0131 sakl\u0131yor olabilir. James Churchward&#8217;\u0131n milyonlarca y\u0131ll\u0131k jeolojik ara\u015ft\u0131rmalara ve kadim metinlere dayanan eseri Kay\u0131p K\u0131ta Mu, okuyucuyu bilinmeyene do\u011fru bir yolculu\u011fa \u00e7\u0131kar\u0131yor. Mu&#8217;nun g\u00f6rkemli \u015fehirlerinden, ileri teknolojisine, bilgeli\u011finden, t\u00fcm d\u00fcnyaya yay\u0131lan uygarl\u0131klar\u0131n k\u00f6kenine kadar bir\u00e7ok konuya \u0131\u015f\u0131k tutuyor.             Acaba ger\u00e7ekten de Mu diye bir k\u0131ta var m\u0131yd\u0131? E\u011fer varsa bu geli\u015fmi\u015f uygarl\u0131k nas\u0131l oldu da bir anda yok oldu? Mu&#8217;nun s\u0131rlar\u0131, bizim kendi tarihimize ve gelece\u011fimize nas\u0131l bir \u0131\u015f\u0131k tutabilir?             Bu sorular\u0131n cevaplar\u0131n\u0131 ararken Kay\u0131p K\u0131ta Mu&#8217;nun gizemli d\u00fcnyas\u0131nda kaybolacak, tarihin en b\u00fcy\u00fck s\u0131rlar\u0131ndan birinin pe\u015fine d\u00fc\u015feceksiniz. Unutmay\u0131n, baz\u0131 s\u0131rlar vard\u0131r ki onlar\u0131 aramaya cesaret edenler i\u00e7in sonsuza dek de\u011fi\u015fir. <\/p>\n","protected":false},"excerpt":{"rendered":"<p>Tarih, bazen bir f\u0131s\u0131lt\u0131 gibi kula\u011f\u0131m\u0131za \u00e7al\u0131nan efsanelerle doludur. Kay\u0131p K\u0131ta Mu da bu f\u0131s\u0131lt\u0131lardan biridir. Pasifik Okyanusu&#8217;nun derin sular\u0131nda, binlerce y\u0131l \u00f6nce batm\u0131\u015f oldu\u011funa inan\u0131lan<span class=\"excerpt-hellip\"> [\u2026]<\/span><\/p>\n","protected":false},"featured_media":0,"template":"","meta":{"_monsterinsights_skip_tracking":false,"_monsterinsights_sitenote_active":false,"_monsterinsights_sitenote_note":"","_monsterinsights_sitenote_category":0},"product_brand":[],"product_cat":[12304],"product_tag":[],"class_list":{"0":"post-770332","1":"product","2":"type-product","3":"status-publish","5":"product_cat-tarih","6":"pa_cilt-ciltsiz","7":"pa_tur-kitap","8":"pa_yayinevi-fa-yayinlari","9":"pa_yazar-james-churcward","11":"first","12":"instock","13":"sale","14":"shipping-taxable","15":"purchasable","16":"product-type-simple"},"_links":{"self":[{"href":"https:\/\/roveyayinevi.com.tr\/index.php\/wp-json\/wp\/v2\/product\/770332","targetHints":{"allow":["GET"]}}],"collection":[{"href":"https:\/\/roveyayinevi.com.tr\/index.php\/wp-json\/wp\/v2\/product"}],"about":[{"href":"https:\/\/roveyayinevi.com.tr\/index.php\/wp-json\/wp\/v2\/types\/product"}],"wp:attachment":[{"href":"https:\/\/roveyayinevi.com.tr\/index.php\/wp-json\/wp\/v2\/media?parent=770332"}],"wp:term":[{"taxonomy":"product_brand","embeddable":true,"href":"https:\/\/roveyayinevi.com.tr\/index.php\/wp-json\/wp\/v2\/product_brand?post=770332"},{"taxonomy":"product_cat","embeddable":true,"href":"https:\/\/roveyayinevi.com.tr\/index.php\/wp-json\/wp\/v2\/product_cat?post=770332"},{"taxonomy":"product_tag","embeddable":true,"href":"https:\/\/roveyayinevi.com.tr\/index.php\/wp-json\/wp\/v2\/product_tag?post=770332"}],"curies":[{"name":"wp","href":"https:\/\/api.w.org\/{rel}","templated":true}]}}