{"id":770331,"date":"2025-08-28T14:25:58","date_gmt":"2025-08-28T11:25:58","guid":{"rendered":"https:\/\/roveyayinevi.com.tr\/index.php\/urun\/ic-savaslar\/"},"modified":"2026-04-15T03:36:38","modified_gmt":"2026-04-15T00:36:38","slug":"ic-savaslar","status":"publish","type":"product","link":"https:\/\/roveyayinevi.com.tr\/index.php\/urun\/ic-savaslar\/","title":{"rendered":"\u0130\u00e7 Sava\u015flar"},"content":{"rendered":"<p>Roma \u0130mparatorlu\u011fu\u2019nun i\u00e7 sava\u015flar\u0131 ve siyasi \u00e7at\u0131\u015fmalar\u0131 \u00fczerine odaklanan bu eser, Roma&#8217;n\u0131n i\u00e7 sava\u015flar\u0131n\u0131n, sosyal yap\u0131s\u0131n\u0131n ve siyasi m\u00fccadelesinin anla\u015f\u0131lmas\u0131nda \u00f6nemli bir kaynakt\u0131r. Eserde, \u0130mparatorlu\u011fun son d\u00f6nemlerinde, \u00f6zellikle M\u00d6 1. y\u00fczy\u0131lda ya\u015fanan \u00f6nemli i\u00e7 sava\u015flar detayl\u0131 bir bi\u00e7imde ve farkl\u0131 ba\u015fl\u0131klarla anlat\u0131l\u0131yor. Bu ba\u015fl\u0131klar Roma Cumhuriyeti&#8217;nin \u00e7\u00f6k\u00fc\u015f\u00fcne ve Roma&#8217;n\u0131n bir imparatorlu\u011fa d\u00f6n\u00fc\u015fmesine giden yolda, Cumhuriyetin \u00e7e\u015fitli siyasi ve askeri g\u00fc\u00e7ler aras\u0131ndaki \u00e7at\u0131\u015fmalar\u0131n\u0131 kaps\u0131yor. \u00d6zellikle de Gaius Marius, Lucius Cornelius Sulla, Julius Sezar, Pompeius gibi \u00f6ne \u00e7\u0131kan fig\u00fcrler ve onlar\u0131n i\u00e7 sava\u015flara etkileri detayl\u0131 bir \u015fekilde ele al\u0131n\u0131yor. Appian, sadece askeri stratejiler ve liderlerin hareketlerini de\u011fil, ayn\u0131 zamanda bu i\u00e7 sava\u015flar\u0131n Roma toplumuna, yasalar\u0131na ve devlet yap\u0131s\u0131na olan etkilerini de tart\u0131\u015f\u0131yor bu eserinde. \u0130\u00e7 sava\u015flar\u0131n Cumhuriyet\u2019in g\u00fc\u00e7 yap\u0131s\u0131n\u0131 nas\u0131l zay\u0131flatt\u0131\u011f\u0131n\u0131 ve nihayetinde \u0130mparatorlu\u011fa nas\u0131l yol a\u00e7t\u0131\u011f\u0131n\u0131 detayland\u0131r\u0131r. \u0130\u00e7 Sava\u015flar, Roma tarihi \u00fczerine yap\u0131lan \u00e7al\u0131\u015fmalarda b\u00fcy\u00fck bir \u00f6neme sahiptir. \u00c7\u00fcnk\u00fc eserin yaz\u0131ld\u0131\u011f\u0131 d\u00f6nemde (M.S. 2. y\u00fczy\u0131l), Roma Cumhuriyeti&#8217;nin \u00e7\u00f6k\u00fc\u015f\u00fcn\u00fc anlatan kaynaklar s\u0131n\u0131rl\u0131d\u0131r. Appian, olaylar\u0131 do\u011frudan tan\u0131kl\u0131k etti\u011fi bir d\u00f6nemde yazmasa da, \u00e7ok say\u0131da antik kayna\u011fa dayanarak geni\u015f bir perspektif sunar. <\/p>\n","protected":false},"excerpt":{"rendered":"<p>Roma \u0130mparatorlu\u011fu\u2019nun i\u00e7 sava\u015flar\u0131 ve siyasi \u00e7at\u0131\u015fmalar\u0131 \u00fczerine odaklanan bu eser, Roma&#8217;n\u0131n i\u00e7 sava\u015flar\u0131n\u0131n, sosyal yap\u0131s\u0131n\u0131n ve siyasi m\u00fccadelesinin anla\u015f\u0131lmas\u0131nda \u00f6nemli bir kaynakt\u0131r. Eserde, \u0130mparatorlu\u011fun son<span class=\"excerpt-hellip\"> [\u2026]<\/span><\/p>\n","protected":false},"featured_media":0,"template":"","meta":{"_monsterinsights_skip_tracking":false,"_monsterinsights_sitenote_active":false,"_monsterinsights_sitenote_note":"","_monsterinsights_sitenote_category":0},"product_brand":[],"product_cat":[12304],"product_tag":[],"class_list":{"0":"post-770331","1":"product","2":"type-product","3":"status-publish","5":"product_cat-tarih","6":"pa_cilt-ciltsiz","7":"pa_tur-kitap","8":"pa_yayinevi-toz-yayinlari","9":"pa_yazar-iskenderiyeli-appian","11":"first","12":"instock","13":"sale","14":"shipping-taxable","15":"purchasable","16":"product-type-simple"},"_links":{"self":[{"href":"https:\/\/roveyayinevi.com.tr\/index.php\/wp-json\/wp\/v2\/product\/770331","targetHints":{"allow":["GET"]}}],"collection":[{"href":"https:\/\/roveyayinevi.com.tr\/index.php\/wp-json\/wp\/v2\/product"}],"about":[{"href":"https:\/\/roveyayinevi.com.tr\/index.php\/wp-json\/wp\/v2\/types\/product"}],"wp:attachment":[{"href":"https:\/\/roveyayinevi.com.tr\/index.php\/wp-json\/wp\/v2\/media?parent=770331"}],"wp:term":[{"taxonomy":"product_brand","embeddable":true,"href":"https:\/\/roveyayinevi.com.tr\/index.php\/wp-json\/wp\/v2\/product_brand?post=770331"},{"taxonomy":"product_cat","embeddable":true,"href":"https:\/\/roveyayinevi.com.tr\/index.php\/wp-json\/wp\/v2\/product_cat?post=770331"},{"taxonomy":"product_tag","embeddable":true,"href":"https:\/\/roveyayinevi.com.tr\/index.php\/wp-json\/wp\/v2\/product_tag?post=770331"}],"curies":[{"name":"wp","href":"https:\/\/api.w.org\/{rel}","templated":true}]}}