{"id":770329,"date":"2025-08-28T14:25:54","date_gmt":"2025-08-28T11:25:54","guid":{"rendered":"https:\/\/roveyayinevi.com.tr\/index.php\/urun\/ailemizin-agaci\/"},"modified":"2026-04-15T03:36:38","modified_gmt":"2026-04-15T00:36:38","slug":"ailemizin-agaci","status":"publish","type":"product","link":"https:\/\/roveyayinevi.com.tr\/index.php\/urun\/ailemizin-agaci\/","title":{"rendered":"Ailemizin A\u011fac\u0131"},"content":{"rendered":"<p>\u00c7imenlikli tepede, minik bir a\u011fa\u00e7 vard\u0131. Tek ba\u015f\u0131na olmak onu \u00fcz\u00fcyordu. Aradan mevsimler ge\u00e7ti, minik a\u011fa\u00e7 b\u00fcy\u00fcd\u00fc. Derken, g\u00fcn\u00fcn birinde muhte\u015fem bir \u015fey oldu&#8230;Do\u011fan\u0131n g\u00fcc\u00fc ve ailenin \u00f6nemine dair bir hik\u00e2ye. <\/p>\n","protected":false},"excerpt":{"rendered":"<p>\u00c7imenlikli tepede, minik bir a\u011fa\u00e7 vard\u0131. Tek ba\u015f\u0131na olmak onu \u00fcz\u00fcyordu. Aradan mevsimler ge\u00e7ti, minik a\u011fa\u00e7 b\u00fcy\u00fcd\u00fc. Derken, g\u00fcn\u00fcn birinde muhte\u015fem bir \u015fey oldu&#8230;Do\u011fan\u0131n g\u00fcc\u00fc ve<span class=\"excerpt-hellip\"> [\u2026]<\/span><\/p>\n","protected":false},"featured_media":0,"template":"","meta":{"_monsterinsights_skip_tracking":false,"_monsterinsights_sitenote_active":false,"_monsterinsights_sitenote_note":"","_monsterinsights_sitenote_category":0},"product_brand":[],"product_cat":[12274,12284],"product_tag":[],"class_list":{"0":"post-770329","1":"product","2":"type-product","3":"status-publish","5":"product_cat-cocuk-ve-genclik-kitaplari","6":"product_cat-hikayeler","7":"pa_cilt-ciltsiz","8":"pa_tur-kitap","9":"pa_yayinevi-is-bankasi-kultur-yayinlari","10":"pa_yazar-oakley-graham","12":"first","13":"instock","14":"sale","15":"shipping-taxable","16":"purchasable","17":"product-type-simple"},"_links":{"self":[{"href":"https:\/\/roveyayinevi.com.tr\/index.php\/wp-json\/wp\/v2\/product\/770329","targetHints":{"allow":["GET"]}}],"collection":[{"href":"https:\/\/roveyayinevi.com.tr\/index.php\/wp-json\/wp\/v2\/product"}],"about":[{"href":"https:\/\/roveyayinevi.com.tr\/index.php\/wp-json\/wp\/v2\/types\/product"}],"wp:attachment":[{"href":"https:\/\/roveyayinevi.com.tr\/index.php\/wp-json\/wp\/v2\/media?parent=770329"}],"wp:term":[{"taxonomy":"product_brand","embeddable":true,"href":"https:\/\/roveyayinevi.com.tr\/index.php\/wp-json\/wp\/v2\/product_brand?post=770329"},{"taxonomy":"product_cat","embeddable":true,"href":"https:\/\/roveyayinevi.com.tr\/index.php\/wp-json\/wp\/v2\/product_cat?post=770329"},{"taxonomy":"product_tag","embeddable":true,"href":"https:\/\/roveyayinevi.com.tr\/index.php\/wp-json\/wp\/v2\/product_tag?post=770329"}],"curies":[{"name":"wp","href":"https:\/\/api.w.org\/{rel}","templated":true}]}}