{"id":770328,"date":"2025-08-28T14:25:53","date_gmt":"2025-08-28T11:25:53","guid":{"rendered":"https:\/\/roveyayinevi.com.tr\/index.php\/urun\/kolay-piyano-3-spiralli\/"},"modified":"2026-04-15T03:36:38","modified_gmt":"2026-04-15T00:36:38","slug":"kolay-piyano-3-spiralli","status":"publish","type":"product","link":"https:\/\/roveyayinevi.com.tr\/index.php\/urun\/kolay-piyano-3-spiralli\/","title":{"rendered":"Kolay Piyano 3 (Spiralli)"},"content":{"rendered":"<p>Uzun bir aradan sonra yine sizlerleyiz. Uzun ama verimli bir s\u00fcre\u00e7 sonunda Kolay Piyano 3 ortaya \u00e7\u0131kt\u0131. B\u00f6ylece \u00fc\u00e7leme tamamland\u0131. Kolay Piyano 1 yeni ba\u015flayanlar i\u00e7in, Kolay Piyano 2 \u201cBen bu i\u015fi sevdim, devam ediyorum\u201d diyenler i\u00e7in, Kolay Piyano 3 ise \u201cM\u00fczik benim ya\u015fant\u0131 bi\u00e7imim, her y\u00f6n\u00fcyle \u00f6\u011frenmek istiyorum\u201d diyerek ko\u015fanlar i\u00e7in\u2026 Bu a\u015famada basit ve sistemli bir bi\u00e7imde armoniye de temel olacak bilgiler vermeye \u00e7al\u0131\u015ft\u0131k. Kolay Piyano 2\u2019de giri\u015f yapt\u0131\u011f\u0131m\u0131z ve s\u0131ras\u0131yla da maj\u00f6rden ba\u015flayarak si min\u00f6re kadar getirdi\u011fimiz tonlar\u0131n tamam\u0131n\u0131, si bemol maj\u00f6rden itibaren anlat\u0131p \u00f6rneklendirdik. Ayr\u0131ca repertuar olu\u015fturmak i\u00e7in sevilen yap\u0131tlardan bir se\u00e7ki haz\u0131rlad\u0131k. Son b\u00f6l\u00fcmde, halk m\u00fczi\u011fimizde de \u00e7ok \u00f6nemli yeri olan aksak \u00f6l\u00e7\u00fcleri anlatarak \u00f6rnekler verdik. Sanatsal yarat\u0131 ve d\u00fc\u015f\u00fcnceye katk\u0131 sunabildiysek ne mutlu\u2026 <\/p>\n","protected":false},"excerpt":{"rendered":"<p>Uzun bir aradan sonra yine sizlerleyiz. Uzun ama verimli bir s\u00fcre\u00e7 sonunda Kolay Piyano 3 ortaya \u00e7\u0131kt\u0131. B\u00f6ylece \u00fc\u00e7leme tamamland\u0131. Kolay Piyano 1 yeni ba\u015flayanlar i\u00e7in,<span class=\"excerpt-hellip\"> [\u2026]<\/span><\/p>\n","protected":false},"featured_media":0,"template":"","meta":{"_monsterinsights_skip_tracking":false,"_monsterinsights_sitenote_active":false,"_monsterinsights_sitenote_note":"","_monsterinsights_sitenote_category":0},"product_brand":[],"product_cat":[14556,20810],"product_tag":[],"class_list":{"0":"post-770328","1":"product","2":"type-product","3":"status-publish","5":"product_cat-muzik","6":"product_cat-ogrenim-kitaplari","7":"pa_cilt-ciltsiz","8":"pa_tur-kitap","9":"pa_yayinevi-alfa-yayinlari","10":"pa_yazar-sevinc-ereren","12":"first","13":"instock","14":"sale","15":"shipping-taxable","16":"purchasable","17":"product-type-simple"},"_links":{"self":[{"href":"https:\/\/roveyayinevi.com.tr\/index.php\/wp-json\/wp\/v2\/product\/770328","targetHints":{"allow":["GET"]}}],"collection":[{"href":"https:\/\/roveyayinevi.com.tr\/index.php\/wp-json\/wp\/v2\/product"}],"about":[{"href":"https:\/\/roveyayinevi.com.tr\/index.php\/wp-json\/wp\/v2\/types\/product"}],"wp:attachment":[{"href":"https:\/\/roveyayinevi.com.tr\/index.php\/wp-json\/wp\/v2\/media?parent=770328"}],"wp:term":[{"taxonomy":"product_brand","embeddable":true,"href":"https:\/\/roveyayinevi.com.tr\/index.php\/wp-json\/wp\/v2\/product_brand?post=770328"},{"taxonomy":"product_cat","embeddable":true,"href":"https:\/\/roveyayinevi.com.tr\/index.php\/wp-json\/wp\/v2\/product_cat?post=770328"},{"taxonomy":"product_tag","embeddable":true,"href":"https:\/\/roveyayinevi.com.tr\/index.php\/wp-json\/wp\/v2\/product_tag?post=770328"}],"curies":[{"name":"wp","href":"https:\/\/api.w.org\/{rel}","templated":true}]}}