{"id":770326,"date":"2025-08-28T14:25:49","date_gmt":"2025-08-28T11:25:49","guid":{"rendered":"https:\/\/roveyayinevi.com.tr\/index.php\/urun\/dilek-kutuphanesi-sonsuza-dek-arkadas\/"},"modified":"2026-04-15T03:36:38","modified_gmt":"2026-04-15T00:36:38","slug":"dilek-kutuphanesi-sonsuza-dek-arkadas","status":"publish","type":"product","link":"https:\/\/roveyayinevi.com.tr\/index.php\/urun\/dilek-kutuphanesi-sonsuza-dek-arkadas\/","title":{"rendered":"Dilek K\u00fct\u00fcphanesi &#8211; Sonsuza Dek Arkada\u015f"},"content":{"rendered":"<p>Ne diledi\u011fine dikkat et\u2026 En iyi arkada\u015flar her \u015feyi payla\u015f\u0131rlar. En az\u0131ndan Raven \u00f6yle yapt\u0131klar\u0131n\u0131 san\u0131yordu. Sonra Luca ona sormadan, okuldaki yetenek g\u00f6sterisi i\u00e7in Raven\u2019in de ad\u0131n\u0131 kat\u0131l\u0131mc\u0131 listesine yazd\u0131. Sinirlenen Raven, Luca\u2019ya k\u00fcst\u00fc ve ondan uzak durmaya karar verdi. Ancak iki arkada\u015f\u0131n ayr\u0131 kalmas\u0131 m\u00fcmk\u00fcn olmad\u0131, baz\u0131 kuvvetler onlar\u0131 bir arada tutuyordu. Sanki g\u00f6r\u00fcnmeyen bir iple ba\u011fl\u0131ym\u0131\u015f gibi hareket etmeye ba\u015flam\u0131\u015flard\u0131. Acaba Luca, Raven\u2019e sormadan Dilek K\u00fct\u00fcphanesi\u2019ne mi gitmi\u015fti?<\/p>\n","protected":false},"excerpt":{"rendered":"<p>Ne diledi\u011fine dikkat et\u2026 En iyi arkada\u015flar her \u015feyi payla\u015f\u0131rlar. En az\u0131ndan Raven \u00f6yle yapt\u0131klar\u0131n\u0131 san\u0131yordu. Sonra Luca ona sormadan, okuldaki yetenek g\u00f6sterisi i\u00e7in Raven\u2019in de<span class=\"excerpt-hellip\"> [\u2026]<\/span><\/p>\n","protected":false},"featured_media":0,"template":"","meta":{"_monsterinsights_skip_tracking":false,"_monsterinsights_sitenote_active":false,"_monsterinsights_sitenote_note":"","_monsterinsights_sitenote_category":0},"product_brand":[],"product_cat":[12274,12284],"product_tag":[],"class_list":{"0":"post-770326","1":"product","2":"type-product","3":"status-publish","5":"product_cat-cocuk-ve-genclik-kitaplari","6":"product_cat-hikayeler","7":"pa_cilt-ciltsiz","8":"pa_tur-kitap","9":"pa_yayinevi-is-bankasi-kultur-yayinlari","10":"pa_yazar-christine-evans","12":"first","13":"instock","14":"sale","15":"shipping-taxable","16":"purchasable","17":"product-type-simple"},"_links":{"self":[{"href":"https:\/\/roveyayinevi.com.tr\/index.php\/wp-json\/wp\/v2\/product\/770326","targetHints":{"allow":["GET"]}}],"collection":[{"href":"https:\/\/roveyayinevi.com.tr\/index.php\/wp-json\/wp\/v2\/product"}],"about":[{"href":"https:\/\/roveyayinevi.com.tr\/index.php\/wp-json\/wp\/v2\/types\/product"}],"wp:attachment":[{"href":"https:\/\/roveyayinevi.com.tr\/index.php\/wp-json\/wp\/v2\/media?parent=770326"}],"wp:term":[{"taxonomy":"product_brand","embeddable":true,"href":"https:\/\/roveyayinevi.com.tr\/index.php\/wp-json\/wp\/v2\/product_brand?post=770326"},{"taxonomy":"product_cat","embeddable":true,"href":"https:\/\/roveyayinevi.com.tr\/index.php\/wp-json\/wp\/v2\/product_cat?post=770326"},{"taxonomy":"product_tag","embeddable":true,"href":"https:\/\/roveyayinevi.com.tr\/index.php\/wp-json\/wp\/v2\/product_tag?post=770326"}],"curies":[{"name":"wp","href":"https:\/\/api.w.org\/{rel}","templated":true}]}}