{"id":770320,"date":"2025-08-28T14:25:35","date_gmt":"2025-08-28T11:25:35","guid":{"rendered":"https:\/\/roveyayinevi.com.tr\/index.php\/urun\/genclik-yolun-sonu\/"},"modified":"2026-04-15T03:36:38","modified_gmt":"2026-04-15T00:36:38","slug":"genclik-yolun-sonu","status":"publish","type":"product","link":"https:\/\/roveyayinevi.com.tr\/index.php\/urun\/genclik-yolun-sonu\/","title":{"rendered":"Gen\u00e7lik &#8211; Yolun Sonu"},"content":{"rendered":"<p>Joseph Conrad\u2019\u0131n Gen\u00e7lik ile Yolun Sonu yap\u0131tlar\u0131, yay\u0131nevimizden yay\u0131mlanm\u0131\u015f olan Karanl\u0131\u011f\u0131n Y\u00fcre\u011fi\u2019yle birlikte bir \u00fc\u00e7lemenin tamamlay\u0131c\u0131s\u0131d\u0131r. Conrad, \u00f6yk\u00fc i\u00e7inde \u00f6yk\u00fc sunan katmanl\u0131 anlat\u0131m\u0131yla, okuru ya\u015fam yolculu\u011funda benimsedi\u011fi ilkelerin ge\u00e7erlili\u011fi \u00fczerine derinlikli sorgulamalara davet eder. Bir ser\u00fcven atmosferinde i\u015fledi\u011fi deniz ve do\u011fan\u0131n evcille\u015ftirilemez g\u00fc\u00e7leri, insani de\u011ferlere k\u00f6kten meydan okuyan kaosun metaforlar\u0131d\u0131r. Peki insan, kendi ilke ve istemlerine kay\u0131ts\u0131z bu evren kar\u015f\u0131s\u0131nda \u00e2ciz midir? Conrad\u2019da insan tam da gen\u00e7lik, olgunluk ve ya\u015fl\u0131l\u0131k evrelerinde bu meydan okumaya farkl\u0131 yan\u0131tlar \u00fcreten bir sentezdir. Marlow karakterinin damgas\u0131n\u0131 vurdu\u011fu Gen\u00e7lik, direngenlik ve umutla bu k\u0131r\u0131lganl\u0131\u011f\u0131n \u00fczerine y\u00fcr\u00fcr. Yolun Sonu ise \u00f6mr\u00fcn son demlerinde de\u011ferlere tutunurken sessiz bir geri \u00e7ekili\u015fi betimler.<\/p>\n","protected":false},"excerpt":{"rendered":"<p>Joseph Conrad\u2019\u0131n Gen\u00e7lik ile Yolun Sonu yap\u0131tlar\u0131, yay\u0131nevimizden yay\u0131mlanm\u0131\u015f olan Karanl\u0131\u011f\u0131n Y\u00fcre\u011fi\u2019yle birlikte bir \u00fc\u00e7lemenin tamamlay\u0131c\u0131s\u0131d\u0131r. Conrad, \u00f6yk\u00fc i\u00e7inde \u00f6yk\u00fc sunan katmanl\u0131 anlat\u0131m\u0131yla, okuru ya\u015fam yolculu\u011funda<span class=\"excerpt-hellip\"> [\u2026]<\/span><\/p>\n","protected":false},"featured_media":0,"template":"","meta":{"_monsterinsights_skip_tracking":false,"_monsterinsights_sitenote_active":false,"_monsterinsights_sitenote_note":"","_monsterinsights_sitenote_category":0},"product_brand":[],"product_cat":[12291,12711],"product_tag":[],"class_list":{"0":"post-770320","1":"product","2":"type-product","3":"status-publish","5":"product_cat-edebiyat","6":"product_cat-roman-oyku","7":"pa_cilt-ciltsiz","8":"pa_tur-kitap","9":"pa_yayinevi-is-bankasi-kultur-yayinlari","10":"pa_yazar-joseph-conrad","12":"first","13":"instock","14":"sale","15":"shipping-taxable","16":"purchasable","17":"product-type-simple"},"_links":{"self":[{"href":"https:\/\/roveyayinevi.com.tr\/index.php\/wp-json\/wp\/v2\/product\/770320","targetHints":{"allow":["GET"]}}],"collection":[{"href":"https:\/\/roveyayinevi.com.tr\/index.php\/wp-json\/wp\/v2\/product"}],"about":[{"href":"https:\/\/roveyayinevi.com.tr\/index.php\/wp-json\/wp\/v2\/types\/product"}],"wp:attachment":[{"href":"https:\/\/roveyayinevi.com.tr\/index.php\/wp-json\/wp\/v2\/media?parent=770320"}],"wp:term":[{"taxonomy":"product_brand","embeddable":true,"href":"https:\/\/roveyayinevi.com.tr\/index.php\/wp-json\/wp\/v2\/product_brand?post=770320"},{"taxonomy":"product_cat","embeddable":true,"href":"https:\/\/roveyayinevi.com.tr\/index.php\/wp-json\/wp\/v2\/product_cat?post=770320"},{"taxonomy":"product_tag","embeddable":true,"href":"https:\/\/roveyayinevi.com.tr\/index.php\/wp-json\/wp\/v2\/product_tag?post=770320"}],"curies":[{"name":"wp","href":"https:\/\/api.w.org\/{rel}","templated":true}]}}