{"id":770319,"date":"2025-08-28T14:25:33","date_gmt":"2025-08-28T11:25:33","guid":{"rendered":"https:\/\/roveyayinevi.com.tr\/index.php\/urun\/sumer-babil-tufan-ve-yaratilis-destanlari-hasan-ali-yucel-klasikler-ciltli\/"},"modified":"2026-04-15T03:36:38","modified_gmt":"2026-04-15T00:36:38","slug":"sumer-babil-tufan-ve-yaratilis-destanlari-hasan-ali-yucel-klasikler-ciltli","status":"publish","type":"product","link":"https:\/\/roveyayinevi.com.tr\/index.php\/urun\/sumer-babil-tufan-ve-yaratilis-destanlari-hasan-ali-yucel-klasikler-ciltli\/","title":{"rendered":"S\u00fcmer &#8211; Babil Tufan ve Yarat\u0131l\u0131\u015f Destanlar\u0131 &#8211; Hasan Ali Y\u00fccel Klasikler (Ciltli)"},"content":{"rendered":"<p>Hasan \u00c2li Y\u00fccel Klasikler Dizisi S\u00fcmer-B\u00e2bil Tufan ve Yarat\u0131l\u0131\u015f Destanlar\u0131 eseriyle Eski Mezopotamya\u2019n\u0131n k\u00fclt\u00fcrel miras\u0131n\u0131 onurland\u0131rmaya devam ediyor. \u0130nsan\u0131n ortaya \u00e7\u0131k\u0131\u015f\u0131, toplumsal d\u00fczenin ilk kurulu\u015fu, tanr\u0131lar ve do\u011fan\u0131n olu\u015fumunu konu alan yarat\u0131l\u0131\u015f destanlar\u0131, yarat\u0131l\u0131\u015f b\u00fcy\u00fcleri ile insanl\u0131\u011f\u0131n ilk b\u00fcy\u00fck yok olu\u015f ve dirili\u015f anlat\u0131s\u0131 olan tufan destanlar\u0131n\u0131n S\u00fcmer ve B\u00e2bil halklar\u0131n\u0131n k\u00fclt\u00fcrel ve din\u00ee ya\u015famlar\u0131nda \u00e7ok \u00f6nemli bir yeri vard\u0131r. Elinizdeki bu kitap, bu destanlar\u0131n hepsini T\u00fcrk\u00e7ede ilk kez bir araya getiren ve t\u00fcm n\u00fcshalar\u0131n (kaz\u0131larda en son bulunanlar dahil t\u00fcm n\u00fcshalardaki korunmu\u015f t\u00fcm fragmanlar\u0131n) \u00f6zg\u00fcn dillerinden kar\u015f\u0131la\u015ft\u0131rmal\u0131 \u00e7evirilerini i\u00e7eren biricik, kapsaml\u0131 ve yetkin bir \u00e7al\u0131\u015fman\u0131n eseridir. Yedi Tanr\u0131n\u0131n Do\u011fu\u015fu, Enlil Destan\u0131, Enki ve D\u00fcnya D\u00fczeni, Ninurta ve Anzu Destan\u0131, B\u00e2bil\u2019in A\u011f\u0131r \u0130\u015fleri, Dunnu Teogonisi, Canl\u0131lar ve Nesnelerle \u0130lgili Yarat\u0131l\u0131\u015f Destanlar\u0131 (kazma, tah\u0131l, a\u011fa\u00e7 kam\u0131\u015f, yaz-k\u0131\u015f, ku\u015f-bal\u0131k, kral, \u00f6r\u00fcmcek vd.), Yarat\u0131l\u0131\u015f B\u00fcy\u00fcleri, S\u00fcmer Tufan Destan\u0131, tufan anlat\u0131lar\u0131 (Ugarit, Hitit ve Antik Yunan) ve daha pek \u00e7ok dikkat \u00e7ekici metne B\u00e2bil Yarat\u0131l\u0131\u015f Destan\u0131 \u2013Enuma Eli\u015f\u2013 ve B\u00e2bil Hemeroloji Serisi \u2013U\u011furlu ve U\u011fursuz G\u00fcnler Takvimi\u2013 kadar \u00f6nem atfedilen Atra-\u1e2bas\u012bs Destan\u0131 ve Atra-\u1e2bas\u012bs Tufan Destan\u0131 e\u015flik ediyor.<\/p>\n","protected":false},"excerpt":{"rendered":"<p>Hasan \u00c2li Y\u00fccel Klasikler Dizisi S\u00fcmer-B\u00e2bil Tufan ve Yarat\u0131l\u0131\u015f Destanlar\u0131 eseriyle Eski Mezopotamya\u2019n\u0131n k\u00fclt\u00fcrel miras\u0131n\u0131 onurland\u0131rmaya devam ediyor. \u0130nsan\u0131n ortaya \u00e7\u0131k\u0131\u015f\u0131, toplumsal d\u00fczenin ilk kurulu\u015fu, tanr\u0131lar<span class=\"excerpt-hellip\"> [\u2026]<\/span><\/p>\n","protected":false},"featured_media":0,"template":"","meta":{"_monsterinsights_skip_tracking":false,"_monsterinsights_sitenote_active":false,"_monsterinsights_sitenote_note":"","_monsterinsights_sitenote_category":0},"product_brand":[],"product_cat":[12291,13706],"product_tag":[],"class_list":{"0":"post-770319","1":"product","2":"type-product","3":"status-publish","5":"product_cat-edebiyat","6":"product_cat-efsane-destan-masal","7":"pa_cilt-ciltli","8":"pa_tur-kitap","9":"pa_yayinevi-is-bankasi-kultur-yayinlari","10":"pa_yazar-kolektif","12":"first","13":"instock","14":"sale","15":"shipping-taxable","16":"purchasable","17":"product-type-simple"},"_links":{"self":[{"href":"https:\/\/roveyayinevi.com.tr\/index.php\/wp-json\/wp\/v2\/product\/770319","targetHints":{"allow":["GET"]}}],"collection":[{"href":"https:\/\/roveyayinevi.com.tr\/index.php\/wp-json\/wp\/v2\/product"}],"about":[{"href":"https:\/\/roveyayinevi.com.tr\/index.php\/wp-json\/wp\/v2\/types\/product"}],"wp:attachment":[{"href":"https:\/\/roveyayinevi.com.tr\/index.php\/wp-json\/wp\/v2\/media?parent=770319"}],"wp:term":[{"taxonomy":"product_brand","embeddable":true,"href":"https:\/\/roveyayinevi.com.tr\/index.php\/wp-json\/wp\/v2\/product_brand?post=770319"},{"taxonomy":"product_cat","embeddable":true,"href":"https:\/\/roveyayinevi.com.tr\/index.php\/wp-json\/wp\/v2\/product_cat?post=770319"},{"taxonomy":"product_tag","embeddable":true,"href":"https:\/\/roveyayinevi.com.tr\/index.php\/wp-json\/wp\/v2\/product_tag?post=770319"}],"curies":[{"name":"wp","href":"https:\/\/api.w.org\/{rel}","templated":true}]}}