{"id":770315,"date":"2025-08-28T14:25:23","date_gmt":"2025-08-28T11:25:23","guid":{"rendered":"https:\/\/roveyayinevi.com.tr\/index.php\/urun\/bisiklet-oykuler\/"},"modified":"2026-04-15T03:36:38","modified_gmt":"2026-04-15T00:36:38","slug":"bisiklet-oykuler","status":"publish","type":"product","link":"https:\/\/roveyayinevi.com.tr\/index.php\/urun\/bisiklet-oykuler\/","title":{"rendered":"Bisiklet \u00d6yk\u00fcler"},"content":{"rendered":"<p>Sa\u00e7lar\u0131n\u0131 sar\u0131ya boyatt\u0131rd\u0131m. G\u00f6zleri ye\u015fil diye evlenmi\u015ftim. \u00c7ocu\u011fuma ad\u0131n\u0131 verdim. Resminin as\u0131lmas\u0131n\u0131 yad\u0131rgamad\u0131lar. Az\u0131c\u0131k g\u00fccendi sonra al\u0131\u015ft\u0131 kaynanam. \u00c7ok g\u00fczelmi\u015f diyor kay\u0131nbabam. K\u0131z\u0131m da sevdi seni bilmeden. Bir ben al\u0131\u015famad\u0131m bir ben. O odaya. Herkesin sana bakmas\u0131na. Bu eve. Duvardaki sana. Bir ben al\u0131\u015famad\u0131m bir ben sana.<\/p>\n","protected":false},"excerpt":{"rendered":"<p>Sa\u00e7lar\u0131n\u0131 sar\u0131ya boyatt\u0131rd\u0131m. G\u00f6zleri ye\u015fil diye evlenmi\u015ftim. \u00c7ocu\u011fuma ad\u0131n\u0131 verdim. Resminin as\u0131lmas\u0131n\u0131 yad\u0131rgamad\u0131lar. Az\u0131c\u0131k g\u00fccendi sonra al\u0131\u015ft\u0131 kaynanam. \u00c7ok g\u00fczelmi\u015f diyor kay\u0131nbabam. K\u0131z\u0131m da sevdi seni<span class=\"excerpt-hellip\"> [\u2026]<\/span><\/p>\n","protected":false},"featured_media":0,"template":"","meta":{"_monsterinsights_skip_tracking":false,"_monsterinsights_sitenote_active":false,"_monsterinsights_sitenote_note":"","_monsterinsights_sitenote_category":0},"product_brand":[],"product_cat":[12291,18202],"product_tag":[],"class_list":{"0":"post-770315","1":"product","2":"type-product","3":"status-publish","5":"product_cat-edebiyat","6":"product_cat-hikaye","7":"pa_cilt-ciltsiz","8":"pa_tur-kitap","9":"pa_yayinevi-vaveyla-yayincilik","10":"pa_yazar-seckin-gunduz","12":"first","13":"instock","14":"sale","15":"shipping-taxable","16":"purchasable","17":"product-type-simple"},"_links":{"self":[{"href":"https:\/\/roveyayinevi.com.tr\/index.php\/wp-json\/wp\/v2\/product\/770315","targetHints":{"allow":["GET"]}}],"collection":[{"href":"https:\/\/roveyayinevi.com.tr\/index.php\/wp-json\/wp\/v2\/product"}],"about":[{"href":"https:\/\/roveyayinevi.com.tr\/index.php\/wp-json\/wp\/v2\/types\/product"}],"wp:attachment":[{"href":"https:\/\/roveyayinevi.com.tr\/index.php\/wp-json\/wp\/v2\/media?parent=770315"}],"wp:term":[{"taxonomy":"product_brand","embeddable":true,"href":"https:\/\/roveyayinevi.com.tr\/index.php\/wp-json\/wp\/v2\/product_brand?post=770315"},{"taxonomy":"product_cat","embeddable":true,"href":"https:\/\/roveyayinevi.com.tr\/index.php\/wp-json\/wp\/v2\/product_cat?post=770315"},{"taxonomy":"product_tag","embeddable":true,"href":"https:\/\/roveyayinevi.com.tr\/index.php\/wp-json\/wp\/v2\/product_tag?post=770315"}],"curies":[{"name":"wp","href":"https:\/\/api.w.org\/{rel}","templated":true}]}}