{"id":770314,"date":"2025-08-28T14:25:21","date_gmt":"2025-08-28T11:25:21","guid":{"rendered":"https:\/\/roveyayinevi.com.tr\/index.php\/urun\/kurtlarin-savas-sanati\/"},"modified":"2026-04-15T03:36:37","modified_gmt":"2026-04-15T00:36:37","slug":"kurtlarin-savas-sanati","status":"publish","type":"product","link":"https:\/\/roveyayinevi.com.tr\/index.php\/urun\/kurtlarin-savas-sanati\/","title":{"rendered":"Kurtlar\u0131n Sava\u015f Sanat\u0131"},"content":{"rendered":"<p>Sava\u015f art\u0131k insanlar\u0131n ve uluslar\u0131n ka\u00e7\u0131n\u0131lmaz bir sonu idi. Bu sondan \u00fcst\u00fcn \u00e7\u0131kman\u0131n yolu ise elbette uluslar\u0131n sava\u015f meydan\u0131nda verdi\u011fi m\u00fccadeleye ba\u011fl\u0131yd\u0131. Sava\u015f meydanlar\u0131nda zaferler elde etmek ve sancaklar\u0131n\u0131 dalgaland\u0131rmak isteyen uluslar, bunu yaln\u0131zca \u00e7arp\u0131\u015fma sahalar\u0131nda uygulayacaklar\u0131 stratejiler ve taktikler do\u011frultusunda elde edebilirlerdi. Roma\u2019n\u0131n y\u00fckseli\u015fi, Persler\u2019in b\u00fcy\u00fcmesi ve \u00c7inliler\u2019in ayakta kalmas\u0131, sava\u015f meydanlar\u0131nda uygulad\u0131klar\u0131 taktikler ile ger\u00e7ekle\u015fmi\u015fti. Romal\u0131lar, Persler, \u00c7inliler ve Slavlar tarih sahnesinde kendi sava\u015f stratejileriyle yer edinirken, T\u00fcrkler \u00e7arp\u0131\u015fma sahas\u0131nda hangi taktikleri uygulad\u0131? Sava\u015f meydanlar\u0131n\u0131 oyun alan\u0131 gibi kullanan T\u00fcrkler, \u00e7arp\u0131\u015fma sahas\u0131nda neden kurtlar gibi uluyorlard\u0131? \u00c7o\u011fu ulus T\u00fcrkler\u2019e bozk\u0131r\u0131n kurtlar\u0131 derken, onlar\u0131n kurtlar ile olan ba\u011f\u0131 neydi? Kendinden \u00fcst\u00fcn ordular\u0131 hangi taktiklerle bertaraf etti? Sava\u015f meydanlar\u0131nda taktikleri ve stratejileri uygularken, di\u011fer uluslardan ne kadar usta idi ve bunlar\u0131 yerine getirirken onlar\u0131 ne tetikliyordu? \u0130\u015fte T\u00fcrkler\u2019in sava\u015f sanatlar\u0131na dair birden \u00e7ok kitab\u0131n yaz\u0131ld\u0131\u011f\u0131, fakat taktik ve stratejilerin ele az al\u0131nd\u0131\u011f\u0131 d\u00f6nemde, biz bunu k\u0131saca a\u00e7\u0131klamaya \u00e7al\u0131\u015ft\u0131k. Nitekim tarih sahnesinde b\u00fcy\u00fck zaferler elde eden, \u00e7a\u011f a\u00e7\u0131p \u00e7a\u011f kapatan bir ulusun elbette kendine has sava\u015f taktikleri ve stratejileri olmal\u0131yd\u0131. Ne de olsa d\u00fcnya T\u00fcrk\u00fcn ayak izleri ile doluydu. <\/p>\n","protected":false},"excerpt":{"rendered":"<p>Sava\u015f art\u0131k insanlar\u0131n ve uluslar\u0131n ka\u00e7\u0131n\u0131lmaz bir sonu idi. Bu sondan \u00fcst\u00fcn \u00e7\u0131kman\u0131n yolu ise elbette uluslar\u0131n sava\u015f meydan\u0131nda verdi\u011fi m\u00fccadeleye ba\u011fl\u0131yd\u0131. Sava\u015f meydanlar\u0131nda zaferler elde<span class=\"excerpt-hellip\"> [\u2026]<\/span><\/p>\n","protected":false},"featured_media":0,"template":"","meta":{"_monsterinsights_skip_tracking":false,"_monsterinsights_sitenote_active":false,"_monsterinsights_sitenote_note":"","_monsterinsights_sitenote_category":0},"product_brand":[],"product_cat":[12370,12304],"product_tag":[],"class_list":{"0":"post-770314","1":"product","2":"type-product","3":"status-publish","5":"product_cat-arastirma-inceleme","6":"product_cat-tarih","7":"pa_cilt-ciltsiz","8":"pa_tur-kitap","9":"pa_yayinevi-vaveyla-yayincilik","10":"pa_yazar-nuri-gunduz","12":"first","13":"instock","14":"sale","15":"shipping-taxable","16":"purchasable","17":"product-type-simple"},"_links":{"self":[{"href":"https:\/\/roveyayinevi.com.tr\/index.php\/wp-json\/wp\/v2\/product\/770314","targetHints":{"allow":["GET"]}}],"collection":[{"href":"https:\/\/roveyayinevi.com.tr\/index.php\/wp-json\/wp\/v2\/product"}],"about":[{"href":"https:\/\/roveyayinevi.com.tr\/index.php\/wp-json\/wp\/v2\/types\/product"}],"wp:attachment":[{"href":"https:\/\/roveyayinevi.com.tr\/index.php\/wp-json\/wp\/v2\/media?parent=770314"}],"wp:term":[{"taxonomy":"product_brand","embeddable":true,"href":"https:\/\/roveyayinevi.com.tr\/index.php\/wp-json\/wp\/v2\/product_brand?post=770314"},{"taxonomy":"product_cat","embeddable":true,"href":"https:\/\/roveyayinevi.com.tr\/index.php\/wp-json\/wp\/v2\/product_cat?post=770314"},{"taxonomy":"product_tag","embeddable":true,"href":"https:\/\/roveyayinevi.com.tr\/index.php\/wp-json\/wp\/v2\/product_tag?post=770314"}],"curies":[{"name":"wp","href":"https:\/\/api.w.org\/{rel}","templated":true}]}}