{"id":770310,"date":"2025-08-28T14:25:14","date_gmt":"2025-08-28T11:25:14","guid":{"rendered":"https:\/\/roveyayinevi.com.tr\/index.php\/urun\/baltasar-ile-blimunda-ciltli\/"},"modified":"2026-04-15T03:36:37","modified_gmt":"2026-04-15T00:36:37","slug":"baltasar-ile-blimunda-ciltli","status":"publish","type":"product","link":"https:\/\/roveyayinevi.com.tr\/index.php\/urun\/baltasar-ile-blimunda-ciltli\/","title":{"rendered":"Baltasar ile Blimunda (Ciltli)"},"content":{"rendered":"<p>18. y\u00fczy\u0131lda, sava\u015flar\u0131n ve salg\u0131n hastal\u0131klar\u0131n sarst\u0131\u011f\u0131 Portekiz&#8217;de ge\u00e7en Baltasar ile Blimunda&#8217;da, Nobel \u00f6d\u00fcll\u00fc yazar Jos\u00e9 Saramago, etkileyici bir a\u015fk\u0131 anlat\u0131rken tarihsel ger\u00e7eklerle dokunmu\u015f iki farkl\u0131 hik\u00e2yeyi de romana ustal\u0131kla kat\u0131yor: Bekledikleri veliaht\u0131n do\u011fumunu kutlamak i\u00e7in manast\u0131r in\u015fa ettiren kraliyet ailesi; insan\u0131n u\u00e7mas\u0131n\u0131 sa\u011flayacak ilk aleti, Passarola&#8217;y\u0131 yapmaya \u00e7al\u0131\u015fan Peder Bartolomeu; ve iki \u00e2\u015f\u0131k: sol kolunu sava\u015fta kaybeden Baltasar ile s\u0131radan insanlar\u0131n g\u00f6remediklerini g\u00f6rebilen, annesi cad\u0131 diye engizisyon taraf\u0131ndan yak\u0131lan g\u00fczel Blimunda. \u0130ktidar\u0131n projesi olan Mafra Manast\u0131r\u0131 ile insan iradesinin projesi olan Passarola da roman\u0131n iki \u00f6nemli kahraman\u0131 olarak \u00f6ne \u00e7\u0131k\u0131yor.<\/p>\n","protected":false},"excerpt":{"rendered":"<p>18. y\u00fczy\u0131lda, sava\u015flar\u0131n ve salg\u0131n hastal\u0131klar\u0131n sarst\u0131\u011f\u0131 Portekiz&#8217;de ge\u00e7en Baltasar ile Blimunda&#8217;da, Nobel \u00f6d\u00fcll\u00fc yazar Jos\u00e9 Saramago, etkileyici bir a\u015fk\u0131 anlat\u0131rken tarihsel ger\u00e7eklerle dokunmu\u015f iki farkl\u0131<span class=\"excerpt-hellip\"> [\u2026]<\/span><\/p>\n","protected":false},"featured_media":0,"template":"","meta":{"_monsterinsights_skip_tracking":false,"_monsterinsights_sitenote_active":false,"_monsterinsights_sitenote_note":"","_monsterinsights_sitenote_category":0},"product_brand":[],"product_cat":[12291,12711],"product_tag":[],"class_list":{"0":"post-770310","1":"product","2":"type-product","3":"status-publish","5":"product_cat-edebiyat","6":"product_cat-roman-oyku","7":"pa_cilt-ciltli","8":"pa_tur-kitap","9":"pa_yayinevi-kirmizi-kedi-yayinevi","10":"pa_yazar-jose-saramago","12":"first","13":"instock","14":"sale","15":"shipping-taxable","16":"purchasable","17":"product-type-simple"},"_links":{"self":[{"href":"https:\/\/roveyayinevi.com.tr\/index.php\/wp-json\/wp\/v2\/product\/770310","targetHints":{"allow":["GET"]}}],"collection":[{"href":"https:\/\/roveyayinevi.com.tr\/index.php\/wp-json\/wp\/v2\/product"}],"about":[{"href":"https:\/\/roveyayinevi.com.tr\/index.php\/wp-json\/wp\/v2\/types\/product"}],"wp:attachment":[{"href":"https:\/\/roveyayinevi.com.tr\/index.php\/wp-json\/wp\/v2\/media?parent=770310"}],"wp:term":[{"taxonomy":"product_brand","embeddable":true,"href":"https:\/\/roveyayinevi.com.tr\/index.php\/wp-json\/wp\/v2\/product_brand?post=770310"},{"taxonomy":"product_cat","embeddable":true,"href":"https:\/\/roveyayinevi.com.tr\/index.php\/wp-json\/wp\/v2\/product_cat?post=770310"},{"taxonomy":"product_tag","embeddable":true,"href":"https:\/\/roveyayinevi.com.tr\/index.php\/wp-json\/wp\/v2\/product_tag?post=770310"}],"curies":[{"name":"wp","href":"https:\/\/api.w.org\/{rel}","templated":true}]}}