{"id":770307,"date":"2025-08-28T14:25:08","date_gmt":"2025-08-28T11:25:08","guid":{"rendered":"https:\/\/roveyayinevi.com.tr\/index.php\/urun\/kirlardan-gelecekler\/"},"modified":"2026-04-15T03:36:37","modified_gmt":"2026-04-15T00:36:37","slug":"kirlardan-gelecekler","status":"publish","type":"product","link":"https:\/\/roveyayinevi.com.tr\/index.php\/urun\/kirlardan-gelecekler\/","title":{"rendered":"K\u0131rlardan Gelecekler"},"content":{"rendered":"<p>Edit\u00f6rl\u00fc\u011f\u00fcn\u00fc \u00d6zge G\u00fcne\u015f ve \u0130lkay \u00d6z&#8217;\u00fcn yapt\u0131\u011f\u0131 &#8220;K\u0131rlardan Gelecekler: 21. Yu\u0308zy\u0131lda Tar\u0131m ve Antikapitalist Perspektif&#8221;, k\u0131rsal-tar\u0131msal alandaki sistemik sorunlar\u0131n g\u00f6r\u00fcn\u00fcm\u00fcn\u00fc sunma ve bu sorunlara antikapitalist yan\u0131tlar\u0131n neler olabilece\u011fini tart\u0131\u015fma amac\u0131n\u0131 ta\u015f\u0131yor. Kitap, sermayenin k\u0131rsal alana y\u00f6nelik sald\u0131r\u0131lar\u0131n\u0131n tarihsel k\u00f6kenlerini ele al\u0131rken, k\u00f6yl\u00fcl\u00fck, tar\u0131msal yap\u0131lar, m\u00fclks\u00fczle\u015fme ve proleterle\u015fme s\u00fcre\u00e7lerini tart\u0131\u015f\u0131yor; neoliberal politikalar\u0131n bu alanlarda yaratt\u0131\u011f\u0131 y\u0131k\u0131c\u0131 etkileri g\u00f6zler \u00f6n\u00fcne seriyor. Farkl\u0131 disiplinlerden akademisyenler ve k\u0131rsal alan\u0131n \u00f6znelerinin katk\u0131lar\u0131yla haz\u0131rlanan bu derleme, alternatif bir k\u0131rsal ya\u015fam\u0131n ve \u00fcretim bi\u00e7imlerinin nas\u0131l in\u015fa edilebilece\u011fine dair ipu\u00e7lar\u0131 sunuyor. T\u00fcrkiye&#8217;de k\u0131rsal alanlarda ya\u015fanan h\u0131zl\u0131 d\u00f6n\u00fc\u015f\u00fcm ve k\u00f6yl\u00fclerin verdi\u011fi m\u00fccadelelere dair g\u00fcncel \u00f6rnekler i\u00e7eriyor. Z\u00fclk\u00fcf Ayd\u0131n, Metin \u00d6zu\u011furlu, Deniz Pelek, Co\u015fku \u00c7elik, Tayfun \u00d6zkaya, Ali B\u00fclent Erdem gibi yazarlar\u0131n makaleleri, tar\u0131m\u0131n k\u00fcresel sermaye birikimi i\u00e7in nas\u0131l bir ara\u00e7 haline getirildi\u011fini analiz ediyor. Agroekoloji, kad\u0131n eme\u011fi ve g\u0131da egemenli\u011fi gibi konularda alternatif aray\u0131\u015flar\u0131 tart\u0131\u015fmaya a\u00e7\u0131yor. Hem akademik \u00e7evreler hem de tar\u0131m ve k\u0131rsal m\u00fccadelelere ilgi duyan herkes i\u00e7in \u00f6nemli bir kaynak olan bu kitap ba\u015fka bir k\u0131rsal\u0131n m\u00fcmk\u00fcn oldu\u011funa dair bir umut sunuyor.<\/p>\n","protected":false},"excerpt":{"rendered":"<p>Edit\u00f6rl\u00fc\u011f\u00fcn\u00fc \u00d6zge G\u00fcne\u015f ve \u0130lkay \u00d6z&#8217;\u00fcn yapt\u0131\u011f\u0131 &#8220;K\u0131rlardan Gelecekler: 21. Yu\u0308zy\u0131lda Tar\u0131m ve Antikapitalist Perspektif&#8221;, k\u0131rsal-tar\u0131msal alandaki sistemik sorunlar\u0131n g\u00f6r\u00fcn\u00fcm\u00fcn\u00fc sunma ve bu sorunlara antikapitalist yan\u0131tlar\u0131n<span class=\"excerpt-hellip\"> [\u2026]<\/span><\/p>\n","protected":false},"featured_media":0,"template":"","meta":{"_monsterinsights_skip_tracking":false,"_monsterinsights_sitenote_active":false,"_monsterinsights_sitenote_note":"","_monsterinsights_sitenote_category":0},"product_brand":[],"product_cat":[12364,16266],"product_tag":[],"class_list":{"0":"post-770307","1":"product","2":"type-product","3":"status-publish","5":"product_cat-genel-konular","6":"product_cat-referans-kaynak-kitap","7":"pa_cilt-ciltsiz","8":"pa_tur-kitap","9":"pa_yayinevi-sol-kultur","10":"pa_yazar-ozge-gunes-ilkay-oz","12":"first","13":"instock","14":"sale","15":"shipping-taxable","16":"purchasable","17":"product-type-simple"},"_links":{"self":[{"href":"https:\/\/roveyayinevi.com.tr\/index.php\/wp-json\/wp\/v2\/product\/770307","targetHints":{"allow":["GET"]}}],"collection":[{"href":"https:\/\/roveyayinevi.com.tr\/index.php\/wp-json\/wp\/v2\/product"}],"about":[{"href":"https:\/\/roveyayinevi.com.tr\/index.php\/wp-json\/wp\/v2\/types\/product"}],"wp:attachment":[{"href":"https:\/\/roveyayinevi.com.tr\/index.php\/wp-json\/wp\/v2\/media?parent=770307"}],"wp:term":[{"taxonomy":"product_brand","embeddable":true,"href":"https:\/\/roveyayinevi.com.tr\/index.php\/wp-json\/wp\/v2\/product_brand?post=770307"},{"taxonomy":"product_cat","embeddable":true,"href":"https:\/\/roveyayinevi.com.tr\/index.php\/wp-json\/wp\/v2\/product_cat?post=770307"},{"taxonomy":"product_tag","embeddable":true,"href":"https:\/\/roveyayinevi.com.tr\/index.php\/wp-json\/wp\/v2\/product_tag?post=770307"}],"curies":[{"name":"wp","href":"https:\/\/api.w.org\/{rel}","templated":true}]}}