{"id":770306,"date":"2025-08-28T14:25:06","date_gmt":"2025-08-28T11:25:06","guid":{"rendered":"https:\/\/roveyayinevi.com.tr\/index.php\/urun\/felsefi-siir\/"},"modified":"2026-04-15T03:36:37","modified_gmt":"2026-04-15T00:36:37","slug":"felsefi-siir","status":"publish","type":"product","link":"https:\/\/roveyayinevi.com.tr\/index.php\/urun\/felsefi-siir\/","title":{"rendered":"Felsefi  \u015eiir"},"content":{"rendered":"<p>\u201cFelsefi \u015fiir, \u015fiir \u00fczerine felsefi bir metin de\u011fil, felsefi olmakla \u0131ralanan bir \u015fiir anlay\u0131\u015f\u0131n\u0131 dile getiren poetik bir metin.\u201d Y\u00fccel Kay\u0131ran\u2019\u0131n poetik metni Felsefi \u015eiir, bir kitap b\u00fct\u00fcnl\u00fc\u011f\u00fcnde ve Evet, Etik!  kitab\u0131yla birlikte ilk defa 2007 y\u0131l\u0131nda yay\u0131mland\u0131. O g\u00fcnden bug\u00fcne birden fazla bask\u0131 g\u00f6rd\u00fc ve bu s\u00fcre i\u00e7erisinde Kay\u0131ran\u2019\u0131n, d\u00fcnyag\u00f6r\u00fc\u015f\u00fc ile ideolojiye dayal\u0131 \u015fiirin kar\u015f\u0131s\u0131nda konumland\u0131rd\u0131\u011f\u0131 \u015fiir anlay\u0131\u015f\u0131 \u00fczerine \u00e7ok\u00e7a yaz\u0131l\u0131p \u00e7izildi. Everest Yay\u0131nlar\u0131 taraf\u0131ndan haz\u0131rlanan bu g\u00f6zden ge\u00e7irilmi\u015f ve geni\u015fletilmi\u015f bask\u0131 bir\u00e7ok niteli\u011fe sahip: Felsefi \u015eiir \u2013 Tinsel Poetika, bu bask\u0131da ilk  defa   Evet, Etik! \u2019ten ayr\u0131larak ba\u011f\u0131ms\u0131zl\u0131k kazanmakla birlikte, heybesine daha \u00f6nce yay\u0131mlanmam\u0131\u015f yeni denemeler de ekliyor. Kay\u0131ran, \u015fiiri ideoloji, d\u00fcnyag\u00f6r\u00fc\u015f\u00fc, realite, politika, bilgi, metafizik, varolu\u015f\u00e7uluk, hayal, olanakl\u0131l\u0131k gibi bir\u00e7ok kavramla birlikte irdeliyor; \u00e7a\u011f\u0131n \u015fiirini ve felsefesini yorumlarken \u015faire ve ele\u015ftirmene yeni yollar teklif ediyor. Felsefi \u015fiir, ne felsefi s\u00f6ylemle kurulan bir \u015fiirdir ne de felsefenin ortaya koydu\u011fu bilgiye dayal\u0131 bir \u015fiirdir. Felsefi s\u00f6ylemle ve bu s\u00f6ylemin i\u00e7erdi\u011fi felsefi ak\u0131l y\u00fcr\u00fctme sistemati\u011fine g\u00f6re yaz\u0131lan bir \u201c\u015fiir\u201d zaten \u015fiir olmaz. Felsefenin, yani filozoflar\u0131n ortaya koydu\u011fu bilgiye dayal\u0131 olarak yaz\u0131lan \u201c\u015fiir\u201d de, yarat\u0131c\u0131l\u0131k ve s\u00f6zkonusu \u015faire aitlik ilkesi bak\u0131m\u0131ndan \u015faibeli bir durum yarat\u0131r. Felsefi \u015fiir, \u015fairin \u201cfelsefi g\u00f6z\u201d edinmesi gerekti\u011fini ileri s\u00fcrmektedir. \u015eairler, ideolojik ve d\u00fcnyag\u00f6r\u00fc\u015f\u00fc g\u00f6z\u00fc yerine, bir felsefi g\u00f6z edinmelidir. Bu, felsefi \u015fiir anlay\u0131\u015f\u0131n\u0131n birinci ilkesidir.<\/p>\n","protected":false},"excerpt":{"rendered":"<p>\u201cFelsefi \u015fiir, \u015fiir \u00fczerine felsefi bir metin de\u011fil, felsefi olmakla \u0131ralanan bir \u015fiir anlay\u0131\u015f\u0131n\u0131 dile getiren poetik bir metin.\u201d Y\u00fccel Kay\u0131ran\u2019\u0131n poetik metni Felsefi \u015eiir, bir<span class=\"excerpt-hellip\"> [\u2026]<\/span><\/p>\n","protected":false},"featured_media":0,"template":"","meta":{"_monsterinsights_skip_tracking":false,"_monsterinsights_sitenote_active":false,"_monsterinsights_sitenote_note":"","_monsterinsights_sitenote_category":0},"product_brand":[],"product_cat":[12291,12509],"product_tag":[],"class_list":{"0":"post-770306","1":"product","2":"type-product","3":"status-publish","5":"product_cat-edebiyat","6":"product_cat-siir","7":"pa_cilt-ciltsiz","8":"pa_tur-kitap","9":"pa_yayinevi-everest-yayinlari","10":"pa_yazar-yucel-kayiran","12":"first","13":"instock","14":"sale","15":"shipping-taxable","16":"purchasable","17":"product-type-simple"},"_links":{"self":[{"href":"https:\/\/roveyayinevi.com.tr\/index.php\/wp-json\/wp\/v2\/product\/770306","targetHints":{"allow":["GET"]}}],"collection":[{"href":"https:\/\/roveyayinevi.com.tr\/index.php\/wp-json\/wp\/v2\/product"}],"about":[{"href":"https:\/\/roveyayinevi.com.tr\/index.php\/wp-json\/wp\/v2\/types\/product"}],"wp:attachment":[{"href":"https:\/\/roveyayinevi.com.tr\/index.php\/wp-json\/wp\/v2\/media?parent=770306"}],"wp:term":[{"taxonomy":"product_brand","embeddable":true,"href":"https:\/\/roveyayinevi.com.tr\/index.php\/wp-json\/wp\/v2\/product_brand?post=770306"},{"taxonomy":"product_cat","embeddable":true,"href":"https:\/\/roveyayinevi.com.tr\/index.php\/wp-json\/wp\/v2\/product_cat?post=770306"},{"taxonomy":"product_tag","embeddable":true,"href":"https:\/\/roveyayinevi.com.tr\/index.php\/wp-json\/wp\/v2\/product_tag?post=770306"}],"curies":[{"name":"wp","href":"https:\/\/api.w.org\/{rel}","templated":true}]}}