{"id":770305,"date":"2025-08-28T14:25:04","date_gmt":"2025-08-28T11:25:04","guid":{"rendered":"https:\/\/roveyayinevi.com.tr\/index.php\/urun\/hayati-zenginlestiren-egitim\/"},"modified":"2026-04-15T03:36:37","modified_gmt":"2026-04-15T00:36:37","slug":"hayati-zenginlestiren-egitim","status":"publish","type":"product","link":"https:\/\/roveyayinevi.com.tr\/index.php\/urun\/hayati-zenginlestiren-egitim\/","title":{"rendered":"Hayat\u0131 Zenginle\u015ftiren E\u011fitim"},"content":{"rendered":"<p>Hayat\u0131 Zenginle\u015ftiren E\u011fitim, \u00f6\u011fretmenlerin \u00f6\u011frencilerle ortakl\u0131k kurdu\u011fu ve \u00f6\u011frenme program\u0131n\u0131 rekabet yerine i\u015fbirli\u011fini te\u015fvik etmek i\u00e7in tasarlad\u0131\u011f\u0131bir \u00f6\u011fretim yakla\u015f\u0131m\u0131. Bu kitap, Marshall Rosenberg taraf\u0131ndan ABD\u2019de pek \u00e7ok okulda sunuldu. Bu konudaki ara\u015ft\u0131rmas\u0131 Illinois, Rockford\u2019da devam eden bir projenin par\u00e7as\u0131 oldu. Projedeki uygulamalarla birlikte akademik ba\u015far\u0131 y\u00fckselirken vandalizm \u00f6nemli \u00f6l\u00e7\u00fcde azald\u0131\u011f\u0131 i\u00e7in programa \u201culusal e\u011fitimde m\u00fckemmellik\u201d \u00f6d\u00fcl\u00fc verildi. Daha sonra,Marshall Rosenberg, Johnson y\u00f6netimi taraf\u0131ndan y\u00fcr\u00fct\u00fclen Yoksullu\u011fa Kar\u015f\u0131 Sava\u015f program\u0131 \u00e7er\u00e7evesinde \u00e7e\u015fitli illere davet edildi. Avrupa Birli\u011fi\u2019nin deste\u011fiyle \u0130talya ve S\u0131rbistan\u2019da Hayat\u0131 Zenginle\u015ftiren E\u011fitim sunan okullar kuruldu. Hayat\u0131 Zenginle\u015ftiren E\u011fitim kitab\u0131nda a\u015fa\u011f\u0131daki konularda Marshall Rosenberg\u2019in yakla\u015f\u0131m ve de\u011ferlendirmelerini bulacaks\u0131n\u0131z: Hayat\u0131 Zenginle\u015ftiren E\u011fitimi destekleyen \u015fekillerde kendini ifade etme becerileri \/ empatik bir \u015fekilde ba\u011flant\u0131 kurma becerileri \/ \u00d6\u011frenciler, \u00f6\u011fretmenler, y\u00f6neticiler ve ebeveynler aras\u0131nda Hayat\u0131 Zenginle\u015ftiren ortakl\u0131klar yaratman\u0131n yollar\u0131 \/ \u0130nsanlar\u0131n birbirlerinin \u00f6\u011frenimine ve esenli\u011fine katk\u0131da bulunduklar\u0131 \/ Hayat\u0131 Zenginle\u015ftiren bir \u00f6\u011frenme toplulu\u011fu yaratman\u0131n ara\u00e7lar\u0131, okullarda Hayat\u0131 Zenginle\u015ftiren d\u00fczeni ve g\u00fcvenli\u011fi sa\u011flama ara\u00e7lar\u0131.<\/p>\n","protected":false},"excerpt":{"rendered":"<p>Hayat\u0131 Zenginle\u015ftiren E\u011fitim, \u00f6\u011fretmenlerin \u00f6\u011frencilerle ortakl\u0131k kurdu\u011fu ve \u00f6\u011frenme program\u0131n\u0131 rekabet yerine i\u015fbirli\u011fini te\u015fvik etmek i\u00e7in tasarlad\u0131\u011f\u0131bir \u00f6\u011fretim yakla\u015f\u0131m\u0131. Bu kitap, Marshall Rosenberg taraf\u0131ndan ABD\u2019de pek<span class=\"excerpt-hellip\"> [\u2026]<\/span><\/p>\n","protected":false},"featured_media":0,"template":"","meta":{"_monsterinsights_skip_tracking":false,"_monsterinsights_sitenote_active":false,"_monsterinsights_sitenote_note":"","_monsterinsights_sitenote_category":0},"product_brand":[],"product_cat":[12357],"product_tag":[],"class_list":{"0":"post-770305","1":"product","2":"type-product","3":"status-publish","5":"product_cat-psikoloji","6":"pa_cilt-ciltsiz","7":"pa_tur-kitap","8":"pa_yayinevi-remzi-kitabevi","9":"pa_yazar-marshall-b-rosenberg","11":"first","12":"instock","13":"sale","14":"shipping-taxable","15":"purchasable","16":"product-type-simple"},"_links":{"self":[{"href":"https:\/\/roveyayinevi.com.tr\/index.php\/wp-json\/wp\/v2\/product\/770305","targetHints":{"allow":["GET"]}}],"collection":[{"href":"https:\/\/roveyayinevi.com.tr\/index.php\/wp-json\/wp\/v2\/product"}],"about":[{"href":"https:\/\/roveyayinevi.com.tr\/index.php\/wp-json\/wp\/v2\/types\/product"}],"wp:attachment":[{"href":"https:\/\/roveyayinevi.com.tr\/index.php\/wp-json\/wp\/v2\/media?parent=770305"}],"wp:term":[{"taxonomy":"product_brand","embeddable":true,"href":"https:\/\/roveyayinevi.com.tr\/index.php\/wp-json\/wp\/v2\/product_brand?post=770305"},{"taxonomy":"product_cat","embeddable":true,"href":"https:\/\/roveyayinevi.com.tr\/index.php\/wp-json\/wp\/v2\/product_cat?post=770305"},{"taxonomy":"product_tag","embeddable":true,"href":"https:\/\/roveyayinevi.com.tr\/index.php\/wp-json\/wp\/v2\/product_tag?post=770305"}],"curies":[{"name":"wp","href":"https:\/\/api.w.org\/{rel}","templated":true}]}}