{"id":770303,"date":"2025-08-28T14:25:01","date_gmt":"2025-08-28T11:25:01","guid":{"rendered":"https:\/\/roveyayinevi.com.tr\/index.php\/urun\/21-yuzyilda-evliya-celebinin-izinde\/"},"modified":"2026-04-15T03:36:37","modified_gmt":"2026-04-15T00:36:37","slug":"21-yuzyilda-evliya-celebinin-izinde","status":"publish","type":"product","link":"https:\/\/roveyayinevi.com.tr\/index.php\/urun\/21-yuzyilda-evliya-celebinin-izinde\/","title":{"rendered":"21. Y\u00fczy\u0131lda Evliya \u00c7elebi\u2019nin \u0130zinde"},"content":{"rendered":"<p>Her \u015fey, \u201cEvliya \u00c7elebi foto\u011fraf \u00e7ekse nas\u0131l olurdu?\u201d sorusuyla ba\u015flad\u0131. Evliya \u00c7elebi Seyahatnamesi\u2019ni okuduktan sonra d\u00fcnyan\u0131n en \u00fcnl\u00fc gezginlerinden biri olan Evliya \u00c7elebi\u2019nin izinde tarih dolu bir yolculu\u011fa \u00e7\u0131kmaya karar verdim. Seyahatname\u2019de bazen fiziksel ayr\u0131nt\u0131lar\u0131yla, bazen de hik\u00e2yeleriyle, insanlar\u0131yla, k\u00fclt\u00fcr\u00fcyle kanl\u0131 canl\u0131 anlat\u0131lan ve bug\u00fcn T\u00fcrkiye s\u0131n\u0131rlar\u0131 i\u00e7inde olan noktalar\u0131 tek tek ziyaret ettim. Elimden geldi\u011fince, baz\u0131lar\u0131 harabeye d\u00f6nm\u00fc\u015f, baz\u0131lar\u0131 restorasyon \u00e7al\u0131\u015fmalar\u0131yla ilk g\u00fcnk\u00fc gibi korunan ya da bamba\u015fka ama\u00e7larla kullan\u0131lmaya ba\u015flanan bu yerlerin g\u00fcn\u00fcm\u00fczdeki hallerini foto\u011fraflamaya \u00e7al\u0131\u015ft\u0131m. \u0130stanbul\u2019dan ba\u015flayan ser\u00fcvenim Bursa\u2019dan Edirne ve Konya\u2019ya, Erzurum\u2019dan Bitlis ve Van\u2019a kadar uzanan toplam yetmi\u015f d\u00f6rt \u015fehirle devam etti ve yolda ge\u00e7en yakla\u015f\u0131k on d\u00f6rt ay\u0131n ard\u0131ndan tamamland\u0131. Bu kitapta Evliya \u00c7elebi Seyahatnamesi\u2019nde ge\u00e7en noktalar\u0131n foto\u011fraflar\u0131n\u0131, Evliya \u00c7elebi\u2019nin bu yerlerle ilgili yazd\u0131klar\u0131n\u0131, aradan ge\u00e7en y\u0131llarda yap\u0131lar\u0131n ba\u015f\u0131na gelenleri bulacaks\u0131n\u0131z. Ayr\u0131ca yolculuk s\u0131ras\u0131nda denk gelip konu\u015ftu\u011fum insanlarla ilgili an\u0131lar\u0131m\u0131, heyecanlar\u0131m\u0131 ve zaman zaman ya\u015fad\u0131\u011f\u0131m d\u00fc\u015f k\u0131r\u0131kl\u0131klar\u0131n\u0131 da okuyacaks\u0131n\u0131z. Bu y\u00fczden bu kitap ayn\u0131 zamanda, 21. y\u00fczy\u0131lda, Evliya \u00c7elebi\u2019den yakla\u015f\u0131k 350 y\u0131l sonra elinde foto\u011fraf makinesi ve teknik ekipmanla onun ba\u015flad\u0131\u011f\u0131 yerden yola \u00e7\u0131kan modern bir gezginin de hik\u00e2yesi. Foto\u011frafl\u0131 Evliya \u00c7elebi Seyahatnamesi\u2019ne ho\u015f geldiniz!<\/p>\n","protected":false},"excerpt":{"rendered":"<p>Her \u015fey, \u201cEvliya \u00c7elebi foto\u011fraf \u00e7ekse nas\u0131l olurdu?\u201d sorusuyla ba\u015flad\u0131. Evliya \u00c7elebi Seyahatnamesi\u2019ni okuduktan sonra d\u00fcnyan\u0131n en \u00fcnl\u00fc gezginlerinden biri olan Evliya \u00c7elebi\u2019nin izinde tarih dolu<span class=\"excerpt-hellip\"> [\u2026]<\/span><\/p>\n","protected":false},"featured_media":0,"template":"","meta":{"_monsterinsights_skip_tracking":false,"_monsterinsights_sitenote_active":false,"_monsterinsights_sitenote_note":"","_monsterinsights_sitenote_category":0},"product_brand":[],"product_cat":[13701,12291],"product_tag":[],"class_list":{"0":"post-770303","1":"product","2":"type-product","3":"status-publish","5":"product_cat-ani-mektup-gunluk","6":"product_cat-edebiyat","7":"pa_cilt-ciltsiz","8":"pa_tur-kitap","9":"pa_yayinevi-altin-kitaplar","10":"pa_yazar-seymen-bozaslan","12":"first","13":"instock","14":"sale","15":"shipping-taxable","16":"purchasable","17":"product-type-simple"},"_links":{"self":[{"href":"https:\/\/roveyayinevi.com.tr\/index.php\/wp-json\/wp\/v2\/product\/770303","targetHints":{"allow":["GET"]}}],"collection":[{"href":"https:\/\/roveyayinevi.com.tr\/index.php\/wp-json\/wp\/v2\/product"}],"about":[{"href":"https:\/\/roveyayinevi.com.tr\/index.php\/wp-json\/wp\/v2\/types\/product"}],"wp:attachment":[{"href":"https:\/\/roveyayinevi.com.tr\/index.php\/wp-json\/wp\/v2\/media?parent=770303"}],"wp:term":[{"taxonomy":"product_brand","embeddable":true,"href":"https:\/\/roveyayinevi.com.tr\/index.php\/wp-json\/wp\/v2\/product_brand?post=770303"},{"taxonomy":"product_cat","embeddable":true,"href":"https:\/\/roveyayinevi.com.tr\/index.php\/wp-json\/wp\/v2\/product_cat?post=770303"},{"taxonomy":"product_tag","embeddable":true,"href":"https:\/\/roveyayinevi.com.tr\/index.php\/wp-json\/wp\/v2\/product_tag?post=770303"}],"curies":[{"name":"wp","href":"https:\/\/api.w.org\/{rel}","templated":true}]}}