{"id":770302,"date":"2025-08-28T14:24:59","date_gmt":"2025-08-28T11:24:59","guid":{"rendered":"https:\/\/roveyayinevi.com.tr\/index.php\/urun\/kedi-cocuk-cizgi-roman-kulubu-ortakligiedi-cocuk\/"},"modified":"2026-04-15T03:36:37","modified_gmt":"2026-04-15T00:36:37","slug":"kedi-cocuk-cizgi-roman-kulubu-ortakligiedi-cocuk","status":"publish","type":"product","link":"https:\/\/roveyayinevi.com.tr\/index.php\/urun\/kedi-cocuk-cizgi-roman-kulubu-ortakligiedi-cocuk\/","title":{"rendered":"Kedi \u00c7ocuk \u00c7izgi Roman Kul\u00fcb\u00fc Ortakl\u0131\u011f\u0131edi \u00c7OCUK"},"content":{"rendered":"<p>Minik kahramanlar\u0131m\u0131z i\u015fbirli\u011fini \u00f6\u011freniyor. K\u00fc\u00e7\u00fck yaramazlar i\u015f ba\u015f\u0131nda. Naomi, Melvin, Gilbert, Curly ve karde\u015fleri; Yeniden \u00e7izgi roman yapmaya karar verirler. \u00c7izdikleri her bir b\u00f6l\u00fcm onlar i\u00e7in yeni bir macera demektir. Ortak \u00e7al\u0131\u015fman\u0131n \u00f6nemini kavrarken, asl\u0131nda k\u00fc\u00e7\u00fck dokunu\u015flar\u0131n zamanla b\u00fcy\u00fck etki yaratt\u0131\u011f\u0131n\u0131 g\u00f6r\u00fcrler. Tabii b\u00fct\u00fcn bu kahramanl\u0131klar\u0131n\u0131n yan\u0131nda temizlik bilincini kazanmalar\u0131 gerekecek!<\/p>\n","protected":false},"excerpt":{"rendered":"<p>Minik kahramanlar\u0131m\u0131z i\u015fbirli\u011fini \u00f6\u011freniyor. K\u00fc\u00e7\u00fck yaramazlar i\u015f ba\u015f\u0131nda. Naomi, Melvin, Gilbert, Curly ve karde\u015fleri; Yeniden \u00e7izgi roman yapmaya karar verirler. \u00c7izdikleri her bir b\u00f6l\u00fcm onlar i\u00e7in<span class=\"excerpt-hellip\"> [\u2026]<\/span><\/p>\n","protected":false},"featured_media":0,"template":"","meta":{"_monsterinsights_skip_tracking":false,"_monsterinsights_sitenote_active":false,"_monsterinsights_sitenote_note":"","_monsterinsights_sitenote_category":0},"product_brand":[],"product_cat":[12689,12274],"product_tag":[],"class_list":{"0":"post-770302","1":"product","2":"type-product","3":"status-publish","5":"product_cat-cizgi-roman-cocuk-ve-genclik-kitaplari","6":"product_cat-cocuk-ve-genclik-kitaplari","7":"pa_cilt-ciltsiz","8":"pa_tur-kitap","9":"pa_yayinevi-altin-kitaplar-cocuk-kitaplari","10":"pa_yazar-dav-pilkey","12":"first","13":"instock","14":"sale","15":"shipping-taxable","16":"purchasable","17":"product-type-simple"},"_links":{"self":[{"href":"https:\/\/roveyayinevi.com.tr\/index.php\/wp-json\/wp\/v2\/product\/770302","targetHints":{"allow":["GET"]}}],"collection":[{"href":"https:\/\/roveyayinevi.com.tr\/index.php\/wp-json\/wp\/v2\/product"}],"about":[{"href":"https:\/\/roveyayinevi.com.tr\/index.php\/wp-json\/wp\/v2\/types\/product"}],"wp:attachment":[{"href":"https:\/\/roveyayinevi.com.tr\/index.php\/wp-json\/wp\/v2\/media?parent=770302"}],"wp:term":[{"taxonomy":"product_brand","embeddable":true,"href":"https:\/\/roveyayinevi.com.tr\/index.php\/wp-json\/wp\/v2\/product_brand?post=770302"},{"taxonomy":"product_cat","embeddable":true,"href":"https:\/\/roveyayinevi.com.tr\/index.php\/wp-json\/wp\/v2\/product_cat?post=770302"},{"taxonomy":"product_tag","embeddable":true,"href":"https:\/\/roveyayinevi.com.tr\/index.php\/wp-json\/wp\/v2\/product_tag?post=770302"}],"curies":[{"name":"wp","href":"https:\/\/api.w.org\/{rel}","templated":true}]}}