{"id":770301,"date":"2025-08-28T14:24:56","date_gmt":"2025-08-28T11:24:56","guid":{"rendered":"https:\/\/roveyayinevi.com.tr\/index.php\/urun\/bir-siyer-mangasi-beklenen-2\/"},"modified":"2026-01-28T03:59:42","modified_gmt":"2026-01-28T00:59:42","slug":"bir-siyer-mangasi-beklenen-2","status":"publish","type":"product","link":"https:\/\/roveyayinevi.com.tr\/index.php\/urun\/bir-siyer-mangasi-beklenen-2\/","title":{"rendered":"Bir Siyer Mangas\u0131: Beklenen &#8211; 2"},"content":{"rendered":"<p>Nur \u00c7ocuk Muhammed (s.a.v.), Yahudilerin elinden kurtulabildi mi? S\u00fctannesi Halime\u2019nin k\u00f6y\u00fcnde ya\u015fad\u0131\u011f\u0131 \u00e7ok tehlikeli olay neydi? Y\u00fczmeyi nerede ve kimlerden \u00f6\u011frendi? Annesinin ve dedesinin vefat\u0131 O\u2019nu nas\u0131l etkiledi? Amcas\u0131yla yapt\u0131\u011f\u0131 yolculukta O\u2019nu kim ya da kimler takip ediyordu? Herkes neden O\u2019ndan al\u0131\u015fveri\u015f yapmak istiyordu? Beklenen, heyecanl\u0131 kurgusu ve film karelerini aratmayan sahneleriyle kald\u0131\u011f\u0131 yerden devam ediyor. <\/p>\n","protected":false},"excerpt":{"rendered":"<p>Nur \u00c7ocuk Muhammed (s.a.v.), Yahudilerin elinden kurtulabildi mi? S\u00fctannesi Halime\u2019nin k\u00f6y\u00fcnde ya\u015fad\u0131\u011f\u0131 \u00e7ok tehlikeli olay neydi? Y\u00fczmeyi nerede ve kimlerden \u00f6\u011frendi? Annesinin ve dedesinin vefat\u0131 O\u2019nu<span class=\"excerpt-hellip\"> [\u2026]<\/span><\/p>\n","protected":false},"featured_media":0,"template":"","meta":{"_monsterinsights_skip_tracking":false,"_monsterinsights_sitenote_active":false,"_monsterinsights_sitenote_note":"","_monsterinsights_sitenote_category":0},"product_brand":[],"product_cat":[12416,12291],"product_tag":[],"class_list":{"0":"post-770301","1":"product","2":"type-product","3":"status-publish","5":"product_cat-cizgi-roman","6":"product_cat-edebiyat","7":"pa_cilt-ciltsiz","8":"pa_tur-kitap","9":"pa_yayinevi-aile-yayinlari","10":"pa_yazar-omer-faruk-paksu","12":"first","13":"instock","14":"sale","15":"shipping-taxable","16":"purchasable","17":"product-type-simple"},"_links":{"self":[{"href":"https:\/\/roveyayinevi.com.tr\/index.php\/wp-json\/wp\/v2\/product\/770301","targetHints":{"allow":["GET"]}}],"collection":[{"href":"https:\/\/roveyayinevi.com.tr\/index.php\/wp-json\/wp\/v2\/product"}],"about":[{"href":"https:\/\/roveyayinevi.com.tr\/index.php\/wp-json\/wp\/v2\/types\/product"}],"wp:attachment":[{"href":"https:\/\/roveyayinevi.com.tr\/index.php\/wp-json\/wp\/v2\/media?parent=770301"}],"wp:term":[{"taxonomy":"product_brand","embeddable":true,"href":"https:\/\/roveyayinevi.com.tr\/index.php\/wp-json\/wp\/v2\/product_brand?post=770301"},{"taxonomy":"product_cat","embeddable":true,"href":"https:\/\/roveyayinevi.com.tr\/index.php\/wp-json\/wp\/v2\/product_cat?post=770301"},{"taxonomy":"product_tag","embeddable":true,"href":"https:\/\/roveyayinevi.com.tr\/index.php\/wp-json\/wp\/v2\/product_tag?post=770301"}],"curies":[{"name":"wp","href":"https:\/\/api.w.org\/{rel}","templated":true}]}}