{"id":770300,"date":"2025-08-28T14:24:55","date_gmt":"2025-08-28T11:24:55","guid":{"rendered":"https:\/\/roveyayinevi.com.tr\/index.php\/urun\/uluslararasi-iliskiler-ve-diplomasi-sozlugu\/"},"modified":"2026-04-15T03:36:37","modified_gmt":"2026-04-15T00:36:37","slug":"uluslararasi-iliskiler-ve-diplomasi-sozlugu","status":"publish","type":"product","link":"https:\/\/roveyayinevi.com.tr\/index.php\/urun\/uluslararasi-iliskiler-ve-diplomasi-sozlugu\/","title":{"rendered":"Uluslararas\u0131 \u0130lis\u0327kiler ve Diplomasi S\u00f6zl\u00fc\u011f\u00fc"},"content":{"rendered":"<p>Uluslararas\u0131 ilis\u0327kiler ve diplomasinin yerles\u0327ik ve gu\u0308ncel terminolojisini dog\u0306ru anlamak, kac\u0327\u0131n\u0131lmaz bir gereklilik ha\u0302line gelmis\u0327tir. Birc\u0327ok alanda dig\u0306er dillerden Tu\u0308rkc\u0327eye ihtisas so\u0308zlu\u0308kleri haz\u0131rlanm\u0131s\u0327 olmas\u0131na rag\u0306men, uluslararas\u0131 ilis\u0327kiler gibi Tu\u0308rkiye\u2019nin geleceg\u0306i ac\u0327\u0131s\u0131ndan son derece o\u0308nemli bir alanda bo\u0308yle bir so\u0308zlu\u0308k ha\u0302la\u0302 bir ihtiyac\u0327 olarak kars\u0327\u0131m\u0131zda durmaktad\u0131r. Tu\u0308rkiye&#8217;nin du\u0308nyaya giderek daha fazla ac\u0327\u0131ld\u0131g\u0306\u0131 bu do\u0308nemde; Avrupa, Arap du\u0308nyas\u0131 ve Asya gibi farkl\u0131 bo\u0308lgelerle kurulan ilis\u0327kilerde ortak dilin dog\u0306ru ve eksiksiz kullan\u0131lmas\u0131 bu\u0308yu\u0308k o\u0308nem tas\u0327\u0131maktad\u0131r. Bu gereksinimden yola c\u0327\u0131karak haz\u0131rlad\u0131g\u0306\u0131m\u0131z I\u0307ngilizce, Frans\u0131zca, Tu\u0308rkc\u0327e (ac\u0327\u0131klamal\u0131) so\u0308zlu\u0308k, alandaki bu o\u0308nemli eksiklig\u0306i gidermekte ve uluslararas\u0131 ilis\u0327kiler disiplinine deg\u0306erli bir katk\u0131 sunmaktad\u0131r. Elinizdeki eser, yaln\u0131zca uluslararas\u0131 ilis\u0327kiler o\u0308g\u0306rencilerinin deg\u0306il, ayn\u0131 zamanda ku\u0308resel ve bo\u0308lgesel gelis\u0327meleri yak\u0131ndan takip etmek isteyen herkesin diplomasideki o\u0308zellikli kelime ve kavramlara ha\u0302kim olmas\u0131n\u0131 sag\u0306layacak kapsaml\u0131 bir bas\u0327vuru kaynag\u0306\u0131d\u0131r. <\/p>\n","protected":false},"excerpt":{"rendered":"<p>Uluslararas\u0131 ilis\u0327kiler ve diplomasinin yerles\u0327ik ve gu\u0308ncel terminolojisini dog\u0306ru anlamak, kac\u0327\u0131n\u0131lmaz bir gereklilik ha\u0302line gelmis\u0327tir. Birc\u0327ok alanda dig\u0306er dillerden Tu\u0308rkc\u0327eye ihtisas so\u0308zlu\u0308kleri haz\u0131rlanm\u0131s\u0327 olmas\u0131na rag\u0306men, uluslararas\u0131<span class=\"excerpt-hellip\"> [\u2026]<\/span><\/p>\n","protected":false},"featured_media":0,"template":"","meta":{"_monsterinsights_skip_tracking":false,"_monsterinsights_sitenote_active":false,"_monsterinsights_sitenote_note":"","_monsterinsights_sitenote_category":0},"product_brand":[],"product_cat":[12337,17225],"product_tag":[],"class_list":{"0":"post-770300","1":"product","2":"type-product","3":"status-publish","5":"product_cat-politika-siyaset","6":"product_cat-uluslararasi-iliskiler","7":"pa_cilt-ciltli","8":"pa_tur-kitap","9":"pa_yayinevi-anadolu-ajansi-yayinevi","10":"pa_yazar-ahmet-emin-dag","12":"first","13":"instock","14":"sale","15":"shipping-taxable","16":"purchasable","17":"product-type-simple"},"_links":{"self":[{"href":"https:\/\/roveyayinevi.com.tr\/index.php\/wp-json\/wp\/v2\/product\/770300","targetHints":{"allow":["GET"]}}],"collection":[{"href":"https:\/\/roveyayinevi.com.tr\/index.php\/wp-json\/wp\/v2\/product"}],"about":[{"href":"https:\/\/roveyayinevi.com.tr\/index.php\/wp-json\/wp\/v2\/types\/product"}],"wp:attachment":[{"href":"https:\/\/roveyayinevi.com.tr\/index.php\/wp-json\/wp\/v2\/media?parent=770300"}],"wp:term":[{"taxonomy":"product_brand","embeddable":true,"href":"https:\/\/roveyayinevi.com.tr\/index.php\/wp-json\/wp\/v2\/product_brand?post=770300"},{"taxonomy":"product_cat","embeddable":true,"href":"https:\/\/roveyayinevi.com.tr\/index.php\/wp-json\/wp\/v2\/product_cat?post=770300"},{"taxonomy":"product_tag","embeddable":true,"href":"https:\/\/roveyayinevi.com.tr\/index.php\/wp-json\/wp\/v2\/product_tag?post=770300"}],"curies":[{"name":"wp","href":"https:\/\/api.w.org\/{rel}","templated":true}]}}