{"id":770298,"date":"2025-08-28T14:24:51","date_gmt":"2025-08-28T11:24:51","guid":{"rendered":"https:\/\/roveyayinevi.com.tr\/index.php\/urun\/bubble-tea-pofuduk-cikartmali-etkinlik-kitabi\/"},"modified":"2026-04-15T03:36:37","modified_gmt":"2026-04-15T00:36:37","slug":"bubble-tea-pofuduk-cikartmali-etkinlik-kitabi","status":"publish","type":"product","link":"https:\/\/roveyayinevi.com.tr\/index.php\/urun\/bubble-tea-pofuduk-cikartmali-etkinlik-kitabi\/","title":{"rendered":"Bubble Tea \u2013 Pofuduk \u00c7\u0131kartmal\u0131 Etkinlik Kitab\u0131"},"content":{"rendered":"<p>Bu kitapta birbirinden ne\u015feli etkinlikler seni bekliyor! Sayfalar\u0131 en sevdi\u011fin renklere boya, bulmacalar\u0131 \u00e7\u00f6z ve pofuduk \u00e7\u0131kartmalarla sahneler tasarla! Sevimli kawaii d\u00fcnyas\u0131n\u0131n kap\u0131lar\u0131n\u0131 arala. <\/p>\n","protected":false},"excerpt":{"rendered":"<p>Bu kitapta birbirinden ne\u015feli etkinlikler seni bekliyor! Sayfalar\u0131 en sevdi\u011fin renklere boya, bulmacalar\u0131 \u00e7\u00f6z ve pofuduk \u00e7\u0131kartmalarla sahneler tasarla! Sevimli kawaii d\u00fcnyas\u0131n\u0131n kap\u0131lar\u0131n\u0131 arala.<\/p>\n","protected":false},"featured_media":0,"template":"","meta":{"_monsterinsights_skip_tracking":false,"_monsterinsights_sitenote_active":false,"_monsterinsights_sitenote_note":"","_monsterinsights_sitenote_category":0},"product_brand":[],"product_cat":[12554,12274],"product_tag":[],"class_list":{"0":"post-770298","1":"product","2":"type-product","3":"status-publish","5":"product_cat-cikartmali-kitaplar","6":"product_cat-cocuk-ve-genclik-kitaplari","7":"pa_cilt-ciltsiz","8":"pa_tur-kitap","9":"pa_yayinevi-dogan-cocuk","10":"pa_yazar-kolektif","12":"first","13":"instock","14":"sale","15":"shipping-taxable","16":"purchasable","17":"product-type-simple"},"_links":{"self":[{"href":"https:\/\/roveyayinevi.com.tr\/index.php\/wp-json\/wp\/v2\/product\/770298","targetHints":{"allow":["GET"]}}],"collection":[{"href":"https:\/\/roveyayinevi.com.tr\/index.php\/wp-json\/wp\/v2\/product"}],"about":[{"href":"https:\/\/roveyayinevi.com.tr\/index.php\/wp-json\/wp\/v2\/types\/product"}],"wp:attachment":[{"href":"https:\/\/roveyayinevi.com.tr\/index.php\/wp-json\/wp\/v2\/media?parent=770298"}],"wp:term":[{"taxonomy":"product_brand","embeddable":true,"href":"https:\/\/roveyayinevi.com.tr\/index.php\/wp-json\/wp\/v2\/product_brand?post=770298"},{"taxonomy":"product_cat","embeddable":true,"href":"https:\/\/roveyayinevi.com.tr\/index.php\/wp-json\/wp\/v2\/product_cat?post=770298"},{"taxonomy":"product_tag","embeddable":true,"href":"https:\/\/roveyayinevi.com.tr\/index.php\/wp-json\/wp\/v2\/product_tag?post=770298"}],"curies":[{"name":"wp","href":"https:\/\/api.w.org\/{rel}","templated":true}]}}