{"id":770297,"date":"2025-08-28T14:24:49","date_gmt":"2025-08-28T11:24:49","guid":{"rendered":"https:\/\/roveyayinevi.com.tr\/index.php\/urun\/cikartmalarla-dunya-futbol-takimlari\/"},"modified":"2026-04-15T03:36:37","modified_gmt":"2026-04-15T00:36:37","slug":"cikartmalarla-dunya-futbol-takimlari","status":"publish","type":"product","link":"https:\/\/roveyayinevi.com.tr\/index.php\/urun\/cikartmalarla-dunya-futbol-takimlari\/","title":{"rendered":"\u00c7\u0131kartmalarla D\u00fcnya Futbol Tak\u0131mlar\u0131"},"content":{"rendered":"<p>FIFA erkekler futbol s\u0131ralamas\u0131na g\u00f6re d\u00fcnyan\u0131n en iyi 80 mill\u00ee tak\u0131m\u0131n\u0131 ke\u015ffetmeye haz\u0131r m\u0131s\u0131n? 1930\u2019da Uruguay\u2019da d\u00fczenlenen ilk D\u00fcnya Kupas\u0131\u2019ndan 2022\u2019de Katar\u2019da yap\u0131lan \u015fampiyonaya, D\u00fcnya Kupas\u0131\u2019na kat\u0131lan t\u00fcm \u00fclkelerin bayraklar\u0131. D\u00fcnya Kupas\u0131\u2019nda oynayan \u00f6nemli isimler hakk\u0131nda bilgiler: Gol krallar\u0131, ma\u00e7 sonu\u00e7lar\u0131 ve bir veya daha fazla kez D\u00fcnya Kupas\u0131 kazanan tak\u0131mlar. D\u00fcnya Kupas\u0131 tarihi boyunca verilen kupalar, turnuva logolar\u0131 ile 1930\u2019dan bu yana kullan\u0131lan toplar\u0131n ge\u00e7irdi\u011fi de\u011fi\u015fim. Kitaptaki bilgileri tamamlamak i\u00e7in kullanabilece\u011fin mill\u00ee tak\u0131m formalar\u0131n\u0131n harika \u00e7\u0131kartmalar\u0131. Futbol merakl\u0131lar\u0131 i\u00e7in hepsi ve \u00e7ok daha fazlas\u0131 bu kitapta! <\/p>\n","protected":false},"excerpt":{"rendered":"<p>FIFA erkekler futbol s\u0131ralamas\u0131na g\u00f6re d\u00fcnyan\u0131n en iyi 80 mill\u00ee tak\u0131m\u0131n\u0131 ke\u015ffetmeye haz\u0131r m\u0131s\u0131n? 1930\u2019da Uruguay\u2019da d\u00fczenlenen ilk D\u00fcnya Kupas\u0131\u2019ndan 2022\u2019de Katar\u2019da yap\u0131lan \u015fampiyonaya, D\u00fcnya Kupas\u0131\u2019na<span class=\"excerpt-hellip\"> [\u2026]<\/span><\/p>\n","protected":false},"featured_media":0,"template":"","meta":{"_monsterinsights_skip_tracking":false,"_monsterinsights_sitenote_active":false,"_monsterinsights_sitenote_note":"","_monsterinsights_sitenote_category":0},"product_brand":[],"product_cat":[12554,12274],"product_tag":[],"class_list":{"0":"post-770297","1":"product","2":"type-product","3":"status-publish","5":"product_cat-cikartmali-kitaplar","6":"product_cat-cocuk-ve-genclik-kitaplari","7":"pa_cilt-ciltsiz","8":"pa_tur-kitap","9":"pa_yayinevi-dogan-cocuk","10":"pa_yazar-kolektif","12":"first","13":"instock","14":"sale","15":"shipping-taxable","16":"purchasable","17":"product-type-simple"},"_links":{"self":[{"href":"https:\/\/roveyayinevi.com.tr\/index.php\/wp-json\/wp\/v2\/product\/770297","targetHints":{"allow":["GET"]}}],"collection":[{"href":"https:\/\/roveyayinevi.com.tr\/index.php\/wp-json\/wp\/v2\/product"}],"about":[{"href":"https:\/\/roveyayinevi.com.tr\/index.php\/wp-json\/wp\/v2\/types\/product"}],"wp:attachment":[{"href":"https:\/\/roveyayinevi.com.tr\/index.php\/wp-json\/wp\/v2\/media?parent=770297"}],"wp:term":[{"taxonomy":"product_brand","embeddable":true,"href":"https:\/\/roveyayinevi.com.tr\/index.php\/wp-json\/wp\/v2\/product_brand?post=770297"},{"taxonomy":"product_cat","embeddable":true,"href":"https:\/\/roveyayinevi.com.tr\/index.php\/wp-json\/wp\/v2\/product_cat?post=770297"},{"taxonomy":"product_tag","embeddable":true,"href":"https:\/\/roveyayinevi.com.tr\/index.php\/wp-json\/wp\/v2\/product_tag?post=770297"}],"curies":[{"name":"wp","href":"https:\/\/api.w.org\/{rel}","templated":true}]}}