{"id":770296,"date":"2025-08-28T14:24:47","date_gmt":"2025-08-28T11:24:47","guid":{"rendered":"https:\/\/roveyayinevi.com.tr\/index.php\/urun\/ayri-ayri-birlikte\/"},"modified":"2026-04-15T03:36:37","modified_gmt":"2026-04-15T00:36:37","slug":"ayri-ayri-birlikte","status":"publish","type":"product","link":"https:\/\/roveyayinevi.com.tr\/index.php\/urun\/ayri-ayri-birlikte\/","title":{"rendered":"Ayr\u0131 Ayr\u0131 Birlikte"},"content":{"rendered":"<p>Tek ba\u015f\u0131na mavi sadece mavidir, sar\u0131 ise sadece sar\u0131. Bir araya gelirler ve d\u00f6n\u00fc\u015f\u00fcrler ye\u015file. \u0130ki el, biraz sabun ve bolca su. Beraberken ba\u015flar k\u00f6p\u00fcrtme oyunu! AYRI AYRI, B\u0130RL\u0130KTE k\u00fc\u00e7\u00fck okurlara neden-sonu\u00e7 ili\u015fkisini, birlikte hareket etmenin g\u00fcc\u00fcn\u00fc ve d\u00fcnyadaki sihirli d\u00f6n\u00fc\u015f\u00fcmleri ke\u015ffetmeye davet eden e\u011flenceli bir hik\u00e2ye sunuyor. Basit ama etkileyici anlat\u0131m\u0131 ve ne\u015feli \u00e7izimleriyle bu kitap; b\u00fct\u00fcn\u00fcn, par\u00e7alar\u0131n toplam\u0131ndan daha b\u00fcy\u00fck oldu\u011funu ke\u015ffetmenin keyifli bir yolu! <\/p>\n","protected":false},"excerpt":{"rendered":"<p>Tek ba\u015f\u0131na mavi sadece mavidir, sar\u0131 ise sadece sar\u0131. Bir araya gelirler ve d\u00f6n\u00fc\u015f\u00fcrler ye\u015file. \u0130ki el, biraz sabun ve bolca su. Beraberken ba\u015flar k\u00f6p\u00fcrtme oyunu!<span class=\"excerpt-hellip\"> [\u2026]<\/span><\/p>\n","protected":false},"featured_media":0,"template":"","meta":{"_monsterinsights_skip_tracking":false,"_monsterinsights_sitenote_active":false,"_monsterinsights_sitenote_note":"","_monsterinsights_sitenote_category":0},"product_brand":[],"product_cat":[12274,12284],"product_tag":[],"class_list":{"0":"post-770296","1":"product","2":"type-product","3":"status-publish","5":"product_cat-cocuk-ve-genclik-kitaplari","6":"product_cat-hikayeler","7":"pa_cilt-ciltsiz","8":"pa_tur-kitap","9":"pa_yayinevi-dogan-cocuk","10":"pa_yazar-linda-booth-sweeney-ariel-rutland","12":"first","13":"instock","14":"sale","15":"shipping-taxable","16":"purchasable","17":"product-type-simple"},"_links":{"self":[{"href":"https:\/\/roveyayinevi.com.tr\/index.php\/wp-json\/wp\/v2\/product\/770296","targetHints":{"allow":["GET"]}}],"collection":[{"href":"https:\/\/roveyayinevi.com.tr\/index.php\/wp-json\/wp\/v2\/product"}],"about":[{"href":"https:\/\/roveyayinevi.com.tr\/index.php\/wp-json\/wp\/v2\/types\/product"}],"wp:attachment":[{"href":"https:\/\/roveyayinevi.com.tr\/index.php\/wp-json\/wp\/v2\/media?parent=770296"}],"wp:term":[{"taxonomy":"product_brand","embeddable":true,"href":"https:\/\/roveyayinevi.com.tr\/index.php\/wp-json\/wp\/v2\/product_brand?post=770296"},{"taxonomy":"product_cat","embeddable":true,"href":"https:\/\/roveyayinevi.com.tr\/index.php\/wp-json\/wp\/v2\/product_cat?post=770296"},{"taxonomy":"product_tag","embeddable":true,"href":"https:\/\/roveyayinevi.com.tr\/index.php\/wp-json\/wp\/v2\/product_tag?post=770296"}],"curies":[{"name":"wp","href":"https:\/\/api.w.org\/{rel}","templated":true}]}}