{"id":770292,"date":"2025-08-28T14:24:38","date_gmt":"2025-08-28T11:24:38","guid":{"rendered":"https:\/\/roveyayinevi.com.tr\/index.php\/urun\/iste-duygular\/"},"modified":"2026-04-15T03:36:37","modified_gmt":"2026-04-15T00:36:37","slug":"iste-duygular","status":"publish","type":"product","link":"https:\/\/roveyayinevi.com.tr\/index.php\/urun\/iste-duygular\/","title":{"rendered":"\u0130\u015fte Duygular"},"content":{"rendered":"<p>Bazen ne\u015feli oluruz, bazen \u00f6fkeli&#8230;   Bazen ke\u015ffetmek isteriz bazen de kendimizi g\u00fcvende hissetmek&#8230;   T\u00fcm duygular bizim bir par\u00e7am\u0131z. Hepsi \u00e7ok de\u011ferli ve hepsi normal!   Duygular\u0131 tan\u0131mak ve ifade edebilmekse erken \u00e7ocukluk d\u00f6neminde sosyal-duygusal geli\u015fimin \u00f6nemli kazan\u0131mlar\u0131ndan biri.   \u0130\u015fte Duygular; oyun hamurundan yap\u0131lm\u0131\u015f sevimli karakterleriyle ve sade diliyle, duygular hakk\u0131nda konu\u015fmak i\u00e7in m\u00fckemmel ve e\u011flenceli bir yol g\u00f6steriyor. <\/p>\n","protected":false},"excerpt":{"rendered":"<p>Bazen ne\u015feli oluruz, bazen \u00f6fkeli&#8230; Bazen ke\u015ffetmek isteriz bazen de kendimizi g\u00fcvende hissetmek&#8230; T\u00fcm duygular bizim bir par\u00e7am\u0131z. Hepsi \u00e7ok de\u011ferli ve hepsi normal! Duygular\u0131 tan\u0131mak<span class=\"excerpt-hellip\"> [\u2026]<\/span><\/p>\n","protected":false},"featured_media":0,"template":"","meta":{"_monsterinsights_skip_tracking":false,"_monsterinsights_sitenote_active":false,"_monsterinsights_sitenote_note":"","_monsterinsights_sitenote_category":0},"product_brand":[],"product_cat":[12274,12518],"product_tag":[],"class_list":{"0":"post-770292","1":"product","2":"type-product","3":"status-publish","5":"product_cat-cocuk-ve-genclik-kitaplari","6":"product_cat-okul-oncesi-kitaplar","7":"pa_cilt-ciltsiz","8":"pa_tur-kitap","9":"pa_yayinevi-dogan-cocuk","10":"pa_yazar-larissa-honsek","12":"first","13":"instock","14":"sale","15":"shipping-taxable","16":"purchasable","17":"product-type-simple"},"_links":{"self":[{"href":"https:\/\/roveyayinevi.com.tr\/index.php\/wp-json\/wp\/v2\/product\/770292","targetHints":{"allow":["GET"]}}],"collection":[{"href":"https:\/\/roveyayinevi.com.tr\/index.php\/wp-json\/wp\/v2\/product"}],"about":[{"href":"https:\/\/roveyayinevi.com.tr\/index.php\/wp-json\/wp\/v2\/types\/product"}],"wp:attachment":[{"href":"https:\/\/roveyayinevi.com.tr\/index.php\/wp-json\/wp\/v2\/media?parent=770292"}],"wp:term":[{"taxonomy":"product_brand","embeddable":true,"href":"https:\/\/roveyayinevi.com.tr\/index.php\/wp-json\/wp\/v2\/product_brand?post=770292"},{"taxonomy":"product_cat","embeddable":true,"href":"https:\/\/roveyayinevi.com.tr\/index.php\/wp-json\/wp\/v2\/product_cat?post=770292"},{"taxonomy":"product_tag","embeddable":true,"href":"https:\/\/roveyayinevi.com.tr\/index.php\/wp-json\/wp\/v2\/product_tag?post=770292"}],"curies":[{"name":"wp","href":"https:\/\/api.w.org\/{rel}","templated":true}]}}