{"id":770291,"date":"2025-08-28T14:24:36","date_gmt":"2025-08-28T11:24:36","guid":{"rendered":"https:\/\/roveyayinevi.com.tr\/index.php\/urun\/kentlesmenin-elestirisi-secilmis-makaleler\/"},"modified":"2026-04-15T03:36:37","modified_gmt":"2026-04-15T00:36:37","slug":"kentlesmenin-elestirisi-secilmis-makaleler","status":"publish","type":"product","link":"https:\/\/roveyayinevi.com.tr\/index.php\/urun\/kentlesmenin-elestirisi-secilmis-makaleler\/","title":{"rendered":"Kentle\u015fmenin Ele\u015ftirisi &#8211; Se\u00e7ilmi\u015f Makaleler"},"content":{"rendered":"<p>Kentle\u015fme, kentlerin i\u00e7inde ve d\u0131\u015f\u0131nda, t\u00fcm mek\u00e2nsal \u00f6l\u00e7eklerde gezegenimizi de\u011fi\u015ftiriyor. Neil Brenner bu de\u011fi\u015fimi ele\u015ftirel bir kent kuram\u0131n\u0131n ara\u00e7lar\u0131yla inceliyor: neoliberal \u015fehircili\u011fin i\u00e7erme ve d\u0131\u015flamalar\u0131n\u0131, adaletsizliklerini ve mant\u0131ks\u0131zl\u0131klar\u0131n\u0131 do\u011falm\u0131\u015f gibi g\u00f6steren ve b\u00f6ylece onlar\u0131 depolitize eden mevcut kent s\u00f6ylemlerini yap\u0131s\u00f6k\u00fcme u\u011frat\u0131yor. Kapitalist kentle\u015fmenin h\u0131zla de\u011fi\u015fen yap\u0131lar\u0131 kar\u015f\u0131s\u0131nda Brenner, kent kuram\u0131n\u0131n, temel kategorilerinin, y\u00f6ntemlerinin ve \u00f6nko\u015fullar\u0131n\u0131n s\u00fcrekli olarak daha da geli\u015ftirilmesi \u00e7a\u011fr\u0131s\u0131nda bulunuyor: sadece dinamik kalan, durmaks\u0131z\u0131n de\u011fi\u015fen \u00e7evreyle ili\u015fkili olarak s\u00fcrekli geli\u015fen bir kuram ger\u00e7ekten ele\u015ftirel bir kuram olabilir. Kentin t\u00fcm maddi ve estetik co\u015fkusuyla patlamas\u0131, her \u015feyden \u00f6nce, molek\u00fcler d\u00fczeyden gezegen d\u00fczeyine kadar akla gelebilecek b\u00fct\u00fcn \u00f6l\u00e7eklerde bir sosyo-mek\u00e2nsal farkl\u0131la\u015fma meselesi olarak anla\u015f\u0131lmal\u0131d\u0131r. Kapitalist toplumsal ili\u015fkiler taraf\u0131ndan dolay\u0131mland\u0131\u011f\u0131nda kentle\u015fme, yeni sosyo-ekolojik \u0131st\u0131rap bi\u00e7imleri yaratmak \u00fczere yerler, b\u00f6lgeler ve \u00f6l\u00e7ekler aras\u0131nda y\u0131k\u0131c\u0131 bir \u015fekilde seken kat\u0131ks\u0131z co\u011frafi e\u015fitsizli\u011fin \u00fcretimi i\u00e7in nab\u0131z gibi atan, g\u00fc\u00e7l\u00fc bir motor haline gelir; ama ayn\u0131 zamanda, kentsel potansiyellerin kolektif olarak temell\u00fck\u00fc i\u00e7in yeni f\u0131rsatlar\u0131 da serbest b\u0131rak\u0131r. Bu t\u00fcr e\u015fitsiz co\u011frafyalar\u0131 ve s\u00f6z konusu co\u011frafyalar\u0131n bast\u0131r\u0131lm\u0131\u015f \u00f6zg\u00fcrle\u015ftirici potansiyellerini politikle\u015ftirmek ve g\u00f6r\u00fcn\u00fcr k\u0131lmak, bu nedenle, kentsel veya ba\u015fka t\u00fcrl\u00fc herhangi bir ele\u015ftirel-kuramsal projenin \u00f6n saflar\u0131nda yer almal\u0131d\u0131r. Neil Brenner, bu eser se\u00e7kisinde, giderek kentle\u015fen bir gezegende bu iki y\u00f6nl\u00fc hareketin ele\u015ftirisinin d\u00fc\u015f\u00fcnceyi ve eylemi y\u00f6nlendiren ufuk olarak kendini ortaya koymas\u0131 gerekti\u011fini hat\u0131rlat\u0131yor. <\/p>\n","protected":false},"excerpt":{"rendered":"<p>Kentle\u015fme, kentlerin i\u00e7inde ve d\u0131\u015f\u0131nda, t\u00fcm mek\u00e2nsal \u00f6l\u00e7eklerde gezegenimizi de\u011fi\u015ftiriyor. Neil Brenner bu de\u011fi\u015fimi ele\u015ftirel bir kent kuram\u0131n\u0131n ara\u00e7lar\u0131yla inceliyor: neoliberal \u015fehircili\u011fin i\u00e7erme ve d\u0131\u015flamalar\u0131n\u0131, adaletsizliklerini<span class=\"excerpt-hellip\"> [\u2026]<\/span><\/p>\n","protected":false},"featured_media":0,"template":"","meta":{"_monsterinsights_skip_tracking":false,"_monsterinsights_sitenote_active":false,"_monsterinsights_sitenote_note":"","_monsterinsights_sitenote_category":0},"product_brand":[],"product_cat":[12767,12324],"product_tag":[],"class_list":{"0":"post-770291","1":"product","2":"type-product","3":"status-publish","5":"product_cat-kentlesme-modernlesme","6":"product_cat-sosyoloji","7":"pa_cilt-ciltsiz","8":"pa_tur-kitap","9":"pa_yayinevi-nika-yayinevi","10":"pa_yazar-neil-brenner","12":"first","13":"instock","14":"sale","15":"shipping-taxable","16":"purchasable","17":"product-type-simple"},"_links":{"self":[{"href":"https:\/\/roveyayinevi.com.tr\/index.php\/wp-json\/wp\/v2\/product\/770291","targetHints":{"allow":["GET"]}}],"collection":[{"href":"https:\/\/roveyayinevi.com.tr\/index.php\/wp-json\/wp\/v2\/product"}],"about":[{"href":"https:\/\/roveyayinevi.com.tr\/index.php\/wp-json\/wp\/v2\/types\/product"}],"wp:attachment":[{"href":"https:\/\/roveyayinevi.com.tr\/index.php\/wp-json\/wp\/v2\/media?parent=770291"}],"wp:term":[{"taxonomy":"product_brand","embeddable":true,"href":"https:\/\/roveyayinevi.com.tr\/index.php\/wp-json\/wp\/v2\/product_brand?post=770291"},{"taxonomy":"product_cat","embeddable":true,"href":"https:\/\/roveyayinevi.com.tr\/index.php\/wp-json\/wp\/v2\/product_cat?post=770291"},{"taxonomy":"product_tag","embeddable":true,"href":"https:\/\/roveyayinevi.com.tr\/index.php\/wp-json\/wp\/v2\/product_tag?post=770291"}],"curies":[{"name":"wp","href":"https:\/\/api.w.org\/{rel}","templated":true}]}}