{"id":770290,"date":"2025-08-28T14:24:33","date_gmt":"2025-08-28T11:24:33","guid":{"rendered":"https:\/\/roveyayinevi.com.tr\/index.php\/urun\/sozcuklerim-sinir-tanimaz-yabanciligim-gibi\/"},"modified":"2026-04-15T03:36:37","modified_gmt":"2026-04-15T00:36:37","slug":"sozcuklerim-sinir-tanimaz-yabanciligim-gibi","status":"publish","type":"product","link":"https:\/\/roveyayinevi.com.tr\/index.php\/urun\/sozcuklerim-sinir-tanimaz-yabanciligim-gibi\/","title":{"rendered":"S\u00f6zc\u00fcklerim S\u0131n\u0131r Tan\u0131maz, Yabanc\u0131l\u0131\u011f\u0131m Gibi"},"content":{"rendered":"<p>\ufffcMischa Andriessen\u2019in \u015fiirleri tarihsel, mitolojik ve ki\u015fisel hik\u00e2yeleri yapbozvari ve ak\u0131c\u0131 bir dille kafkaesk atmosferlere d\u00f6n\u00fc\u015ft\u00fcr\u00fcyor.   Leoparlar gibi so\u011fuk mermere yatm\u0131\u015f bu dazlak, \u00e7\u0131plak ve d\u00fcr\u00fcst adamlar midemi buland\u0131r\u0131yor. M\u00fcfetti\u015fleri \u00e7a\u011f\u0131r\u0131yorum geliyor m\u00fcfetti\u015fler yar\u0131n sabah as\u0131lacaklar, diyorlar. Hadi bakal\u0131m, \u00e7ok da umurumdayd\u0131, diye m\u0131r\u0131ldan\u0131yorum Yakal\u0131yorlar hepsini ger\u00e7ekten de. Gen\u00e7 adamlar, g\u00fczel gencecik kad\u0131nlar tek s\u0131ra \u00e7\u0131k\u0131yorlar avluya ba\u011f\u0131rarak okuyorlar el kitaplar\u0131ndan sanki bir \u015fey kan\u0131tlayabilirlermi\u015f gibi g\u00f6z ba\u011f\u0131n\u0131 reddetme haklar\u0131n\u0131. Her \u015fey iki duda\u011f\u0131m\u0131n aras\u0131nda art\u0131k a\u011fz\u0131m\u0131 a\u00e7mam yeter serbest b\u0131rak\u0131lmalar\u0131na. S\u00f6zc\u00fcklerimin g\u00fcc\u00fc s\u0131n\u0131rs\u0131z, yabanc\u0131l\u0131\u011f\u0131m kadarAma konu ben de\u011filim de\u011fil mi? <\/p>\n","protected":false},"excerpt":{"rendered":"<p>\ufffcMischa Andriessen\u2019in \u015fiirleri tarihsel, mitolojik ve ki\u015fisel hik\u00e2yeleri yapbozvari ve ak\u0131c\u0131 bir dille kafkaesk atmosferlere d\u00f6n\u00fc\u015ft\u00fcr\u00fcyor. Leoparlar gibi so\u011fuk mermere yatm\u0131\u015f bu dazlak, \u00e7\u0131plak ve d\u00fcr\u00fcst<span class=\"excerpt-hellip\"> [\u2026]<\/span><\/p>\n","protected":false},"featured_media":0,"template":"","meta":{"_monsterinsights_skip_tracking":false,"_monsterinsights_sitenote_active":false,"_monsterinsights_sitenote_note":"","_monsterinsights_sitenote_category":0},"product_brand":[],"product_cat":[12291,12509],"product_tag":[],"class_list":{"0":"post-770290","1":"product","2":"type-product","3":"status-publish","5":"product_cat-edebiyat","6":"product_cat-siir","7":"pa_cilt-ciltsiz","8":"pa_tur-kitap","9":"pa_yayinevi-yitik-ulke-yayinlari","10":"pa_yazar-mischa-andriessen","12":"first","13":"instock","14":"sale","15":"shipping-taxable","16":"purchasable","17":"product-type-simple"},"_links":{"self":[{"href":"https:\/\/roveyayinevi.com.tr\/index.php\/wp-json\/wp\/v2\/product\/770290","targetHints":{"allow":["GET"]}}],"collection":[{"href":"https:\/\/roveyayinevi.com.tr\/index.php\/wp-json\/wp\/v2\/product"}],"about":[{"href":"https:\/\/roveyayinevi.com.tr\/index.php\/wp-json\/wp\/v2\/types\/product"}],"wp:attachment":[{"href":"https:\/\/roveyayinevi.com.tr\/index.php\/wp-json\/wp\/v2\/media?parent=770290"}],"wp:term":[{"taxonomy":"product_brand","embeddable":true,"href":"https:\/\/roveyayinevi.com.tr\/index.php\/wp-json\/wp\/v2\/product_brand?post=770290"},{"taxonomy":"product_cat","embeddable":true,"href":"https:\/\/roveyayinevi.com.tr\/index.php\/wp-json\/wp\/v2\/product_cat?post=770290"},{"taxonomy":"product_tag","embeddable":true,"href":"https:\/\/roveyayinevi.com.tr\/index.php\/wp-json\/wp\/v2\/product_tag?post=770290"}],"curies":[{"name":"wp","href":"https:\/\/api.w.org\/{rel}","templated":true}]}}