{"id":770289,"date":"2025-08-28T14:24:31","date_gmt":"2025-08-28T11:24:31","guid":{"rendered":"https:\/\/roveyayinevi.com.tr\/index.php\/urun\/dus-kanatlari\/"},"modified":"2026-04-15T03:36:37","modified_gmt":"2026-04-15T00:36:37","slug":"dus-kanatlari","status":"publish","type":"product","link":"https:\/\/roveyayinevi.com.tr\/index.php\/urun\/dus-kanatlari\/","title":{"rendered":"D\u00fc\u015f Kanatlar\u0131"},"content":{"rendered":"<p>Mayu, d\u00fc\u015f kurmay\u0131 her \u015feyden \u00e7ok seven bir \u00e7ekirge. En b\u00fcy\u00fck e\u011flencesi, karahindibalar\u0131n tohumlar\u0131n\u0131 \u00fcfleyip dilekler tutmak. Ama bir g\u00fcn, ormanda kar\u015f\u0131s\u0131na \u00e7\u0131kan minik bir kese, onu bamba\u015fka bir maceraya s\u00fcr\u00fckl\u00fcyor! Bu kesenin i\u00e7inden \u00e7\u0131kan Zulu, kanatlar\u0131 oldu\u011fu h\u00e2lde u\u00e7amayan bir kelebek! Oysa ailesi \u00e7oktan Sri Lanka\u2019ya g\u00f6\u00e7 etti ve Zulu\u2019nun onlara kavu\u015fmas\u0131n\u0131n tek yolu, u\u00e7may\u0131 ba\u015farmak. Mayu ve Zulu, umudun ve dostlu\u011fun izinden giderek u\u00e7man\u0131n yollar\u0131n\u0131 ar\u0131yorlar. Kimi zaman ne\u015feyle z\u0131playarak, kimi zaman b\u00fcy\u00fck bir kararl\u0131l\u0131kla hayallerine tutunuyorlar. \u00c7\u00fcnk\u00fc bazen u\u00e7abilmek i\u00e7in sadece kanatlara de\u011fil, azme, cesarete ve kalbini s\u0131ms\u0131k\u0131 saran dostluklara da ihtiyac\u0131n vard\u0131r! <\/p>\n","protected":false},"excerpt":{"rendered":"<p>Mayu, d\u00fc\u015f kurmay\u0131 her \u015feyden \u00e7ok seven bir \u00e7ekirge. En b\u00fcy\u00fck e\u011flencesi, karahindibalar\u0131n tohumlar\u0131n\u0131 \u00fcfleyip dilekler tutmak. Ama bir g\u00fcn, ormanda kar\u015f\u0131s\u0131na \u00e7\u0131kan minik bir kese,<span class=\"excerpt-hellip\"> [\u2026]<\/span><\/p>\n","protected":false},"featured_media":0,"template":"","meta":{"_monsterinsights_skip_tracking":false,"_monsterinsights_sitenote_active":false,"_monsterinsights_sitenote_note":"","_monsterinsights_sitenote_category":0},"product_brand":[],"product_cat":[12274,12284],"product_tag":[],"class_list":{"0":"post-770289","1":"product","2":"type-product","3":"status-publish","5":"product_cat-cocuk-ve-genclik-kitaplari","6":"product_cat-hikayeler","7":"pa_cilt-ciltsiz","8":"pa_tur-kitap","9":"pa_yayinevi-dogan-cocuk","10":"pa_yazar-fatma-efe-nergiz","12":"first","13":"instock","14":"sale","15":"shipping-taxable","16":"purchasable","17":"product-type-simple"},"_links":{"self":[{"href":"https:\/\/roveyayinevi.com.tr\/index.php\/wp-json\/wp\/v2\/product\/770289","targetHints":{"allow":["GET"]}}],"collection":[{"href":"https:\/\/roveyayinevi.com.tr\/index.php\/wp-json\/wp\/v2\/product"}],"about":[{"href":"https:\/\/roveyayinevi.com.tr\/index.php\/wp-json\/wp\/v2\/types\/product"}],"wp:attachment":[{"href":"https:\/\/roveyayinevi.com.tr\/index.php\/wp-json\/wp\/v2\/media?parent=770289"}],"wp:term":[{"taxonomy":"product_brand","embeddable":true,"href":"https:\/\/roveyayinevi.com.tr\/index.php\/wp-json\/wp\/v2\/product_brand?post=770289"},{"taxonomy":"product_cat","embeddable":true,"href":"https:\/\/roveyayinevi.com.tr\/index.php\/wp-json\/wp\/v2\/product_cat?post=770289"},{"taxonomy":"product_tag","embeddable":true,"href":"https:\/\/roveyayinevi.com.tr\/index.php\/wp-json\/wp\/v2\/product_tag?post=770289"}],"curies":[{"name":"wp","href":"https:\/\/api.w.org\/{rel}","templated":true}]}}