{"id":770288,"date":"2025-08-28T14:24:29","date_gmt":"2025-08-28T11:24:29","guid":{"rendered":"https:\/\/roveyayinevi.com.tr\/index.php\/urun\/gonul-gordu-dil-soyledi\/"},"modified":"2026-04-15T03:36:37","modified_gmt":"2026-04-15T00:36:37","slug":"gonul-gordu-dil-soyledi","status":"publish","type":"product","link":"https:\/\/roveyayinevi.com.tr\/index.php\/urun\/gonul-gordu-dil-soyledi\/","title":{"rendered":"G\u00f6n\u00fcl G\u00f6rd\u00fc Dil S\u00f6yledi"},"content":{"rendered":"<p>\u201cS\u00f6z\u00fcn, saz\u0131n, izin ne g\u00fczel.\u201d Ya\u015far Seyman, g\u00f6ky\u00fcz\u00fcnde turnalar\u0131n, yery\u00fcz\u00fcnde nehirlerin e\u015flik etti\u011fi bir yolculu\u011fa \u00e7\u0131kar\u0131yor okurunu bu kez. Anadolu\u2019dan havalan\u0131p d\u00fcnyaya kanat a\u00e7an bir all\u0131 turna misali do\u011fup b\u00fcy\u00fcd\u00fc\u011f\u00fc topraklar\u0131n renklerini t\u00fcm d\u00fcnyan\u0131n renkleriyle harmanlayan Ya\u015far Seyman, kalem diye bir turna tele\u011fini alm\u0131\u015f, a\u015fk m\u00fcrekkebine bat\u0131r\u0131p yazm\u0131\u015f \u00c2\u015f\u0131k Veysel\u2019i. Bu y\u00fczden bu kitapta okuyaca\u011f\u0131n\u0131z s\u0131radan bir \u00c2\u015f\u0131k Veysel biyografisi de\u011fil, Ya\u015far Seyman\u2019\u0131n \u00c2\u015f\u0131k Veysel\u2019idir. K\u0131z\u0131l\u0131rmak boylar\u0131ndan turnalar e\u015fli\u011finde yola d\u00fc\u015f\u00fcp, deyi\u015flerle, t\u00fcrk\u00fclerle, s\u00f6ylencelerle, an\u0131larla \u00c2\u015f\u0131k Veysel\u2019in izinde ad\u0131m ad\u0131m dola\u015f\u0131yor. Sayfalarda ilerlerken \u00e2\u015f\u0131kl\u0131k gelene\u011findeki yerinden k\u00f6y enstit\u00fclerindeki e\u011fitmenli\u011fine, do\u011fa sevgisinden \u201cdert ehli\u201d bilge ki\u015fili\u011fine, Cumhuriyet sevdas\u0131ndan gitti\u011fi her yere \u0131\u015f\u0131\u011f\u0131n\u0131 g\u00f6t\u00fcren ayd\u0131n kimli\u011fine katman katman bir nehir gibi a\u00e7\u0131larak ak\u0131yor \u00c2\u015f\u0131k Veysel, k\u0131y\u0131s\u0131nda y\u00fcr\u00fcyoruz. Yolun bir yerinde Umberto Eco\u2019nun \u201cK\u00f6r K\u00fct\u00fcphaneci\u201dsi Jorge Luis Borges kat\u0131l\u0131yor Arjantin\u2019den, \u00c2\u015f\u0131k Veysel\u2019le y\u00e2renlik ediyor, bir yerde Akdeniz\u2019in \u00f6te yakas\u0131 M\u0131s\u0131r\u2019dan Taha H\u00fcseyin e\u015flik ediyor. Ya\u015far Seyman hepimizi, \u201cseni yazmak bir a\u015fk hali\u201d dedi\u011fi \u00c2\u015f\u0131k Veysel\u2019in izinde o &#8220;uzun ince yol&#8221;u muhabbetle, a\u015fkla y\u00fcr\u00fcmeye davet ediyor.<\/p>\n","protected":false},"excerpt":{"rendered":"<p>\u201cS\u00f6z\u00fcn, saz\u0131n, izin ne g\u00fczel.\u201d Ya\u015far Seyman, g\u00f6ky\u00fcz\u00fcnde turnalar\u0131n, yery\u00fcz\u00fcnde nehirlerin e\u015flik etti\u011fi bir yolculu\u011fa \u00e7\u0131kar\u0131yor okurunu bu kez. Anadolu\u2019dan havalan\u0131p d\u00fcnyaya kanat a\u00e7an bir all\u0131<span class=\"excerpt-hellip\"> [\u2026]<\/span><\/p>\n","protected":false},"featured_media":0,"template":"","meta":{"_monsterinsights_skip_tracking":false,"_monsterinsights_sitenote_active":false,"_monsterinsights_sitenote_note":"","_monsterinsights_sitenote_category":0},"product_brand":[],"product_cat":[14009,12291],"product_tag":[],"class_list":{"0":"post-770288","1":"product","2":"type-product","3":"status-publish","5":"product_cat-biyografi-otobiyografi-edebiyat","6":"product_cat-edebiyat","7":"pa_cilt-ciltsiz","8":"pa_tur-kitap","9":"pa_yayinevi-bilgi-yayinevi","10":"pa_yazar-yasar-seyman","12":"first","13":"instock","14":"sale","15":"shipping-taxable","16":"purchasable","17":"product-type-simple"},"_links":{"self":[{"href":"https:\/\/roveyayinevi.com.tr\/index.php\/wp-json\/wp\/v2\/product\/770288","targetHints":{"allow":["GET"]}}],"collection":[{"href":"https:\/\/roveyayinevi.com.tr\/index.php\/wp-json\/wp\/v2\/product"}],"about":[{"href":"https:\/\/roveyayinevi.com.tr\/index.php\/wp-json\/wp\/v2\/types\/product"}],"wp:attachment":[{"href":"https:\/\/roveyayinevi.com.tr\/index.php\/wp-json\/wp\/v2\/media?parent=770288"}],"wp:term":[{"taxonomy":"product_brand","embeddable":true,"href":"https:\/\/roveyayinevi.com.tr\/index.php\/wp-json\/wp\/v2\/product_brand?post=770288"},{"taxonomy":"product_cat","embeddable":true,"href":"https:\/\/roveyayinevi.com.tr\/index.php\/wp-json\/wp\/v2\/product_cat?post=770288"},{"taxonomy":"product_tag","embeddable":true,"href":"https:\/\/roveyayinevi.com.tr\/index.php\/wp-json\/wp\/v2\/product_tag?post=770288"}],"curies":[{"name":"wp","href":"https:\/\/api.w.org\/{rel}","templated":true}]}}