{"id":770286,"date":"2025-08-28T14:24:26","date_gmt":"2025-08-28T11:24:26","guid":{"rendered":"https:\/\/roveyayinevi.com.tr\/index.php\/urun\/jacques-lacanin-kurami-uzerine-bes-ders\/"},"modified":"2026-04-15T03:36:37","modified_gmt":"2026-04-15T00:36:37","slug":"jacques-lacanin-kurami-uzerine-bes-ders","status":"publish","type":"product","link":"https:\/\/roveyayinevi.com.tr\/index.php\/urun\/jacques-lacanin-kurami-uzerine-bes-ders\/","title":{"rendered":"Jacques Lacan\u2019\u0131n Kuram\u0131 \u00dczerine Be\u015f Ders"},"content":{"rendered":"<p>Bu kitab\u0131nda Jacques Lacan&#8217;\u0131n kuram\u0131n\u0131n temel kavramlar\u0131na yal\u0131n ve a\u00e7\u0131k bir giri\u015f yapan J. -D. Nasio, kendi klinik deneyimlerinden yola \u00e7\u0131karak kurdu\u011fu ba\u011flant\u0131larla okuyucuyu da ad\u0131m ad\u0131m takip edebilece\u011fi kuramsal ve klinik farkl\u0131 katmanlarla tan\u0131\u015ft\u0131r\u0131yor. Bilin\u00e7d\u0131\u015f\u0131, nesne a, Jouissance\/zevk, d\u00fc\u015flem ve beden kavramlar\u0131n\u0131 J. Lacan&#8217;\u0131n kuram\u0131n\u0131n \u201cBilin\u00e7d\u0131\u015f\u0131 bir dil gibi yap\u0131lanm\u0131\u015ft\u0131r&#8221; ve &#8220;Cinsel ili\u015fki\/denklik yoktur&#8221; temel dayanaklar\u0131 etraf\u0131nda yap\u0131land\u0131rarak ele alan yazar, bunu diyaloglarla da zenginle\u015ftirdi\u011fi kendi \u00f6zg\u00fcn Lacan yorumuyla yap\u0131yor. Bu be\u015f dersi izleyen &#8220;bilin\u00e7d\u0131\u015f\u0131 \u00f6zne\u201d konulu b\u00f6l\u00fcm, yazar\u0131n J. Lacan&#8217;\u0131n daveti \u00fczerine onun seminerinde verdi\u011fi bir konferans. J. Lacan&#8217;\u0131n kuram\u0131n\u0131n canl\u0131 ve devindiren karakterine tan\u0131kl\u0131k edebilece\u011fimiz Jacques Lacan&#8217;\u0131n Kuram\u0131 \u00dczerine Be\u015f Ders, okuyucuya, bu b\u00fcy\u00fck Frans\u0131z psikanalistin a\u00e7t\u0131\u011f\u0131 ufukla kar\u015f\u0131la\u015fman\u0131n kararl\u0131l\u0131k isteyen bir yolunu sunuyor. <\/p>\n","protected":false},"excerpt":{"rendered":"<p>Bu kitab\u0131nda Jacques Lacan&#8217;\u0131n kuram\u0131n\u0131n temel kavramlar\u0131na yal\u0131n ve a\u00e7\u0131k bir giri\u015f yapan J. -D. Nasio, kendi klinik deneyimlerinden yola \u00e7\u0131karak kurdu\u011fu ba\u011flant\u0131larla okuyucuyu da ad\u0131m<span class=\"excerpt-hellip\"> [\u2026]<\/span><\/p>\n","protected":false},"featured_media":0,"template":"","meta":{"_monsterinsights_skip_tracking":false,"_monsterinsights_sitenote_active":false,"_monsterinsights_sitenote_note":"","_monsterinsights_sitenote_category":0},"product_brand":[],"product_cat":[38801,12357],"product_tag":[],"class_list":{"0":"post-770286","1":"product","2":"type-product","3":"status-publish","5":"product_cat-ekoller-ve-yaklasimlar","6":"product_cat-psikoloji","7":"pa_cilt-ciltsiz","8":"pa_tur-kitap","9":"pa_yayinevi-livera-yayinevi","10":"pa_yazar-j-d-nasio","12":"first","13":"instock","14":"sale","15":"shipping-taxable","16":"purchasable","17":"product-type-simple"},"_links":{"self":[{"href":"https:\/\/roveyayinevi.com.tr\/index.php\/wp-json\/wp\/v2\/product\/770286","targetHints":{"allow":["GET"]}}],"collection":[{"href":"https:\/\/roveyayinevi.com.tr\/index.php\/wp-json\/wp\/v2\/product"}],"about":[{"href":"https:\/\/roveyayinevi.com.tr\/index.php\/wp-json\/wp\/v2\/types\/product"}],"wp:attachment":[{"href":"https:\/\/roveyayinevi.com.tr\/index.php\/wp-json\/wp\/v2\/media?parent=770286"}],"wp:term":[{"taxonomy":"product_brand","embeddable":true,"href":"https:\/\/roveyayinevi.com.tr\/index.php\/wp-json\/wp\/v2\/product_brand?post=770286"},{"taxonomy":"product_cat","embeddable":true,"href":"https:\/\/roveyayinevi.com.tr\/index.php\/wp-json\/wp\/v2\/product_cat?post=770286"},{"taxonomy":"product_tag","embeddable":true,"href":"https:\/\/roveyayinevi.com.tr\/index.php\/wp-json\/wp\/v2\/product_tag?post=770286"}],"curies":[{"name":"wp","href":"https:\/\/api.w.org\/{rel}","templated":true}]}}