{"id":770285,"date":"2025-08-28T14:24:24","date_gmt":"2025-08-28T11:24:24","guid":{"rendered":"https:\/\/roveyayinevi.com.tr\/index.php\/urun\/iz-birakan-yolbascilarimiz\/"},"modified":"2026-04-15T03:36:37","modified_gmt":"2026-04-15T00:36:37","slug":"iz-birakan-yolbascilarimiz","status":"publish","type":"product","link":"https:\/\/roveyayinevi.com.tr\/index.php\/urun\/iz-birakan-yolbascilarimiz\/","title":{"rendered":"\u0130z B\u0131rakan Yolba\u015f\u00e7\u0131lar\u0131m\u0131z"},"content":{"rendered":"<p>Bu eserde hem T\u00fcrkiye T\u00fcrkl\u00fc\u011f\u00fcn\u00fcn hem de di\u011fer T\u00fcrk boylar\u0131n\u0131n mill\u00ee vicdan\u0131 olmu\u015f baz\u0131 T\u00fcrk b\u00fcy\u00fcklerine yer verildi. Bunlar, T\u00fcrk milleti i\u00e7in edebiyattan sanat\u0131n di\u011fer dallar\u0131na, k\u00fclt\u00fcrden siyasete pek \u00e7ok alanda hizmet etmi\u015f, eser, iz b\u0131rakm\u0131\u015f \u00f6nemli baz\u0131 yolba\u015f\u00e7\u0131lar\u0131m\u0131zd\u0131r. Bunlar\u0131n bize b\u0131rakt\u0131\u011f\u0131 mirasla ilgili izlenimlerimize ve eserlerini incelemeye yer verdik. Zihnimizi, ruhumuzu, beynimizi sahih, sa\u011flam, do\u011fru bir mill\u00ee \u015fuurla yeniden in\u015fa eden ve ebediyete giden bu T\u00fcrk b\u00fcy\u00fcklerini as\u0131l olarak bize b\u0131rakt\u0131klar\u0131 eserlerini okuyup i\u00e7selle\u015ftirerek hakiki manada anm\u0131\u015f, hat\u0131rlam\u0131\u015f, mill\u00ee haf\u0131zam\u0131zda ya\u015fatm\u0131\u015f oluruz. <\/p>\n","protected":false},"excerpt":{"rendered":"<p>Bu eserde hem T\u00fcrkiye T\u00fcrkl\u00fc\u011f\u00fcn\u00fcn hem de di\u011fer T\u00fcrk boylar\u0131n\u0131n mill\u00ee vicdan\u0131 olmu\u015f baz\u0131 T\u00fcrk b\u00fcy\u00fcklerine yer verildi. Bunlar, T\u00fcrk milleti i\u00e7in edebiyattan sanat\u0131n di\u011fer dallar\u0131na,<span class=\"excerpt-hellip\"> [\u2026]<\/span><\/p>\n","protected":false},"featured_media":0,"template":"","meta":{"_monsterinsights_skip_tracking":false,"_monsterinsights_sitenote_active":false,"_monsterinsights_sitenote_note":"","_monsterinsights_sitenote_category":0},"product_brand":[],"product_cat":[12370,12304],"product_tag":[],"class_list":{"0":"post-770285","1":"product","2":"type-product","3":"status-publish","5":"product_cat-arastirma-inceleme","6":"product_cat-tarih","7":"pa_cilt-ciltsiz","8":"pa_tur-kitap","9":"pa_yayinevi-bilge-budun-yayinlari","10":"pa_yazar-prof-dr-nurullah-cetin","12":"first","13":"instock","14":"sale","15":"shipping-taxable","16":"purchasable","17":"product-type-simple"},"_links":{"self":[{"href":"https:\/\/roveyayinevi.com.tr\/index.php\/wp-json\/wp\/v2\/product\/770285","targetHints":{"allow":["GET"]}}],"collection":[{"href":"https:\/\/roveyayinevi.com.tr\/index.php\/wp-json\/wp\/v2\/product"}],"about":[{"href":"https:\/\/roveyayinevi.com.tr\/index.php\/wp-json\/wp\/v2\/types\/product"}],"wp:attachment":[{"href":"https:\/\/roveyayinevi.com.tr\/index.php\/wp-json\/wp\/v2\/media?parent=770285"}],"wp:term":[{"taxonomy":"product_brand","embeddable":true,"href":"https:\/\/roveyayinevi.com.tr\/index.php\/wp-json\/wp\/v2\/product_brand?post=770285"},{"taxonomy":"product_cat","embeddable":true,"href":"https:\/\/roveyayinevi.com.tr\/index.php\/wp-json\/wp\/v2\/product_cat?post=770285"},{"taxonomy":"product_tag","embeddable":true,"href":"https:\/\/roveyayinevi.com.tr\/index.php\/wp-json\/wp\/v2\/product_tag?post=770285"}],"curies":[{"name":"wp","href":"https:\/\/api.w.org\/{rel}","templated":true}]}}