{"id":770283,"date":"2025-08-28T14:24:19","date_gmt":"2025-08-28T11:24:19","guid":{"rendered":"https:\/\/roveyayinevi.com.tr\/index.php\/urun\/mehmet-akif-bilgeligi\/"},"modified":"2026-04-15T03:36:36","modified_gmt":"2026-04-15T00:36:36","slug":"mehmet-akif-bilgeligi","status":"publish","type":"product","link":"https:\/\/roveyayinevi.com.tr\/index.php\/urun\/mehmet-akif-bilgeligi\/","title":{"rendered":"Mehmet Akif Bilgeli\u011fi"},"content":{"rendered":"<p>Mehmet Akif Ersoy sadece s\u0131radan bir \u015fair de\u011fildir. O \u015fiirini \u015fuurunun ifade arac\u0131 yapm\u0131\u015f bir b\u00fcy\u00fck T\u00fcrk ayd\u0131n\u0131d\u0131r. \u015eiirlerinde bireysel konular\u0131n yan\u0131nda daha \u00e7ok toplumsal ve mill\u00ee konulara yer vermi\u015ftir. Bu eserde onun yeniden dirili\u015f, siyasetname, insanl\u0131k, tarih, mankurtluk, cumhuriyet, saltanat ve ahlak kavramlar\u0131na dair do\u011fru, \u00f6zg\u00fcn, bilgece yakla\u015f\u0131mlar\u0131 irdelenmi\u015ftir. <\/p>\n","protected":false},"excerpt":{"rendered":"<p>Mehmet Akif Ersoy sadece s\u0131radan bir \u015fair de\u011fildir. O \u015fiirini \u015fuurunun ifade arac\u0131 yapm\u0131\u015f bir b\u00fcy\u00fck T\u00fcrk ayd\u0131n\u0131d\u0131r. \u015eiirlerinde bireysel konular\u0131n yan\u0131nda daha \u00e7ok toplumsal ve<span class=\"excerpt-hellip\"> [\u2026]<\/span><\/p>\n","protected":false},"featured_media":0,"template":"","meta":{"_monsterinsights_skip_tracking":false,"_monsterinsights_sitenote_active":false,"_monsterinsights_sitenote_note":"","_monsterinsights_sitenote_category":0},"product_brand":[],"product_cat":[13072,12291],"product_tag":[],"class_list":{"0":"post-770283","1":"product","2":"type-product","3":"status-publish","5":"product_cat-arastirma-inceleme-referans","6":"product_cat-edebiyat","7":"pa_cilt-ciltsiz","8":"pa_tur-kitap","9":"pa_yayinevi-kamutay-yayinlari","10":"pa_yazar-prof-dr-nurullah-cetin","12":"first","13":"instock","14":"sale","15":"shipping-taxable","16":"purchasable","17":"product-type-simple"},"_links":{"self":[{"href":"https:\/\/roveyayinevi.com.tr\/index.php\/wp-json\/wp\/v2\/product\/770283","targetHints":{"allow":["GET"]}}],"collection":[{"href":"https:\/\/roveyayinevi.com.tr\/index.php\/wp-json\/wp\/v2\/product"}],"about":[{"href":"https:\/\/roveyayinevi.com.tr\/index.php\/wp-json\/wp\/v2\/types\/product"}],"wp:attachment":[{"href":"https:\/\/roveyayinevi.com.tr\/index.php\/wp-json\/wp\/v2\/media?parent=770283"}],"wp:term":[{"taxonomy":"product_brand","embeddable":true,"href":"https:\/\/roveyayinevi.com.tr\/index.php\/wp-json\/wp\/v2\/product_brand?post=770283"},{"taxonomy":"product_cat","embeddable":true,"href":"https:\/\/roveyayinevi.com.tr\/index.php\/wp-json\/wp\/v2\/product_cat?post=770283"},{"taxonomy":"product_tag","embeddable":true,"href":"https:\/\/roveyayinevi.com.tr\/index.php\/wp-json\/wp\/v2\/product_tag?post=770283"}],"curies":[{"name":"wp","href":"https:\/\/api.w.org\/{rel}","templated":true}]}}