{"id":770282,"date":"2025-08-28T14:24:17","date_gmt":"2025-08-28T11:24:17","guid":{"rendered":"https:\/\/roveyayinevi.com.tr\/index.php\/urun\/eskimeyen-ask\/"},"modified":"2026-02-03T03:37:15","modified_gmt":"2026-02-03T00:37:15","slug":"eskimeyen-ask","status":"publish","type":"product","link":"https:\/\/roveyayinevi.com.tr\/index.php\/urun\/eskimeyen-ask\/","title":{"rendered":"Eskimeyen A\u015fk"},"content":{"rendered":"<p>Pek \u00e7ok insan\u0131n hayat\u0131nda \u00e7ocukluk a\u015fklar\u0131 \u00f6nemli bir yer etmi\u015ftir. \u00c7ocukluklar\u0131nda ve ilk gen\u00e7lik y\u0131llar\u0131nda birbirlerine s\u0131r\u0131ls\u0131klam \u00e2\u015f\u0131k olup da evlenemeyen nice insan vard\u0131r. Genellikle aile engeli y\u00fcz\u00fcnden evlenemeyen bu gen\u00e7lerin a\u015fklar\u0131 hayatlar\u0131n\u0131n sonraki d\u00f6nemlerinde de silinmez. Korlanm\u0131\u015f bir ate\u015f gibi hep varl\u0131\u011f\u0131n\u0131 korur. Gen\u00e7ler baz\u0131 nedenlerden dolay\u0131 ilk a\u015fklar\u0131yla de\u011fil, ba\u015fkalar\u0131yla evlenir ama birbirlerini hep gizli gizli izlerler. \u201cAcaba kiminle evlendi, ne yap\u0131yor, beni h\u00e2l\u00e2 seviyor mu?\u201d sorular\u0131 onlar\u0131n hayat\u0131n\u0131 hep me\u015fgul eder durur. Bir vesileyle tekrar kavu\u015ftuklar\u0131nda taraflardan birinin evli ve \u00e7ocuklu olmas\u0131, onlar\u0131n birle\u015fmesinde bir engeldir ve bu dram s\u00fcrer gider. \u0130\u015fte elinizdeki roman, b\u00f6ylesine derinlikli ve h\u00fcz\u00fcnl\u00fc yar\u0131m b\u0131rak\u0131lm\u0131\u015f bir a\u015fk dram\u0131n\u0131 konu ediniyor. <\/p>\n","protected":false},"excerpt":{"rendered":"<p>Pek \u00e7ok insan\u0131n hayat\u0131nda \u00e7ocukluk a\u015fklar\u0131 \u00f6nemli bir yer etmi\u015ftir. \u00c7ocukluklar\u0131nda ve ilk gen\u00e7lik y\u0131llar\u0131nda birbirlerine s\u0131r\u0131ls\u0131klam \u00e2\u015f\u0131k olup da evlenemeyen nice insan vard\u0131r. Genellikle aile<span class=\"excerpt-hellip\"> [\u2026]<\/span><\/p>\n","protected":false},"featured_media":0,"template":"","meta":{"_monsterinsights_skip_tracking":false,"_monsterinsights_sitenote_active":false,"_monsterinsights_sitenote_note":"","_monsterinsights_sitenote_category":0},"product_brand":[],"product_cat":[12291,12711],"product_tag":[],"class_list":{"0":"post-770282","1":"product","2":"type-product","3":"status-publish","5":"product_cat-edebiyat","6":"product_cat-roman-oyku","7":"pa_cilt-ciltsiz","8":"pa_tur-kitap","9":"pa_yayinevi-kamutay-yayinlari","10":"pa_yazar-sener-danyildiz","12":"first","13":"instock","14":"sale","15":"shipping-taxable","16":"purchasable","17":"product-type-simple"},"_links":{"self":[{"href":"https:\/\/roveyayinevi.com.tr\/index.php\/wp-json\/wp\/v2\/product\/770282","targetHints":{"allow":["GET"]}}],"collection":[{"href":"https:\/\/roveyayinevi.com.tr\/index.php\/wp-json\/wp\/v2\/product"}],"about":[{"href":"https:\/\/roveyayinevi.com.tr\/index.php\/wp-json\/wp\/v2\/types\/product"}],"wp:attachment":[{"href":"https:\/\/roveyayinevi.com.tr\/index.php\/wp-json\/wp\/v2\/media?parent=770282"}],"wp:term":[{"taxonomy":"product_brand","embeddable":true,"href":"https:\/\/roveyayinevi.com.tr\/index.php\/wp-json\/wp\/v2\/product_brand?post=770282"},{"taxonomy":"product_cat","embeddable":true,"href":"https:\/\/roveyayinevi.com.tr\/index.php\/wp-json\/wp\/v2\/product_cat?post=770282"},{"taxonomy":"product_tag","embeddable":true,"href":"https:\/\/roveyayinevi.com.tr\/index.php\/wp-json\/wp\/v2\/product_tag?post=770282"}],"curies":[{"name":"wp","href":"https:\/\/api.w.org\/{rel}","templated":true}]}}