{"id":770278,"date":"2025-08-28T14:24:08","date_gmt":"2025-08-28T11:24:08","guid":{"rendered":"https:\/\/roveyayinevi.com.tr\/index.php\/urun\/giresun-siir-antolojisi\/"},"modified":"2026-03-12T03:33:46","modified_gmt":"2026-03-12T00:33:46","slug":"giresun-siir-antolojisi","status":"publish","type":"product","link":"https:\/\/roveyayinevi.com.tr\/index.php\/urun\/giresun-siir-antolojisi\/","title":{"rendered":"Giresun \u015eiir Antolojisi"},"content":{"rendered":"<p>\u00abbiz bu \u015fehirde ya\u015farken; s\u0131rt\u0131m\u0131z\u0131 yaslad\u0131k yal\u00e7\u0131n da\u011flara, denize naz\u0131rd\u0131 g\u00f6zlerimiz hep, mart\u0131 seslerini dinledik \u015fafaklarda\u2026 hisli bir y\u00fcrek olup ta\u015farken; dilimizde bir memleket t\u00fcrk\u00fcs\u00fc, elimizde k\u00e2\u011f\u0131t, kalem, m\u00fcrekkep\u2026\u00bb   Bu kitap, Giresun k\u00f6kenli ya da bu \u015fehrin ikliminde ya\u015fam\u0131\u015f 23 \u015fairin g\u00f6n\u00fcl na\u011fmelerini bir araya getiren ender se\u00e7kilerden biridir. <\/p>\n","protected":false},"excerpt":{"rendered":"<p>\u00abbiz bu \u015fehirde ya\u015farken; s\u0131rt\u0131m\u0131z\u0131 yaslad\u0131k yal\u00e7\u0131n da\u011flara, denize naz\u0131rd\u0131 g\u00f6zlerimiz hep, mart\u0131 seslerini dinledik \u015fafaklarda\u2026 hisli bir y\u00fcrek olup ta\u015farken; dilimizde bir memleket t\u00fcrk\u00fcs\u00fc, elimizde<span class=\"excerpt-hellip\"> [\u2026]<\/span><\/p>\n","protected":false},"featured_media":0,"template":"","meta":{"_monsterinsights_skip_tracking":false,"_monsterinsights_sitenote_active":false,"_monsterinsights_sitenote_note":"","_monsterinsights_sitenote_category":0},"product_brand":[],"product_cat":[12291,12509],"product_tag":[],"class_list":{"0":"post-770278","1":"product","2":"type-product","3":"status-publish","5":"product_cat-edebiyat","6":"product_cat-siir","7":"pa_cilt-ciltsiz","8":"pa_tur-kitap","9":"pa_yayinevi-halbuki-yayinlari","10":"pa_yazar-kolektif","12":"first","13":"instock","14":"sale","15":"shipping-taxable","16":"purchasable","17":"product-type-simple"},"_links":{"self":[{"href":"https:\/\/roveyayinevi.com.tr\/index.php\/wp-json\/wp\/v2\/product\/770278","targetHints":{"allow":["GET"]}}],"collection":[{"href":"https:\/\/roveyayinevi.com.tr\/index.php\/wp-json\/wp\/v2\/product"}],"about":[{"href":"https:\/\/roveyayinevi.com.tr\/index.php\/wp-json\/wp\/v2\/types\/product"}],"wp:attachment":[{"href":"https:\/\/roveyayinevi.com.tr\/index.php\/wp-json\/wp\/v2\/media?parent=770278"}],"wp:term":[{"taxonomy":"product_brand","embeddable":true,"href":"https:\/\/roveyayinevi.com.tr\/index.php\/wp-json\/wp\/v2\/product_brand?post=770278"},{"taxonomy":"product_cat","embeddable":true,"href":"https:\/\/roveyayinevi.com.tr\/index.php\/wp-json\/wp\/v2\/product_cat?post=770278"},{"taxonomy":"product_tag","embeddable":true,"href":"https:\/\/roveyayinevi.com.tr\/index.php\/wp-json\/wp\/v2\/product_tag?post=770278"}],"curies":[{"name":"wp","href":"https:\/\/api.w.org\/{rel}","templated":true}]}}