{"id":770277,"date":"2025-08-28T14:24:06","date_gmt":"2025-08-28T11:24:06","guid":{"rendered":"https:\/\/roveyayinevi.com.tr\/index.php\/urun\/uzak-dur-dunya\/"},"modified":"2026-03-12T03:33:45","modified_gmt":"2026-03-12T00:33:45","slug":"uzak-dur-dunya","status":"publish","type":"product","link":"https:\/\/roveyayinevi.com.tr\/index.php\/urun\/uzak-dur-dunya\/","title":{"rendered":"Uzak Dur D\u00fcnya"},"content":{"rendered":"<p>Uzak dur d\u00fcnya! Ka\u00e7\u0131nc\u0131 tekbirle atlatt\u0131m seni? Ka\u00e7\u0131nc\u0131 vebale t\u00f6vbeler \u00e7ektim? \u201c\u00d6n\u00fcmden \u00e7\u0131k, ard\u0131mda dur!\u201d Demediysem, diyecektim\u2026 <\/p>\n","protected":false},"excerpt":{"rendered":"<p>Uzak dur d\u00fcnya! Ka\u00e7\u0131nc\u0131 tekbirle atlatt\u0131m seni? Ka\u00e7\u0131nc\u0131 vebale t\u00f6vbeler \u00e7ektim? \u201c\u00d6n\u00fcmden \u00e7\u0131k, ard\u0131mda dur!\u201d Demediysem, diyecektim\u2026<\/p>\n","protected":false},"featured_media":0,"template":"","meta":{"_monsterinsights_skip_tracking":false,"_monsterinsights_sitenote_active":false,"_monsterinsights_sitenote_note":"","_monsterinsights_sitenote_category":0},"product_brand":[],"product_cat":[12291,12509],"product_tag":[],"class_list":{"0":"post-770277","1":"product","2":"type-product","3":"status-publish","5":"product_cat-edebiyat","6":"product_cat-siir","7":"pa_cilt-ciltsiz","8":"pa_tur-kitap","9":"pa_yayinevi-halbuki-yayinlari","10":"pa_yazar-olgun-albayrak","12":"first","13":"instock","14":"sale","15":"shipping-taxable","16":"purchasable","17":"product-type-simple"},"_links":{"self":[{"href":"https:\/\/roveyayinevi.com.tr\/index.php\/wp-json\/wp\/v2\/product\/770277","targetHints":{"allow":["GET"]}}],"collection":[{"href":"https:\/\/roveyayinevi.com.tr\/index.php\/wp-json\/wp\/v2\/product"}],"about":[{"href":"https:\/\/roveyayinevi.com.tr\/index.php\/wp-json\/wp\/v2\/types\/product"}],"wp:attachment":[{"href":"https:\/\/roveyayinevi.com.tr\/index.php\/wp-json\/wp\/v2\/media?parent=770277"}],"wp:term":[{"taxonomy":"product_brand","embeddable":true,"href":"https:\/\/roveyayinevi.com.tr\/index.php\/wp-json\/wp\/v2\/product_brand?post=770277"},{"taxonomy":"product_cat","embeddable":true,"href":"https:\/\/roveyayinevi.com.tr\/index.php\/wp-json\/wp\/v2\/product_cat?post=770277"},{"taxonomy":"product_tag","embeddable":true,"href":"https:\/\/roveyayinevi.com.tr\/index.php\/wp-json\/wp\/v2\/product_tag?post=770277"}],"curies":[{"name":"wp","href":"https:\/\/api.w.org\/{rel}","templated":true}]}}