{"id":770276,"date":"2025-08-28T14:24:04","date_gmt":"2025-08-28T11:24:04","guid":{"rendered":"https:\/\/roveyayinevi.com.tr\/index.php\/urun\/yuzlesiyorum\/"},"modified":"2026-03-12T03:33:45","modified_gmt":"2026-03-12T00:33:45","slug":"yuzlesiyorum","status":"publish","type":"product","link":"https:\/\/roveyayinevi.com.tr\/index.php\/urun\/yuzlesiyorum\/","title":{"rendered":"Y\u00fczle\u015fiyorum"},"content":{"rendered":"<p>Sosyal medyan\u0131n bu denli geli\u015fmedi\u011fi, haberle\u015fmenin telefon, telgraf ve zarflarla yap\u0131ld\u0131\u011f\u0131 y\u0131llarda mektuplar dostluk, arkada\u015fl\u0131k, tan\u0131\u015fma, i\u00e7tenlik ve sevgiydi. \u0130nsanlar, mektuplarda birbirine dertlerini, sevin\u00e7lerini anlat\u0131rd\u0131&#8230; Burada anlatt\u0131\u011f\u0131m \u015fair ve yazarlar\u0131n hem hayatlar\u0131 hem de eserleri hakk\u0131nda bilgiler edineceksiniz. Bu usta kalemleri anlat\u0131rken kuru biyografik bilgiler yerine onlar\u0131n ruh d\u00fcnyamdaki yans\u0131malar\u0131n\u0131 g\u00f6receksiniz. Bu eser bir nevi burada zikredilen isimlerin hayatlar\u0131n\u0131 ve yer yer eserlerini tahlilden ibarettir. Kolay okunsun diye mektup tarz\u0131nda kaleme ald\u0131m. B\u00f6ylece okuyucu kitab\u0131 okurken, sanki yazara bu mektubu kendisi yazm\u0131\u015f hissi edinecektir <\/p>\n","protected":false},"excerpt":{"rendered":"<p>Sosyal medyan\u0131n bu denli geli\u015fmedi\u011fi, haberle\u015fmenin telefon, telgraf ve zarflarla yap\u0131ld\u0131\u011f\u0131 y\u0131llarda mektuplar dostluk, arkada\u015fl\u0131k, tan\u0131\u015fma, i\u00e7tenlik ve sevgiydi. \u0130nsanlar, mektuplarda birbirine dertlerini, sevin\u00e7lerini anlat\u0131rd\u0131&#8230; Burada<span class=\"excerpt-hellip\"> [\u2026]<\/span><\/p>\n","protected":false},"featured_media":0,"template":"","meta":{"_monsterinsights_skip_tracking":false,"_monsterinsights_sitenote_active":false,"_monsterinsights_sitenote_note":"","_monsterinsights_sitenote_category":0},"product_brand":[],"product_cat":[13072,12291],"product_tag":[],"class_list":{"0":"post-770276","1":"product","2":"type-product","3":"status-publish","5":"product_cat-arastirma-inceleme-referans","6":"product_cat-edebiyat","7":"pa_cilt-ciltsiz","8":"pa_tur-kitap","9":"pa_yayinevi-halbuki-yayinlari","10":"pa_yazar-mehmet-kurtoglu","12":"first","13":"instock","14":"sale","15":"shipping-taxable","16":"purchasable","17":"product-type-simple"},"_links":{"self":[{"href":"https:\/\/roveyayinevi.com.tr\/index.php\/wp-json\/wp\/v2\/product\/770276","targetHints":{"allow":["GET"]}}],"collection":[{"href":"https:\/\/roveyayinevi.com.tr\/index.php\/wp-json\/wp\/v2\/product"}],"about":[{"href":"https:\/\/roveyayinevi.com.tr\/index.php\/wp-json\/wp\/v2\/types\/product"}],"wp:attachment":[{"href":"https:\/\/roveyayinevi.com.tr\/index.php\/wp-json\/wp\/v2\/media?parent=770276"}],"wp:term":[{"taxonomy":"product_brand","embeddable":true,"href":"https:\/\/roveyayinevi.com.tr\/index.php\/wp-json\/wp\/v2\/product_brand?post=770276"},{"taxonomy":"product_cat","embeddable":true,"href":"https:\/\/roveyayinevi.com.tr\/index.php\/wp-json\/wp\/v2\/product_cat?post=770276"},{"taxonomy":"product_tag","embeddable":true,"href":"https:\/\/roveyayinevi.com.tr\/index.php\/wp-json\/wp\/v2\/product_tag?post=770276"}],"curies":[{"name":"wp","href":"https:\/\/api.w.org\/{rel}","templated":true}]}}