{"id":770271,"date":"2025-08-28T14:23:54","date_gmt":"2025-08-28T11:23:54","guid":{"rendered":"https:\/\/roveyayinevi.com.tr\/index.php\/urun\/kesik\/"},"modified":"2026-04-15T03:36:36","modified_gmt":"2026-04-15T00:36:36","slug":"kesik","status":"publish","type":"product","link":"https:\/\/roveyayinevi.com.tr\/index.php\/urun\/kesik\/","title":{"rendered":"Kesik"},"content":{"rendered":"<p>EN SON NE ZAMAN B\u0130R CESED\u0130 KES\u0130P A\u00c7TINIZ? H\u0130\u00c7B\u0130R ZAMAN MI?   O ZAMAN VAKT\u0130 GELM\u0130\u015e DEMEKT\u0130R.   Sebastian Fitzek ve Michael Tsokos.  Bir gerilim yazar\u0131 ve bir adli t\u0131p uzman\u0131.  \u0130kisi de i\u015flerinde usta.  Sonu\u00e7 ise usta i\u015fi bir roman.    Adli t\u0131p uzman\u0131 Paul Herzfeld canice kafas\u0131 kesilmi\u015f bir kurban\u0131n kafatas\u0131n\u0131n i\u00e7inde k\u0131z\u0131n\u0131n ismi ve bir telefon numaras\u0131 bulunan bir kaps\u00fcl bulur. K\u0131z\u0131 Hannah ka\u00e7\u0131r\u0131lm\u0131\u015ft\u0131r ve o andan itibaren Herzfeld sapk\u0131n bir kedi fare av\u0131n\u0131n i\u00e7ine \u00e7ekilir. \u00dcstelik psikopat katil onun i\u00e7in Helgoland\u2019da ba\u015fka bir ipucunu i\u00e7eren bir ceset daha b\u0131rakm\u0131\u015ft\u0131r.    Ancak Herzfeld\u2019in bu cesede ula\u015fma \u015fans\u0131 yoktur \u00e7\u00fcnk\u00fc Helgoland adas\u0131na gidi\u015f geli\u015fler f\u0131rt\u0131na nedeniyle durdurulmu\u015f ve adan\u0131n b\u00fcy\u00fck \u00e7o\u011funlu\u011fu tahliye edilmi\u015ftir. Adada kalan az say\u0131da ki\u015fiden biri olan \u00e7izgi roman \u00e7izeri Linda, kayal\u0131klara vurmu\u015f cesedin \u00fczerinde bir cep telefonu bulur ve Herzfeld\u2019e ula\u015f\u0131r. Herzfeld \u00e7aresizce Linda\u2019y\u0131 verece\u011fi talimatlarla cesedin otopsisini ger\u00e7ekle\u015ftirmeye ikna etmeye \u00e7al\u0131\u015f\u0131r. Linda ise hayat\u0131nda bir ne\u015ftere bile dokunmam\u0131\u015ft\u0131r, hele bir cesede otopsi yapmas\u0131 en korkun\u00e7 r\u00fcyalar\u0131nda bile g\u00f6remeyece\u011fi bir \u015feydir.    Paul Herzfeld sonunda adadaki klini\u011fe ula\u015ft\u0131\u011f\u0131nda hayat\u0131 tehlikede olan tek ki\u015finin, k\u0131z\u0131 olmad\u0131\u011f\u0131n\u0131 fark edecektir\u2026      \u201cAdli t\u0131p doktoru Tsokos\u2019un bilgileri ile pop\u00fcler romanc\u0131 Fitzek\u2019in hayal g\u00fcc\u00fc bir araya geldi\u011finde ortaya insan\u0131 deli eden s\u00fcr\u00fckleyicilikte bir gerilim roman\u0131 \u00e7\u0131km\u0131\u015f.\u201d Express\u201cFitzek ve Tsokos\u2019un roman\u0131, i\u00e7inde s\u00fcrprizler olan grotesk bir Kinder yumurtas\u0131 gibi.\u201d Le Point   \u201cGerilimin derinliklerine inmekten korkmayan bir roman.\u201d Stern   \u201cFitzek, okurun korkular\u0131yla oynamay\u0131 iyi biliyor. Okumaya bir ba\u015flad\u0131\u011f\u0131n\u0131zda, katlanma g\u00fcc\u00fcn\u00fcz\u00fcn s\u0131n\u0131r\u0131na bile gelseniz kitab\u0131 elinizden b\u0131rakam\u0131yorsunuz.\u201d rbb   \u201cKesik ba\u015f\u0131ndan sonuna kadar insan\u0131 etkisi alt\u0131na alan, s\u00fcrprizlerle dolu ve y\u00fcksek tempolu bir gerilim roman\u0131.\u201d Krimi-couch \u201c\u0130nsan\u0131 ele ge\u00e7iren bir roman. Bu kitab\u0131 ger\u00e7ekten elimden b\u0131rakamad\u0131m ve iki g\u00fcnde bitirdim.\u201d \u201cNDR Talkshow\u201d, NDR   \u201cMachiavelli\u2019ye yara\u015f\u0131r bir kurgu.\u201d ZDF   <\/p>\n","protected":false},"excerpt":{"rendered":"<p>EN SON NE ZAMAN B\u0130R CESED\u0130 KES\u0130P A\u00c7TINIZ? H\u0130\u00c7B\u0130R ZAMAN MI? O ZAMAN VAKT\u0130 GELM\u0130\u015e DEMEKT\u0130R. Sebastian Fitzek ve Michael Tsokos. Bir gerilim yazar\u0131 ve bir<span class=\"excerpt-hellip\"> [\u2026]<\/span><\/p>\n","protected":false},"featured_media":0,"template":"","meta":{"_monsterinsights_skip_tracking":false,"_monsterinsights_sitenote_active":false,"_monsterinsights_sitenote_note":"","_monsterinsights_sitenote_category":0},"product_brand":[],"product_cat":[12291,17033],"product_tag":[],"class_list":{"0":"post-770271","1":"product","2":"type-product","3":"status-publish","5":"product_cat-edebiyat","6":"product_cat-korku-gerilim","7":"pa_cilt-ciltsiz","8":"pa_tur-kitap","9":"pa_yayinevi-pegasus-yayinlari","10":"pa_yazar-sebastian-fitzek-michael-tsokos","12":"first","13":"instock","14":"sale","15":"shipping-taxable","16":"purchasable","17":"product-type-simple"},"_links":{"self":[{"href":"https:\/\/roveyayinevi.com.tr\/index.php\/wp-json\/wp\/v2\/product\/770271","targetHints":{"allow":["GET"]}}],"collection":[{"href":"https:\/\/roveyayinevi.com.tr\/index.php\/wp-json\/wp\/v2\/product"}],"about":[{"href":"https:\/\/roveyayinevi.com.tr\/index.php\/wp-json\/wp\/v2\/types\/product"}],"wp:attachment":[{"href":"https:\/\/roveyayinevi.com.tr\/index.php\/wp-json\/wp\/v2\/media?parent=770271"}],"wp:term":[{"taxonomy":"product_brand","embeddable":true,"href":"https:\/\/roveyayinevi.com.tr\/index.php\/wp-json\/wp\/v2\/product_brand?post=770271"},{"taxonomy":"product_cat","embeddable":true,"href":"https:\/\/roveyayinevi.com.tr\/index.php\/wp-json\/wp\/v2\/product_cat?post=770271"},{"taxonomy":"product_tag","embeddable":true,"href":"https:\/\/roveyayinevi.com.tr\/index.php\/wp-json\/wp\/v2\/product_tag?post=770271"}],"curies":[{"name":"wp","href":"https:\/\/api.w.org\/{rel}","templated":true}]}}