{"id":770268,"date":"2025-08-28T14:23:47","date_gmt":"2025-08-28T11:23:47","guid":{"rendered":"https:\/\/roveyayinevi.com.tr\/index.php\/urun\/fihi-ma-fih-3\/"},"modified":"2026-04-15T03:36:36","modified_gmt":"2026-04-15T00:36:36","slug":"fihi-ma-fih-3","status":"publish","type":"product","link":"https:\/\/roveyayinevi.com.tr\/index.php\/urun\/fihi-ma-fih-3\/","title":{"rendered":"Fihi Ma Fih"},"content":{"rendered":"<p>\u00c7evirisi sunulan F\u00eehi m\u00e2 f\u00eeh, Mevl\u00e2n\u00e2 Cel\u00e2ledd\u00een-i R\u00fbm\u00ee\u2019nin meclislerinde tutulan notlar\u0131n bir araya getirilmesiyle meydana gelmi\u015ftir. Arap\u00e7a birka\u00e7 b\u00f6l\u00fcm d\u0131\u015f\u0131nda eserin t\u00fcm\u00fc Fars\u00e7a, yani Der\u00ee Fars\u00e7as\u0131d\u0131r (F\u00e2rs\u00ee-yi Der\u00ee). \u00c2yetlerle, hadislerle, kel\u00e2m-\u0131 kibarla desteklenen konu\u015fmalar\u0131n as\u0131l zemini tasavvuftur. S\u0131kl\u0131kla vahdet-i v\u00fccud felsefesine, mant\u0131k problemlerine yer verilmi\u015f, bazen tarih\u00ee olaylara de\u011finilmi\u015ftir. Bunlar\u0131n ba\u015f\u0131nda Mo\u011follar ile ilgili g\u00f6r\u00fc\u015fler gelir. Mevl\u00e2n\u00e2\u2019n\u0131n bu eserdeki temel vasf\u0131 bir konuyu \u00e2yet, hadis, hik\u00e2ye ve bol \u00f6rnekle desteklemesidir. Bazen kendi hayat\u0131 hakk\u0131nda da bilgi vermi\u015f, \u015fiir hakk\u0131ndaki g\u00f6r\u00fc\u015f\u00fcn\u00fc a\u00e7\u0131klam\u0131\u015ft\u0131r. <\/p>\n","protected":false},"excerpt":{"rendered":"<p>\u00c7evirisi sunulan F\u00eehi m\u00e2 f\u00eeh, Mevl\u00e2n\u00e2 Cel\u00e2ledd\u00een-i R\u00fbm\u00ee\u2019nin meclislerinde tutulan notlar\u0131n bir araya getirilmesiyle meydana gelmi\u015ftir. Arap\u00e7a birka\u00e7 b\u00f6l\u00fcm d\u0131\u015f\u0131nda eserin t\u00fcm\u00fc Fars\u00e7a, yani Der\u00ee Fars\u00e7as\u0131d\u0131r<span class=\"excerpt-hellip\"> [\u2026]<\/span><\/p>\n","protected":false},"featured_media":0,"template":"","meta":{"_monsterinsights_skip_tracking":false,"_monsterinsights_sitenote_active":false,"_monsterinsights_sitenote_note":"","_monsterinsights_sitenote_category":0},"product_brand":[],"product_cat":[12718,12719,15238],"product_tag":[],"class_list":{"0":"post-770268","1":"product","2":"type-product","3":"status-publish","5":"product_cat-din","6":"product_cat-islam","7":"product_cat-tasavvuf","8":"pa_cilt-ciltsiz","9":"pa_tur-kitap","10":"pa_yayinevi-bilge-kultur-sanat","11":"pa_yazar-mevlana-celaleddin-i-rumi","13":"first","14":"instock","15":"sale","16":"shipping-taxable","17":"purchasable","18":"product-type-simple"},"_links":{"self":[{"href":"https:\/\/roveyayinevi.com.tr\/index.php\/wp-json\/wp\/v2\/product\/770268","targetHints":{"allow":["GET"]}}],"collection":[{"href":"https:\/\/roveyayinevi.com.tr\/index.php\/wp-json\/wp\/v2\/product"}],"about":[{"href":"https:\/\/roveyayinevi.com.tr\/index.php\/wp-json\/wp\/v2\/types\/product"}],"wp:attachment":[{"href":"https:\/\/roveyayinevi.com.tr\/index.php\/wp-json\/wp\/v2\/media?parent=770268"}],"wp:term":[{"taxonomy":"product_brand","embeddable":true,"href":"https:\/\/roveyayinevi.com.tr\/index.php\/wp-json\/wp\/v2\/product_brand?post=770268"},{"taxonomy":"product_cat","embeddable":true,"href":"https:\/\/roveyayinevi.com.tr\/index.php\/wp-json\/wp\/v2\/product_cat?post=770268"},{"taxonomy":"product_tag","embeddable":true,"href":"https:\/\/roveyayinevi.com.tr\/index.php\/wp-json\/wp\/v2\/product_tag?post=770268"}],"curies":[{"name":"wp","href":"https:\/\/api.w.org\/{rel}","templated":true}]}}