{"id":770267,"date":"2025-08-28T14:23:44","date_gmt":"2025-08-28T11:23:44","guid":{"rendered":"https:\/\/roveyayinevi.com.tr\/index.php\/urun\/kararsiz\/"},"modified":"2026-04-15T03:36:36","modified_gmt":"2026-04-15T00:36:36","slug":"kararsiz","status":"publish","type":"product","link":"https:\/\/roveyayinevi.com.tr\/index.php\/urun\/kararsiz\/","title":{"rendered":"Karars\u0131z"},"content":{"rendered":"<p>\u201cBu kitab\u0131 elinizden b\u0131rakamayacak ve son sayfay\u0131 \u00e7evirdikten sonra bile akl\u0131n\u0131zdan \u00e7\u0131karamayacaks\u0131n\u0131z.\u201d \u2013Bal Khabra, \u00c7arp\u0131\u015fma\u2019n\u0131n \u00c7oksatan Yazar\u0131   Rhys Koteskiy geri d\u00f6nm\u00fc\u015ft\u00fc ya da en az\u0131ndan deniyordu. Hokey tak\u0131m\u0131n\u0131n kaptan\u0131 ve gelece\u011fin y\u0131ld\u0131z oyuncusu Rhys, beyin sars\u0131nt\u0131s\u0131 ge\u00e7irmesine neden olan sert bir darbe alm\u0131\u015ft\u0131. H\u0131zla iyile\u015fmesine ra\u011fmen piste ad\u0131m\u0131n\u0131 att\u0131\u011f\u0131 anda onu ele ge\u00e7iren panik ataklara bir t\u00fcrl\u00fc \u00e7\u00f6z\u00fcm bulam\u0131yordu. Sezon ba\u015flamadan \u00f6nce tek ba\u015f\u0131na antrenman yapmak i\u00e7in piste gitti\u011finde ise\u2026 yaln\u0131z olmad\u0131\u011f\u0131n\u0131 g\u00f6rd\u00fc. Sadie Brown ba\u015far\u0131l\u0131 olmak zorundayd\u0131 yoksa ailesi da\u011f\u0131lacakt\u0131. Bitmeyen bor\u00e7lar, k\u00fc\u00e7\u00fck karde\u015flerini kaybetme korkusu ve paten antrenmanlar\u0131 aras\u0131nda bo\u011fulan Sadie, ertesi g\u00fcn\u00fc sa\u011f salim atlatmaktan \u00f6tesini d\u00fc\u015f\u00fcnemiyordu. Nefes alabildi\u011fi tek yer olan buz pistinde, da\u011f\u0131lm\u0131\u015f durumdaki Rhys\u2019le kar\u015f\u0131la\u015fmay\u0131 ise hi\u00e7 beklemiyordu. Aralar\u0131nda kurulan bu \u00f6zel ili\u015fkide soru sormak ya da yar\u0131n\u0131 d\u00fc\u015f\u00fcnmek yoktu. Baz\u0131 yaralar kolay iyile\u015fmezdi ama umuda tutunmak i\u00e7in iki ki\u015fi yeterdi. <\/p>\n","protected":false},"excerpt":{"rendered":"<p>\u201cBu kitab\u0131 elinizden b\u0131rakamayacak ve son sayfay\u0131 \u00e7evirdikten sonra bile akl\u0131n\u0131zdan \u00e7\u0131karamayacaks\u0131n\u0131z.\u201d \u2013Bal Khabra, \u00c7arp\u0131\u015fma\u2019n\u0131n \u00c7oksatan Yazar\u0131 Rhys Koteskiy geri d\u00f6nm\u00fc\u015ft\u00fc ya da en az\u0131ndan deniyordu.<span class=\"excerpt-hellip\"> [\u2026]<\/span><\/p>\n","protected":false},"featured_media":0,"template":"","meta":{"_monsterinsights_skip_tracking":false,"_monsterinsights_sitenote_active":false,"_monsterinsights_sitenote_note":"","_monsterinsights_sitenote_category":0},"product_brand":[],"product_cat":[12291,12711],"product_tag":[],"class_list":{"0":"post-770267","1":"product","2":"type-product","3":"status-publish","5":"product_cat-edebiyat","6":"product_cat-roman-oyku","7":"pa_cilt-ciltsiz","8":"pa_tur-kitap","9":"pa_yayinevi-nox-yayinlari","10":"pa_yazar-peyton-corinne","12":"first","13":"instock","14":"sale","15":"shipping-taxable","16":"purchasable","17":"product-type-simple"},"_links":{"self":[{"href":"https:\/\/roveyayinevi.com.tr\/index.php\/wp-json\/wp\/v2\/product\/770267","targetHints":{"allow":["GET"]}}],"collection":[{"href":"https:\/\/roveyayinevi.com.tr\/index.php\/wp-json\/wp\/v2\/product"}],"about":[{"href":"https:\/\/roveyayinevi.com.tr\/index.php\/wp-json\/wp\/v2\/types\/product"}],"wp:attachment":[{"href":"https:\/\/roveyayinevi.com.tr\/index.php\/wp-json\/wp\/v2\/media?parent=770267"}],"wp:term":[{"taxonomy":"product_brand","embeddable":true,"href":"https:\/\/roveyayinevi.com.tr\/index.php\/wp-json\/wp\/v2\/product_brand?post=770267"},{"taxonomy":"product_cat","embeddable":true,"href":"https:\/\/roveyayinevi.com.tr\/index.php\/wp-json\/wp\/v2\/product_cat?post=770267"},{"taxonomy":"product_tag","embeddable":true,"href":"https:\/\/roveyayinevi.com.tr\/index.php\/wp-json\/wp\/v2\/product_tag?post=770267"}],"curies":[{"name":"wp","href":"https:\/\/api.w.org\/{rel}","templated":true}]}}