{"id":770266,"date":"2025-08-28T14:23:43","date_gmt":"2025-08-28T11:23:43","guid":{"rendered":"https:\/\/roveyayinevi.com.tr\/index.php\/urun\/mecalis-i-seba\/"},"modified":"2026-04-15T03:36:36","modified_gmt":"2026-04-15T00:36:36","slug":"mecalis-i-seba","status":"publish","type":"product","link":"https:\/\/roveyayinevi.com.tr\/index.php\/urun\/mecalis-i-seba\/","title":{"rendered":"Mecalis-i Seb\u2019a"},"content":{"rendered":"<p>Mevl\u00e2n\u00e2&#8217;n\u0131n &#8220;meclis&#8221; denilen yedi vaaz\u0131n\u0131n kayda ge\u00e7irilmi\u015f \u015feklinden ibaret olan Mec\u00e2lis-i Seb\u2018a, her b\u00f6l\u00fcmde bir hadisin i\u015flendi\u011fi, Kur&#8217;\u00e2n&#8217;dan \u00e2yetlerle, \u015fiirlerle, hik\u00e2yelerle desteklendi\u011fi edeb\u00ee bir eserdir. \u015eiirlerin kaynaklar\u0131n\u0131 a\u011f\u0131rl\u0131kl\u0131 olarak Mesnev\u00ee, K\u00fclliy\u00e2t-\u0131 \u015eems, Sen\u00e2y\u00ee&#8217;nin Divan&#8217;\u0131 ve Had\u00eeka&#8217;s\u0131, Attar&#8217;\u0131n Divan&#8217;\u0131, Nizam\u00ee&#8217;nin Leyl\u00ee yu Mecnun&#8217;u olu\u015fturur.      Anlat\u0131lan hik\u00e2yeler ilk be\u015f meclistedir. K\u0131sal\u0131, uzunlu bu hik\u00e2yeler aras\u0131nda birinci mecliste yerini bulan Bers\u00eesa hik\u00e2yesi \u00e2deta bir film senaryosunun \u00f6zeti \u015feklindedir. Mevl\u00e2n\u00e2 bu eserinde de yaln\u0131z bir mutasavv\u0131f de\u011fil, ayn\u0131 zamanda iyi bir \u015fair, usta bir hik\u00e2yeci oldu\u011funu g\u00f6zler \u00f6n\u00fcne serer. <\/p>\n","protected":false},"excerpt":{"rendered":"<p>Mevl\u00e2n\u00e2&#8217;n\u0131n &#8220;meclis&#8221; denilen yedi vaaz\u0131n\u0131n kayda ge\u00e7irilmi\u015f \u015feklinden ibaret olan Mec\u00e2lis-i Seb\u2018a, her b\u00f6l\u00fcmde bir hadisin i\u015flendi\u011fi, Kur&#8217;\u00e2n&#8217;dan \u00e2yetlerle, \u015fiirlerle, hik\u00e2yelerle desteklendi\u011fi edeb\u00ee bir eserdir. \u015eiirlerin<span class=\"excerpt-hellip\"> [\u2026]<\/span><\/p>\n","protected":false},"featured_media":0,"template":"","meta":{"_monsterinsights_skip_tracking":false,"_monsterinsights_sitenote_active":false,"_monsterinsights_sitenote_note":"","_monsterinsights_sitenote_category":0},"product_brand":[],"product_cat":[12718,12719,15238],"product_tag":[],"class_list":{"0":"post-770266","1":"product","2":"type-product","3":"status-publish","5":"product_cat-din","6":"product_cat-islam","7":"product_cat-tasavvuf","8":"pa_cilt-ciltsiz","9":"pa_tur-kitap","10":"pa_yayinevi-bilge-kultur-sanat","11":"pa_yazar-mevlana-celaleddin-i-rumi","13":"first","14":"instock","15":"sale","16":"shipping-taxable","17":"purchasable","18":"product-type-simple"},"_links":{"self":[{"href":"https:\/\/roveyayinevi.com.tr\/index.php\/wp-json\/wp\/v2\/product\/770266","targetHints":{"allow":["GET"]}}],"collection":[{"href":"https:\/\/roveyayinevi.com.tr\/index.php\/wp-json\/wp\/v2\/product"}],"about":[{"href":"https:\/\/roveyayinevi.com.tr\/index.php\/wp-json\/wp\/v2\/types\/product"}],"wp:attachment":[{"href":"https:\/\/roveyayinevi.com.tr\/index.php\/wp-json\/wp\/v2\/media?parent=770266"}],"wp:term":[{"taxonomy":"product_brand","embeddable":true,"href":"https:\/\/roveyayinevi.com.tr\/index.php\/wp-json\/wp\/v2\/product_brand?post=770266"},{"taxonomy":"product_cat","embeddable":true,"href":"https:\/\/roveyayinevi.com.tr\/index.php\/wp-json\/wp\/v2\/product_cat?post=770266"},{"taxonomy":"product_tag","embeddable":true,"href":"https:\/\/roveyayinevi.com.tr\/index.php\/wp-json\/wp\/v2\/product_tag?post=770266"}],"curies":[{"name":"wp","href":"https:\/\/api.w.org\/{rel}","templated":true}]}}